{"id":24692,"date":"2025-07-12T01:19:32","date_gmt":"2025-07-11T22:19:32","guid":{"rendered":"https:\/\/www.makitamarket.com.tr\/site\/urun\/knipex-8721300-knipex-87-21-300\/"},"modified":"2026-04-06T18:22:41","modified_gmt":"2026-04-06T15:22:41","slug":"knipex-8721300-knipex-87-21-300","status":"publish","type":"product","link":"https:\/\/www.makitamarket.com.tr\/site\/urun\/knipex-8721300-knipex-87-21-300\/","title":{"rendered":"Knipex 8721300 KNIPEX 87 21 300"},"content":{"rendered":"<ol>\n<li data-list=\"bullet\"><span class=\"ql-ui\" contenteditable=\"false\"><\/span><span style=\"color: rgb(0, 79, 159); background-color: rgb(255, 255, 255);\">&nbsp;Tam a\u00e7\u0131n, kapat\u0131n, kavray\u0131n!<\/span><\/li>\n<li data-list=\"bullet\"><span class=\"ql-ui\" contenteditable=\"false\"><\/span><span style=\"color: rgb(0, 79, 159); background-color: rgb(255, 255, 255);\">&nbsp;\u0130\u015f par\u00e7as\u0131na do\u011fru kayd\u0131rarak h\u0131zl\u0131 kavrama<\/span><\/li>\n<li data-list=\"bullet\"><span class=\"ql-ui\" contenteditable=\"false\"><\/span><span style=\"color: black; background-color: rgb(255, 255, 255);\">&nbsp;Kendini kan\u0131tlam\u0131\u015f d\u00fc\u011fmeli sisteme ek olarak h\u0131zl\u0131 kapatma fonksiyonu eklenen bu \u00fcst modelle dar alanlara da \u00e7al\u0131\u015fmak daha kolay<\/span><\/li>\n<li data-list=\"bullet\"><span class=\"ql-ui\" contenteditable=\"false\"><\/span><span style=\"color: black; background-color: rgb(255, 255, 255);\">&nbsp;\u0130\u015f par\u00e7as\u0131 \u00fczerinde direkt ayarlama pense sap\u0131n\u0131 iterek kolayca yap\u0131l\u0131r<\/span><\/li>\n<li data-list=\"bullet\"><span class=\"ql-ui\" contenteditable=\"false\"><\/span><span style=\"color: black; background-color: rgb(255, 255, 255);\">&nbsp;Pense \u00e7al\u0131\u015fma par\u00e7as\u0131 \u00fczerinde otomatik \u015fekilde kitlenir ve sadece d\u00fc\u011fmeye basman\u0131zla a\u00e7\u0131l\u0131r<\/span><\/li>\n<li data-list=\"bullet\"><span class=\"ql-ui\" contenteditable=\"false\"><\/span><span style=\"color: black; background-color: rgb(255, 255, 255);\">&nbsp;H\u0131zl\u0131 kapatma fonksiyonunu tekrardan aktifle\u015ftirmek i\u00e7in d\u00fc\u011fmeye bast\u0131r\u0131lmal\u0131 ve pensenin a\u011fz\u0131 sonuna kadar a\u00e7\u0131lmal\u0131<\/span><\/li>\n<li data-list=\"bullet\"><span class=\"ql-ui\" contenteditable=\"false\"><\/span><span style=\"color: black; background-color: rgb(255, 255, 255);\">&nbsp;Borular ve somunlarda kendili\u011finden kelep\u00e7elenme: i\u015f par\u00e7as\u0131nda kayma olmaz, zahmetsiz \u00e7al\u0131\u015fma sa\u011flar<\/span><\/li>\n<li data-list=\"bullet\"><span class=\"ql-ui\" contenteditable=\"false\"><\/span><span style=\"color: black; background-color: rgb(255, 255, 255);\">&nbsp;\u00d6zel sertle\u015ftirilmi\u015f di\u015fli a\u011f\u0131z y\u00fczeyleri, di\u015flerin sertli\u011fi yakl. 61 HRC: A\u015f\u0131nmaya kar\u015f\u0131 y\u00fcksek dayan\u0131kl\u0131l\u0131k sayesinde daima g\u00fcvenli kavrama<\/span><\/li>\n<li data-list=\"bullet\"><span class=\"ql-ui\" contenteditable=\"false\"><\/span><span style=\"color: black; background-color: rgb(255, 255, 255);\">&nbsp;\u0130\u00e7 i\u00e7e ge\u00e7irilmi\u015f mafsal: \u00c7ift k\u0131lavuzlama sayesinde y\u00fcksek dayan\u0131kl\u0131k<\/span><\/li>\n<li data-list=\"bullet\"><span class=\"ql-ui\" contenteditable=\"false\"><\/span><span style=\"color: black; background-color: rgb(255, 255, 255);\">&nbsp;Parmaklar\u0131n s\u0131k\u0131\u015fmas\u0131n\u0131 \u00f6nleyen tasar\u0131ma sahiptir<\/span><\/li>\n<\/ol>\n<p>Boru \u00e7ap\u0131 kapasitesi (\u00e7ap) \u00d8 2 3\/4 \u0130n\u00e7 Somun ve anahtar \u00f6l\u00e7\u00fcs\u00fc kapasitesi 60 mm Boru \u00e7ap\u0131 kapasitesi (\u00e7ap) \u00d8 70 mm<\/p>\n<table>\n<tr>\n<td>\u00d6l\u00e7\u00fcler<\/td>\n<td>300 x 52 x 19 mm<\/td>\n<\/tr>\n<tr>\n<td>A\u011f\u0131rl\u0131k<\/td>\n<td>530 g<\/td>\n<\/tr>\n<\/table>\n","protected":false},"excerpt":{"rendered":"<ol>\n<li data-list=\"bullet\"><span class=\"ql-ui\" contenteditable=\"false\"><\/span><span style=\"color: rgb(0, 79, 159); background-color: rgb(255, 255, 255);\">&nbsp;Tam a\u00e7\u0131n, kapat\u0131n, kavray\u0131n!<\/span><\/li>\n<li data-list=\"bullet\"><span class=\"ql-ui\" contenteditable=\"false\"><\/span><span style=\"color: rgb(0, 79, 159); background-color: rgb(255, 255, 255);\">&nbsp;\u0130\u015f par\u00e7as\u0131na do\u011fru kayd\u0131rarak h\u0131zl\u0131 kavrama<\/span><\/li>\n<li data-list=\"bullet\"><span class=\"ql-ui\" contenteditable=\"false\"><\/span><span style=\"color: black; background-color: rgb(255, 255, 255);\">&nbsp;Kendini kan\u0131tlam\u0131\u015f d\u00fc\u011fmeli sisteme ek olarak h\u0131zl\u0131 kapatma fonksiyonu eklenen bu \u00fcst modelle dar alanlara da \u00e7al\u0131\u015fmak daha kolay<\/span><\/li>\n<li data-list=\"bullet\"><span class=\"ql-ui\" contenteditable=\"false\"><\/span><span style=\"color: black; background-color: rgb(255, 255, 255);\">&nbsp;\u0130\u015f par\u00e7as\u0131 \u00fczerinde direkt ayarlama pense sap\u0131n\u0131 iterek kolayca yap\u0131l\u0131r<\/span><\/li>\n<li data-list=\"bullet\"><span class=\"ql-ui\" contenteditable=\"false\"><\/span><span style=\"color: black; background-color: rgb(255, 255, 255);\">&nbsp;Pense \u00e7al\u0131\u015fma par\u00e7as\u0131 \u00fczerinde otomatik \u015fekilde kitlenir ve sadece d\u00fc\u011fmeye basman\u0131zla a\u00e7\u0131l\u0131r<\/span><\/li>\n<li data-list=\"bullet\"><span class=\"ql-ui\" contenteditable=\"false\"><\/span><span style=\"color: black; background-color: rgb(255, 255, 255);\">&nbsp;H\u0131zl\u0131 kapatma fonksiyonunu tekrardan aktifle\u015ftirmek i\u00e7in d\u00fc\u011fmeye bast\u0131r\u0131lmal\u0131 ve pensenin a\u011fz\u0131 sonuna kadar a\u00e7\u0131lmal\u0131<\/span><\/li>\n<li data-list=\"bullet\"><span class=\"ql-ui\" contenteditable=\"false\"><\/span><span style=\"color: black; background-color: rgb(255, 255, 255);\">&nbsp;Borular ve somunlarda kendili\u011finden kelep\u00e7elenme: i\u015f par\u00e7as\u0131nda kayma olmaz, zahmetsiz \u00e7al\u0131\u015fma sa\u011flar<\/span><\/li>\n<li data-list=\"bullet\"><span class=\"ql-ui\" contenteditable=\"false\"><\/span><span style=\"color: black; background-color: rgb(255, 255, 255);\">&nbsp;\u00d6zel sertle\u015ftirilmi\u015f di\u015fli a\u011f\u0131z y\u00fczeyleri, di\u015flerin sertli\u011fi yakl. 61 HRC: A\u015f\u0131nmaya kar\u015f\u0131 y\u00fcksek dayan\u0131kl\u0131l\u0131k sayesinde daima g\u00fcvenli kavrama<\/span><\/li>\n<li data-list=\"bullet\"><span class=\"ql-ui\" contenteditable=\"false\"><\/span><span style=\"color: black; background-color: rgb(255, 255, 255);\">&nbsp;\u0130\u00e7 i\u00e7e ge\u00e7irilmi\u015f mafsal: \u00c7ift k\u0131lavuzlama sayesinde y\u00fcksek dayan\u0131kl\u0131k<\/span><\/li>\n<li data-list=\"bullet\"><span class=\"ql-ui\" contenteditable=\"false\"><\/span><span style=\"color: black; background-color: rgb(255, 255, 255);\">&nbsp;Parmaklar\u0131n s\u0131k\u0131\u015fmas\u0131n\u0131 \u00f6nleyen tasar\u0131ma sahiptir<\/span><\/li>\n<\/ol>\n<p>Boru \u00e7ap\u0131 kapasitesi (\u00e7ap) \u00d8 2 3\/4 \u0130n\u00e7 Somun ve anahtar \u00f6l\u00e7\u00fcs\u00fc kapasitesi 60 mm Boru \u00e7ap\u0131 kapasitesi (\u00e7ap) \u00d8 70 mm<\/p>\n","protected":false},"featured_media":0,"comment_status":"open","ping_status":"closed","template":"","meta":{"_acf_changed":false},"product_brand":[1486],"product_cat":[1565],"product_tag":[],"class_list":{"0":"post-24692","1":"product","2":"type-product","3":"status-publish","5":"product_brand-knipex","6":"product_cat-yok-yok","8":"first","9":"instock","10":"taxable","11":"shipping-taxable","12":"purchasable","13":"product-type-simple","14":"add-to-wishlist-after_add_to_cart"},"acf":[],"_links":{"self":[{"href":"https:\/\/www.makitamarket.com.tr\/site\/wp-json\/wp\/v2\/product\/24692","targetHints":{"allow":["GET"]}}],"collection":[{"href":"https:\/\/www.makitamarket.com.tr\/site\/wp-json\/wp\/v2\/product"}],"about":[{"href":"https:\/\/www.makitamarket.com.tr\/site\/wp-json\/wp\/v2\/types\/product"}],"replies":[{"embeddable":true,"href":"https:\/\/www.makitamarket.com.tr\/site\/wp-json\/wp\/v2\/comments?post=24692"}],"wp:attachment":[{"href":"https:\/\/www.makitamarket.com.tr\/site\/wp-json\/wp\/v2\/media?parent=24692"}],"wp:term":[{"taxonomy":"product_brand","embeddable":true,"href":"https:\/\/www.makitamarket.com.tr\/site\/wp-json\/wp\/v2\/product_brand?post=24692"},{"taxonomy":"product_cat","embeddable":true,"href":"https:\/\/www.makitamarket.com.tr\/site\/wp-json\/wp\/v2\/product_cat?post=24692"},{"taxonomy":"product_tag","embeddable":true,"href":"https:\/\/www.makitamarket.com.tr\/site\/wp-json\/wp\/v2\/product_tag?post=24692"}],"curies":[{"name":"wp","href":"https:\/\/api.w.org\/{rel}","templated":true}]}}