{"id":24693,"date":"2025-07-12T01:19:32","date_gmt":"2025-07-11T22:19:32","guid":{"rendered":"https:\/\/www.makitamarket.com.tr\/site\/urun\/knipex-8801250sb-knipex-8801250-fort-pense-alligator-sb\/"},"modified":"2025-11-16T12:07:19","modified_gmt":"2025-11-16T09:07:19","slug":"knipex-8801250sb-knipex-8801250-fort-pense-alligator-sb","status":"publish","type":"product","link":"https:\/\/www.makitamarket.com.tr\/site\/urun\/knipex-8801250sb-knipex-8801250-fort-pense-alligator-sb\/","title":{"rendered":"Knipex 8801250SB KNIPEX 8801250 FORT PENSE ALLIGATOR SB"},"content":{"rendered":"<ol>\n<li data-list=\"bullet\"><span class=\"ql-ui\" contenteditable=\"false\"><\/span><span style=\"background-color: rgb(255, 255, 255); color: rgb(0, 79, 159);\">Kafa ve mafsal alan\u0131ndaki ince yap\u0131s\u0131 sayesinde i\u015f par\u00e7alar\u0131na kolay eri\u015filir<\/span><\/li>\n<li data-list=\"bullet\"><span class=\"ql-ui\" contenteditable=\"false\"><\/span><span style=\"background-color: rgb(255, 255, 255); color: rgb(0, 79, 159);\">&nbsp;Ayn\u0131 uzunluktaki s\u0131radan fort penseler ile k\u0131yasland\u0131\u011f\u0131nda daha fazla performans ve \u00e7al\u0131\u015fma konforu: %30 daha fazla kavrama kapasitesi i\u00e7in 9 kademeli ayarlama<\/span><\/li>\n<li data-list=\"bullet\"><span class=\"ql-ui\" contenteditable=\"false\"><\/span><span style=\"background-color: rgb(255, 255, 255); color: black;\">&nbsp;Borular ve somunlarda kendili\u011finden kelep\u00e7elenme: i\u015f par\u00e7as\u0131nda kayma olmaz, zahmetsiz \u00e7al\u0131\u015fma sa\u011flar<\/span><\/li>\n<li data-list=\"bullet\"><span class=\"ql-ui\" contenteditable=\"false\"><\/span><span style=\"background-color: rgb(255, 255, 255); color: black;\">&nbsp;\u00d6zel sertle\u015ftirilmi\u015f di\u015fli a\u011f\u0131z y\u00fczeyleri, di\u015flerin sertli\u011fi yakl. 61 HRC: A\u015f\u0131nmaya kar\u015f\u0131 y\u00fcksek dayan\u0131kl\u0131l\u0131k sayesinde daima g\u00fcvenli kavrama<\/span><\/li>\n<li data-list=\"bullet\"><span class=\"ql-ui\" contenteditable=\"false\"><\/span><span style=\"background-color: rgb(255, 255, 255); color: black;\">&nbsp;\u0130\u00e7 i\u00e7e ge\u00e7irilmi\u015f mafsal: \u00c7ift k\u0131lavuzlama sayesinde y\u00fcksek dayan\u0131kl\u0131k<\/span><\/li>\n<li data-list=\"bullet\"><span class=\"ql-ui\" contenteditable=\"false\"><\/span><span style=\"background-color: rgb(255, 255, 255); color: black;\">&nbsp;Sa\u011flam tasarlanm\u0131\u015f yap\u0131s\u0131 ya\u011fl\u0131 ve kirli ortamlarda \u00e7al\u0131\u015fma imkan\u0131 sa\u011flar. Bu \u00fcr\u00fcnle a\u00e7\u0131k alanlarda \u00e7al\u0131\u015f\u0131labilir<\/span><\/li>\n<li data-list=\"bullet\"><span class=\"ql-ui\" contenteditable=\"false\"><\/span><span style=\"background-color: rgb(255, 255, 255); color: black;\">&nbsp;Parmaklar\u0131n s\u0131k\u0131\u015fmas\u0131n\u0131 \u00f6nleyen tasar\u0131ma sahiptir<\/span><\/li>\n<\/ol>\n<p>Boru \u00e7ap\u0131 kapasitesi (\u00e7ap) \u00d8 2 \u0130n\u00e7 Somun ve anahtar \u00f6l\u00e7\u00fcs\u00fc kapasitesi 46 mm Boru \u00e7ap\u0131 kapasitesi (\u00e7ap) \u00d8 50 mm<\/p>\n<table>\n<tr>\n<td>\u00d6l\u00e7\u00fcler<\/td>\n<td>250 x 45 x 14 mm<\/td>\n<\/tr>\n<tr>\n<td>A\u011f\u0131rl\u0131k<\/td>\n<td>331 g<\/td>\n<\/tr>\n<\/table>\n","protected":false},"excerpt":{"rendered":"<ol>\n<li data-list=\"bullet\"><span class=\"ql-ui\" contenteditable=\"false\"><\/span><span style=\"background-color: rgb(255, 255, 255); color: rgb(0, 79, 159);\">Kafa ve mafsal alan\u0131ndaki ince yap\u0131s\u0131 sayesinde i\u015f par\u00e7alar\u0131na kolay eri\u015filir<\/span><\/li>\n<li data-list=\"bullet\"><span class=\"ql-ui\" contenteditable=\"false\"><\/span><span style=\"background-color: rgb(255, 255, 255); color: rgb(0, 79, 159);\">&nbsp;Ayn\u0131 uzunluktaki s\u0131radan fort penseler ile k\u0131yasland\u0131\u011f\u0131nda daha fazla performans ve \u00e7al\u0131\u015fma konforu: %30 daha fazla kavrama kapasitesi i\u00e7in 9 kademeli ayarlama<\/span><\/li>\n<li data-list=\"bullet\"><span class=\"ql-ui\" contenteditable=\"false\"><\/span><span style=\"background-color: rgb(255, 255, 255); color: black;\">&nbsp;Borular ve somunlarda kendili\u011finden kelep\u00e7elenme: i\u015f par\u00e7as\u0131nda kayma olmaz, zahmetsiz \u00e7al\u0131\u015fma sa\u011flar<\/span><\/li>\n<li data-list=\"bullet\"><span class=\"ql-ui\" contenteditable=\"false\"><\/span><span style=\"background-color: rgb(255, 255, 255); color: black;\">&nbsp;\u00d6zel sertle\u015ftirilmi\u015f di\u015fli a\u011f\u0131z y\u00fczeyleri, di\u015flerin sertli\u011fi yakl. 61 HRC: A\u015f\u0131nmaya kar\u015f\u0131 y\u00fcksek dayan\u0131kl\u0131l\u0131k sayesinde daima g\u00fcvenli kavrama<\/span><\/li>\n<li data-list=\"bullet\"><span class=\"ql-ui\" contenteditable=\"false\"><\/span><span style=\"background-color: rgb(255, 255, 255); color: black;\">&nbsp;\u0130\u00e7 i\u00e7e ge\u00e7irilmi\u015f mafsal: \u00c7ift k\u0131lavuzlama sayesinde y\u00fcksek dayan\u0131kl\u0131k<\/span><\/li>\n<li data-list=\"bullet\"><span class=\"ql-ui\" contenteditable=\"false\"><\/span><span style=\"background-color: rgb(255, 255, 255); color: black;\">&nbsp;Sa\u011flam tasarlanm\u0131\u015f yap\u0131s\u0131 ya\u011fl\u0131 ve kirli ortamlarda \u00e7al\u0131\u015fma imkan\u0131 sa\u011flar. Bu \u00fcr\u00fcnle a\u00e7\u0131k alanlarda \u00e7al\u0131\u015f\u0131labilir<\/span><\/li>\n<li data-list=\"bullet\"><span class=\"ql-ui\" contenteditable=\"false\"><\/span><span style=\"background-color: rgb(255, 255, 255); color: black;\">&nbsp;Parmaklar\u0131n s\u0131k\u0131\u015fmas\u0131n\u0131 \u00f6nleyen tasar\u0131ma sahiptir<\/span><\/li>\n<\/ol>\n<p>Boru \u00e7ap\u0131 kapasitesi (\u00e7ap) \u00d8 2 \u0130n\u00e7 Somun ve anahtar \u00f6l\u00e7\u00fcs\u00fc kapasitesi 46 mm Boru \u00e7ap\u0131 kapasitesi (\u00e7ap) \u00d8 50 mm<\/p>\n","protected":false},"featured_media":0,"comment_status":"open","ping_status":"closed","template":"","meta":{"_acf_changed":false},"product_brand":[1486],"product_cat":[1565],"product_tag":[],"class_list":{"0":"post-24693","1":"product","2":"type-product","3":"status-publish","5":"product_brand-knipex","6":"product_cat-yok-yok","8":"first","9":"outofstock","10":"taxable","11":"shipping-taxable","12":"purchasable","13":"product-type-simple","14":"add-to-wishlist-after_add_to_cart"},"acf":[],"_links":{"self":[{"href":"https:\/\/www.makitamarket.com.tr\/site\/wp-json\/wp\/v2\/product\/24693","targetHints":{"allow":["GET"]}}],"collection":[{"href":"https:\/\/www.makitamarket.com.tr\/site\/wp-json\/wp\/v2\/product"}],"about":[{"href":"https:\/\/www.makitamarket.com.tr\/site\/wp-json\/wp\/v2\/types\/product"}],"replies":[{"embeddable":true,"href":"https:\/\/www.makitamarket.com.tr\/site\/wp-json\/wp\/v2\/comments?post=24693"}],"wp:attachment":[{"href":"https:\/\/www.makitamarket.com.tr\/site\/wp-json\/wp\/v2\/media?parent=24693"}],"wp:term":[{"taxonomy":"product_brand","embeddable":true,"href":"https:\/\/www.makitamarket.com.tr\/site\/wp-json\/wp\/v2\/product_brand?post=24693"},{"taxonomy":"product_cat","embeddable":true,"href":"https:\/\/www.makitamarket.com.tr\/site\/wp-json\/wp\/v2\/product_cat?post=24693"},{"taxonomy":"product_tag","embeddable":true,"href":"https:\/\/www.makitamarket.com.tr\/site\/wp-json\/wp\/v2\/product_tag?post=24693"}],"curies":[{"name":"wp","href":"https:\/\/api.w.org\/{rel}","templated":true}]}}