{"id":24694,"date":"2025-07-12T01:19:32","date_gmt":"2025-07-11T22:19:32","guid":{"rendered":"https:\/\/www.makitamarket.com.tr\/site\/urun\/knipex-9516160-knipex-95-16-160-kablo-makasi-vde\/"},"modified":"2026-04-28T10:12:22","modified_gmt":"2026-04-28T07:12:22","slug":"knipex-9516160-knipex-95-16-160-kablo-makasi-vde","status":"publish","type":"product","link":"https:\/\/www.makitamarket.com.tr\/site\/urun\/knipex-9516160-knipex-95-16-160-kablo-makasi-vde\/","title":{"rendered":"Knipex 9516160 KNIPEX 95 16 160 KABLO MAKASI VDE"},"content":{"rendered":"<ol>\n<li data-list=\"bullet\"><span class=\"ql-ui\" contenteditable=\"false\"><\/span><span style=\"background-color: rgb(255, 255, 255); color: rgb(0, 79, 159);\">&nbsp;K\u00fc\u00e7\u00fck, hafif, g\u00fc\u00e7l\u00fc: sadece 160 mm boyutla ezmeden, konforlu kesim<\/span><\/li>\n<li data-list=\"bullet\"><span class=\"ql-ui\" contenteditable=\"false\"><\/span><span style=\"background-color: rgb(255, 255, 255); color: rgb(0, 79, 159);\">&nbsp;Fark edilir \u00f6l\u00e7\u00fcde daha az zahmet: b\u0131\u00e7ak kademeleri kablolar\u0131 s\u0131rayla keser; kesim ayn\u0131 uzunluktaki standart kablo kesicilere g\u00f6re %40 daha kolayd\u0131r!<\/span><\/li>\n<li data-list=\"bullet\"><span class=\"ql-ui\" contenteditable=\"false\"><\/span><span style=\"background-color: rgb(255, 255, 255); color: rgb(0, 79, 159);\">&nbsp;Ergonomik tasar\u0131m: daha b\u00fcy\u00fck kablo \u00e7aplar\u0131 i\u00e7in dahi ideal kesim hissi<\/span><\/li>\n<li data-list=\"bullet\"><span class=\"ql-ui\" contenteditable=\"false\"><\/span><span style=\"background-color: rgb(255, 255, 255); color: black;\">&nbsp;\u00d8 15 mm (50 mm\u00b2) kesite kadar \u00e7ok \u00e7ekirdekli bak\u0131r ve al\u00fcminyum kablolar\u0131 keser<\/span><\/li>\n<li data-list=\"bullet\"><span class=\"ql-ui\" contenteditable=\"false\"><\/span><span style=\"background-color: rgb(255, 255, 255); color: black;\">&nbsp;5 x 4 mm\u00b2 som bak\u0131r ve al\u00fcminyum kablolar\u0131 keser<\/span><\/li>\n<li data-list=\"bullet\"><span class=\"ql-ui\" contenteditable=\"false\"><\/span><span style=\"background-color: rgb(255, 255, 255); color: black;\">&nbsp;Ezmeden keser<\/span><\/li>\n<li data-list=\"bullet\"><span class=\"ql-ui\" contenteditable=\"false\"><\/span><span style=\"background-color: rgb(255, 255, 255); color: black;\">&nbsp;C\u0131vatal\u0131 mafsal: hassas, zahmetsiz, dayan\u0131kl\u0131<\/span><\/li>\n<li data-list=\"bullet\"><span class=\"ql-ui\" contenteditable=\"false\"><\/span><span style=\"background-color: rgb(255, 255, 255); color: black;\">&nbsp;S\u0131k\u0131\u015fma korumas\u0131, operat\u00f6rlerin parmaklar\u0131n\u0131n s\u0131k\u0131\u015fmas\u0131n\u0131 \u00f6nler<\/span><\/li>\n<li data-list=\"bullet\"><span class=\"ql-ui\" contenteditable=\"false\"><\/span><span style=\"background-color: rgb(255, 255, 255); color: black;\">&nbsp;\u00c7elik tel ve sert \u00e7ekilmi\u015f bak\u0131r iletkenler i\u00e7in uygun de\u011fildir<\/span><\/li>\n<li data-list=\"bullet\"><span class=\"ql-ui\" contenteditable=\"false\"><\/span><span style=\"background-color: rgb(255, 255, 255); color: black;\">&nbsp;Kesici a\u011f\u0131z k\u0131sm\u0131 ind\u00fcksiyonda g\u00fc\u00e7lendirilmi\u015ftir. Kesici sertli\u011fi yakl. 56 HRC<\/span><\/li>\n<\/ol>\n<p><\/p>\n<table>\n<tr>\n<td>\u00d6l\u00e7\u00fcler<\/td>\n<td>160 x 60 x 28 mm<\/td>\n<\/tr>\n<tr>\n<td>A\u011f\u0131rl\u0131k<\/td>\n<td>225 g<\/td>\n<\/tr>\n<\/table>\n","protected":false},"excerpt":{"rendered":"<ol>\n<li data-list=\"bullet\"><span class=\"ql-ui\" contenteditable=\"false\"><\/span><span style=\"background-color: rgb(255, 255, 255); color: rgb(0, 79, 159);\">&nbsp;K\u00fc\u00e7\u00fck, hafif, g\u00fc\u00e7l\u00fc: sadece 160 mm boyutla ezmeden, konforlu kesim<\/span><\/li>\n<li data-list=\"bullet\"><span class=\"ql-ui\" contenteditable=\"false\"><\/span><span style=\"background-color: rgb(255, 255, 255); color: rgb(0, 79, 159);\">&nbsp;Fark edilir \u00f6l\u00e7\u00fcde daha az zahmet: b\u0131\u00e7ak kademeleri kablolar\u0131 s\u0131rayla keser; kesim ayn\u0131 uzunluktaki standart kablo kesicilere g\u00f6re %40 daha kolayd\u0131r!<\/span><\/li>\n<li data-list=\"bullet\"><span class=\"ql-ui\" contenteditable=\"false\"><\/span><span style=\"background-color: rgb(255, 255, 255); color: rgb(0, 79, 159);\">&nbsp;Ergonomik tasar\u0131m: daha b\u00fcy\u00fck kablo \u00e7aplar\u0131 i\u00e7in dahi ideal kesim hissi<\/span><\/li>\n<li data-list=\"bullet\"><span class=\"ql-ui\" contenteditable=\"false\"><\/span><span style=\"background-color: rgb(255, 255, 255); color: black;\">&nbsp;\u00d8 15 mm (50 mm\u00b2) kesite kadar \u00e7ok \u00e7ekirdekli bak\u0131r ve al\u00fcminyum kablolar\u0131 keser<\/span><\/li>\n<li data-list=\"bullet\"><span class=\"ql-ui\" contenteditable=\"false\"><\/span><span style=\"background-color: rgb(255, 255, 255); color: black;\">&nbsp;5 x 4 mm\u00b2 som bak\u0131r ve al\u00fcminyum kablolar\u0131 keser<\/span><\/li>\n<li data-list=\"bullet\"><span class=\"ql-ui\" contenteditable=\"false\"><\/span><span style=\"background-color: rgb(255, 255, 255); color: black;\">&nbsp;Ezmeden keser<\/span><\/li>\n<li data-list=\"bullet\"><span class=\"ql-ui\" contenteditable=\"false\"><\/span><span style=\"background-color: rgb(255, 255, 255); color: black;\">&nbsp;C\u0131vatal\u0131 mafsal: hassas, zahmetsiz, dayan\u0131kl\u0131<\/span><\/li>\n<li data-list=\"bullet\"><span class=\"ql-ui\" contenteditable=\"false\"><\/span><span style=\"background-color: rgb(255, 255, 255); color: black;\">&nbsp;S\u0131k\u0131\u015fma korumas\u0131, operat\u00f6rlerin parmaklar\u0131n\u0131n s\u0131k\u0131\u015fmas\u0131n\u0131 \u00f6nler<\/span><\/li>\n<li data-list=\"bullet\"><span class=\"ql-ui\" contenteditable=\"false\"><\/span><span style=\"background-color: rgb(255, 255, 255); color: black;\">&nbsp;\u00c7elik tel ve sert \u00e7ekilmi\u015f bak\u0131r iletkenler i\u00e7in uygun de\u011fildir<\/span><\/li>\n<li data-list=\"bullet\"><span class=\"ql-ui\" contenteditable=\"false\"><\/span><span style=\"background-color: rgb(255, 255, 255); color: black;\">&nbsp;Kesici a\u011f\u0131z k\u0131sm\u0131 ind\u00fcksiyonda g\u00fc\u00e7lendirilmi\u015ftir. Kesici sertli\u011fi yakl. 56 HRC<\/span><\/li>\n<\/ol>\n<p><\/p>\n","protected":false},"featured_media":0,"comment_status":"open","ping_status":"closed","template":"","meta":{"_acf_changed":false},"product_brand":[1486],"product_cat":[1565],"product_tag":[],"class_list":{"0":"post-24694","1":"product","2":"type-product","3":"status-publish","5":"product_brand-knipex","6":"product_cat-yok-yok","8":"first","9":"instock","10":"taxable","11":"shipping-taxable","12":"purchasable","13":"product-type-simple","14":"add-to-wishlist-after_add_to_cart"},"acf":[],"_links":{"self":[{"href":"https:\/\/www.makitamarket.com.tr\/site\/wp-json\/wp\/v2\/product\/24694","targetHints":{"allow":["GET"]}}],"collection":[{"href":"https:\/\/www.makitamarket.com.tr\/site\/wp-json\/wp\/v2\/product"}],"about":[{"href":"https:\/\/www.makitamarket.com.tr\/site\/wp-json\/wp\/v2\/types\/product"}],"replies":[{"embeddable":true,"href":"https:\/\/www.makitamarket.com.tr\/site\/wp-json\/wp\/v2\/comments?post=24694"}],"wp:attachment":[{"href":"https:\/\/www.makitamarket.com.tr\/site\/wp-json\/wp\/v2\/media?parent=24694"}],"wp:term":[{"taxonomy":"product_brand","embeddable":true,"href":"https:\/\/www.makitamarket.com.tr\/site\/wp-json\/wp\/v2\/product_brand?post=24694"},{"taxonomy":"product_cat","embeddable":true,"href":"https:\/\/www.makitamarket.com.tr\/site\/wp-json\/wp\/v2\/product_cat?post=24694"},{"taxonomy":"product_tag","embeddable":true,"href":"https:\/\/www.makitamarket.com.tr\/site\/wp-json\/wp\/v2\/product_tag?post=24694"}],"curies":[{"name":"wp","href":"https:\/\/api.w.org\/{rel}","templated":true}]}}