{"id":24696,"date":"2025-07-12T01:19:34","date_gmt":"2025-07-11T22:19:34","guid":{"rendered":"https:\/\/www.makitamarket.com.tr\/site\/urun\/knipex-9419215-knipex-94-19-215-yedek-bicak-10-adet\/"},"modified":"2026-04-13T23:49:42","modified_gmt":"2026-04-13T20:49:42","slug":"knipex-9419215-knipex-94-19-215-yedek-bicak-10-adet","status":"publish","type":"product","link":"https:\/\/www.makitamarket.com.tr\/site\/urun\/knipex-9419215-knipex-94-19-215-yedek-bicak-10-adet\/","title":{"rendered":"Knipex 9419215 KNIPEX 94 19 215 YEDEK BI\u00c7AK (10 ADET)"},"content":{"rendered":"<p><strong style=\"color: rgb(99, 99, 99); background-color: rgb(255, 255, 255);\">94 15 215 \/ 94 35 215 i\u00e7in 10 yedek b\u0131\u00e7akl\u0131 set<\/strong><\/p>\n<ol>\n<li data-list=\"bullet\"><span class=\"ql-ui\" contenteditable=\"false\"><\/span><span style=\"color: black; background-color: rgb(255, 255, 255);\">&nbsp;Yedek b\u0131\u00e7aklar<\/span><\/li>\n<\/ol>\n<table>\n<tr>\n<td>\u00d6l\u00e7\u00fcleri<\/td>\n<td>25 x 10 mm<\/td>\n<\/tr>\n<tr>\n<td>A\u011f\u0131rl\u0131k<\/td>\n<td>47 g<\/td>\n<\/tr>\n<\/table>\n","protected":false},"excerpt":{"rendered":"<p><strong style=\"color: rgb(99, 99, 99); background-color: rgb(255, 255, 255);\">94 15 215 \/ 94 35 215 i\u00e7in 10 yedek b\u0131\u00e7akl\u0131 set<\/strong><\/p>\n<ol>\n<li data-list=\"bullet\"><span class=\"ql-ui\" contenteditable=\"false\"><\/span><span style=\"color: black; background-color: rgb(255, 255, 255);\">&nbsp;Yedek b\u0131\u00e7aklar<\/span><\/li>\n<\/ol>\n","protected":false},"featured_media":0,"comment_status":"open","ping_status":"closed","template":"","meta":{"_acf_changed":false},"product_brand":[1486],"product_cat":[1565],"product_tag":[],"class_list":{"0":"post-24696","1":"product","2":"type-product","3":"status-publish","5":"product_brand-knipex","6":"product_cat-yok-yok","8":"first","9":"instock","10":"taxable","11":"shipping-taxable","12":"purchasable","13":"product-type-simple","14":"add-to-wishlist-after_add_to_cart"},"acf":[],"_links":{"self":[{"href":"https:\/\/www.makitamarket.com.tr\/site\/wp-json\/wp\/v2\/product\/24696","targetHints":{"allow":["GET"]}}],"collection":[{"href":"https:\/\/www.makitamarket.com.tr\/site\/wp-json\/wp\/v2\/product"}],"about":[{"href":"https:\/\/www.makitamarket.com.tr\/site\/wp-json\/wp\/v2\/types\/product"}],"replies":[{"embeddable":true,"href":"https:\/\/www.makitamarket.com.tr\/site\/wp-json\/wp\/v2\/comments?post=24696"}],"wp:attachment":[{"href":"https:\/\/www.makitamarket.com.tr\/site\/wp-json\/wp\/v2\/media?parent=24696"}],"wp:term":[{"taxonomy":"product_brand","embeddable":true,"href":"https:\/\/www.makitamarket.com.tr\/site\/wp-json\/wp\/v2\/product_brand?post=24696"},{"taxonomy":"product_cat","embeddable":true,"href":"https:\/\/www.makitamarket.com.tr\/site\/wp-json\/wp\/v2\/product_cat?post=24696"},{"taxonomy":"product_tag","embeddable":true,"href":"https:\/\/www.makitamarket.com.tr\/site\/wp-json\/wp\/v2\/product_tag?post=24696"}],"curies":[{"name":"wp","href":"https:\/\/api.w.org\/{rel}","templated":true}]}}