{"id":24705,"date":"2025-07-12T01:19:40","date_gmt":"2025-07-11T22:19:40","guid":{"rendered":"https:\/\/www.makitamarket.com.tr\/site\/urun\/knipex-7101200sb-knipex-7101200-mafsalli-keski-sb\/"},"modified":"2026-04-13T23:36:45","modified_gmt":"2026-04-13T20:36:45","slug":"knipex-7101200sb-knipex-7101200-mafsalli-keski-sb","status":"publish","type":"product","link":"https:\/\/www.makitamarket.com.tr\/site\/urun\/knipex-7101200sb-knipex-7101200-mafsalli-keski-sb\/","title":{"rendered":"Knipex 7101200SB KNIPEX 7101200 MAFSALLI KESKI SB"},"content":{"rendered":"<ol>\n<li data-list=\"bullet\"><span class=\"ql-ui\" contenteditable=\"false\"><\/span><span style=\"background-color: rgb(255, 255, 255); color: black;\">&nbsp;Yumu\u015fak, sert tel ve piyano teli i\u00e7in hassas kesiciler<\/span><\/li>\n<li data-list=\"bullet\"><span class=\"ql-ui\" contenteditable=\"false\"><\/span><span style=\"background-color: rgb(255, 255, 255); color: black;\">&nbsp;Civata, \u00e7ivi, per\u00e7in gibi malzemeleri 5,2 mm kadar kesebilir<\/span><\/li>\n<li data-list=\"bullet\"><span class=\"ql-ui\" contenteditable=\"false\"><\/span><span style=\"background-color: rgb(255, 255, 255); color: black;\">&nbsp;Y\u00fcksek verimli aktar\u0131m oran\u0131yla d\u00fc\u015f\u00fck kuvvetle y\u00fcksek kesme performans\u0131<\/span><\/li>\n<li data-list=\"bullet\"><span class=\"ql-ui\" contenteditable=\"false\"><\/span><span style=\"background-color: rgb(255, 255, 255); color: black;\">&nbsp;Kesicilere ek olarak ind\u00fcksiyon sertle\u015ftirme uygulamas\u0131 yap\u0131lm\u0131\u015ft\u0131r, kesici sertli\u011fi yakl. 64 HRC<\/span><\/li>\n<li data-list=\"bullet\"><span class=\"ql-ui\" contenteditable=\"false\"><\/span><span style=\"background-color: rgb(255, 255, 255); color: black;\">&nbsp;Mikro yap\u0131l\u0131 kesici sayesinde b\u00fcy\u00fck kesitli malzemeler kolayca kesilir<\/span><\/li>\n<li data-list=\"bullet\"><span class=\"ql-ui\" contenteditable=\"false\"><\/span><span style=\"background-color: rgb(255, 255, 255); color: black;\">&nbsp;\u00d8 1,0 mm&#8217;den ba\u015flayan \u00e7aptaki telleri kavramak ve \u00e7ekmek i\u00e7in mafsal alt\u0131nda di\u015fli kavrama y\u00fczeyi bulunur<\/span><\/li>\n<\/ol>\n<p>Yumu\u015fak tel kesme de\u011feri (\u00e7ap) \u00d8 6 mm Orta sert tel kesme de\u011feri (\u00e7ap) \u00d8 5,2 mm Yumu\u015fak tel kesme de\u011feri (\u00e7ap) \u00d8 4,0 mm Piyano tel kesme de\u011feri (\u00e7ap) \u00d8 3,6 mm<\/p>\n<table>\n<tr>\n<td>\u00d6l\u00e7\u00fcler<\/td>\n<td>200 x 41 x 15 mm<\/td>\n<\/tr>\n<tr>\n<td>A\u011f\u0131rl\u0131k<\/td>\n<td>335 g<\/td>\n<\/tr>\n<\/table>\n","protected":false},"excerpt":{"rendered":"<ol>\n<li data-list=\"bullet\"><span class=\"ql-ui\" contenteditable=\"false\"><\/span><span style=\"background-color: rgb(255, 255, 255); color: black;\">&nbsp;Yumu\u015fak, sert tel ve piyano teli i\u00e7in hassas kesiciler<\/span><\/li>\n<li data-list=\"bullet\"><span class=\"ql-ui\" contenteditable=\"false\"><\/span><span style=\"background-color: rgb(255, 255, 255); color: black;\">&nbsp;Civata, \u00e7ivi, per\u00e7in gibi malzemeleri 5,2 mm kadar kesebilir<\/span><\/li>\n<li data-list=\"bullet\"><span class=\"ql-ui\" contenteditable=\"false\"><\/span><span style=\"background-color: rgb(255, 255, 255); color: black;\">&nbsp;Y\u00fcksek verimli aktar\u0131m oran\u0131yla d\u00fc\u015f\u00fck kuvvetle y\u00fcksek kesme performans\u0131<\/span><\/li>\n<li data-list=\"bullet\"><span class=\"ql-ui\" contenteditable=\"false\"><\/span><span style=\"background-color: rgb(255, 255, 255); color: black;\">&nbsp;Kesicilere ek olarak ind\u00fcksiyon sertle\u015ftirme uygulamas\u0131 yap\u0131lm\u0131\u015ft\u0131r, kesici sertli\u011fi yakl. 64 HRC<\/span><\/li>\n<li data-list=\"bullet\"><span class=\"ql-ui\" contenteditable=\"false\"><\/span><span style=\"background-color: rgb(255, 255, 255); color: black;\">&nbsp;Mikro yap\u0131l\u0131 kesici sayesinde b\u00fcy\u00fck kesitli malzemeler kolayca kesilir<\/span><\/li>\n<li data-list=\"bullet\"><span class=\"ql-ui\" contenteditable=\"false\"><\/span><span style=\"background-color: rgb(255, 255, 255); color: black;\">&nbsp;\u00d8 1,0 mm&#8217;den ba\u015flayan \u00e7aptaki telleri kavramak ve \u00e7ekmek i\u00e7in mafsal alt\u0131nda di\u015fli kavrama y\u00fczeyi bulunur<\/span><\/li>\n<\/ol>\n<p>Yumu\u015fak tel kesme de\u011feri (\u00e7ap) \u00d8 6 mm Orta sert tel kesme de\u011feri (\u00e7ap) \u00d8 5,2 mm Yumu\u015fak tel kesme de\u011feri (\u00e7ap) \u00d8 4,0 mm Piyano tel kesme de\u011feri (\u00e7ap) \u00d8 3,6 mm<\/p>\n","protected":false},"featured_media":0,"comment_status":"open","ping_status":"closed","template":"","meta":{"_acf_changed":false},"product_brand":[1486],"product_cat":[1565],"product_tag":[],"class_list":{"0":"post-24705","1":"product","2":"type-product","3":"status-publish","5":"product_brand-knipex","6":"product_cat-yok-yok","8":"first","9":"instock","10":"taxable","11":"shipping-taxable","12":"purchasable","13":"product-type-simple","14":"add-to-wishlist-after_add_to_cart"},"acf":[],"_links":{"self":[{"href":"https:\/\/www.makitamarket.com.tr\/site\/wp-json\/wp\/v2\/product\/24705","targetHints":{"allow":["GET"]}}],"collection":[{"href":"https:\/\/www.makitamarket.com.tr\/site\/wp-json\/wp\/v2\/product"}],"about":[{"href":"https:\/\/www.makitamarket.com.tr\/site\/wp-json\/wp\/v2\/types\/product"}],"replies":[{"embeddable":true,"href":"https:\/\/www.makitamarket.com.tr\/site\/wp-json\/wp\/v2\/comments?post=24705"}],"wp:attachment":[{"href":"https:\/\/www.makitamarket.com.tr\/site\/wp-json\/wp\/v2\/media?parent=24705"}],"wp:term":[{"taxonomy":"product_brand","embeddable":true,"href":"https:\/\/www.makitamarket.com.tr\/site\/wp-json\/wp\/v2\/product_brand?post=24705"},{"taxonomy":"product_cat","embeddable":true,"href":"https:\/\/www.makitamarket.com.tr\/site\/wp-json\/wp\/v2\/product_cat?post=24705"},{"taxonomy":"product_tag","embeddable":true,"href":"https:\/\/www.makitamarket.com.tr\/site\/wp-json\/wp\/v2\/product_tag?post=24705"}],"curies":[{"name":"wp","href":"https:\/\/api.w.org\/{rel}","templated":true}]}}