{"id":24709,"date":"2025-07-12T01:19:43","date_gmt":"2025-07-11T22:19:43","guid":{"rendered":"https:\/\/www.makitamarket.com.tr\/site\/urun\/knipex-4134165-knipex-41-34-165\/"},"modified":"2026-04-06T18:06:47","modified_gmt":"2026-04-06T15:06:47","slug":"knipex-4134165-knipex-41-34-165","status":"publish","type":"product","link":"https:\/\/www.makitamarket.com.tr\/site\/urun\/knipex-4134165-knipex-41-34-165\/","title":{"rendered":"Knipex 4134165 KNIPEX 41 34 165"},"content":{"rendered":"<p><span style=\"background-color: rgb(255, 255, 255); color: black;\">&nbsp;<\/span><strong style=\"background-color: rgb(255, 255, 255); color: rgb(99, 99, 99);\">Ayarl\u0131 pense<\/strong><\/p>\n<ol>\n<li data-list=\"bullet\"><span class=\"ql-ui\" contenteditable=\"false\"><\/span><span style=\"background-color: rgb(255, 255, 255); color: black;\">Yuvarlak ve yass\u0131 malzemeleri g\u00fcvenli bir \u015fekilde tutar<\/span><\/li>\n<li data-list=\"bullet\"><span class=\"ql-ui\" contenteditable=\"false\"><\/span><span style=\"background-color: rgb(255, 255, 255); color: black;\">&nbsp;A\u011f\u0131r hizmet<\/span><\/li>\n<li data-list=\"bullet\"><span class=\"ql-ui\" contenteditable=\"false\"><\/span><span style=\"background-color: rgb(255, 255, 255); color: black;\">&nbsp;Ayar vidas\u0131 ve gev\u015fetme kolu ile<\/span><\/li>\n<li data-list=\"bullet\"><span class=\"ql-ui\" contenteditable=\"false\"><\/span><span style=\"background-color: rgb(255, 255, 255); color: black;\">&nbsp;Dirsek kollu aktar\u0131m sayesinde; y\u00fcksek kuvvet aktar\u0131m\u0131<\/span><\/li>\n<\/ol>\n<p>Germe aral\u0131\u011f\u0131 yuvarlak 20 mm Germe aral\u0131\u011f\u0131 4 k\u00f6\u015fe 10 mm Germe aral\u0131\u011f\u0131 6 k\u00f6\u015fe 24 mm<\/p>\n<table>\n<tr>\n<td>\u00d6l\u00e7\u00fcler<\/td>\n<td>165 x 44 x 11 mm<\/td>\n<\/tr>\n<tr>\n<td>A\u011f\u0131rl\u0131k<\/td>\n<td>189 g<\/td>\n<\/tr>\n<\/table>\n","protected":false},"excerpt":{"rendered":"<p><span style=\"background-color: rgb(255, 255, 255); color: black;\">&nbsp;<\/span><strong style=\"background-color: rgb(255, 255, 255); color: rgb(99, 99, 99);\">Ayarl\u0131 pense<\/strong><\/p>\n<ol>\n<li data-list=\"bullet\"><span class=\"ql-ui\" contenteditable=\"false\"><\/span><span style=\"background-color: rgb(255, 255, 255); color: black;\">Yuvarlak ve yass\u0131 malzemeleri g\u00fcvenli bir \u015fekilde tutar<\/span><\/li>\n<li data-list=\"bullet\"><span class=\"ql-ui\" contenteditable=\"false\"><\/span><span style=\"background-color: rgb(255, 255, 255); color: black;\">&nbsp;A\u011f\u0131r hizmet<\/span><\/li>\n<li data-list=\"bullet\"><span class=\"ql-ui\" contenteditable=\"false\"><\/span><span style=\"background-color: rgb(255, 255, 255); color: black;\">&nbsp;Ayar vidas\u0131 ve gev\u015fetme kolu ile<\/span><\/li>\n<li data-list=\"bullet\"><span class=\"ql-ui\" contenteditable=\"false\"><\/span><span style=\"background-color: rgb(255, 255, 255); color: black;\">&nbsp;Dirsek kollu aktar\u0131m sayesinde; y\u00fcksek kuvvet aktar\u0131m\u0131<\/span><\/li>\n<\/ol>\n<p>Germe aral\u0131\u011f\u0131 yuvarlak 20 mm Germe aral\u0131\u011f\u0131 4 k\u00f6\u015fe 10 mm Germe aral\u0131\u011f\u0131 6 k\u00f6\u015fe 24 mm<\/p>\n","protected":false},"featured_media":0,"comment_status":"open","ping_status":"closed","template":"","meta":{"_acf_changed":false},"product_brand":[1486],"product_cat":[1565],"product_tag":[],"class_list":{"0":"post-24709","1":"product","2":"type-product","3":"status-publish","5":"product_brand-knipex","6":"product_cat-yok-yok","8":"first","9":"instock","10":"taxable","11":"shipping-taxable","12":"purchasable","13":"product-type-simple","14":"add-to-wishlist-after_add_to_cart"},"acf":[],"_links":{"self":[{"href":"https:\/\/www.makitamarket.com.tr\/site\/wp-json\/wp\/v2\/product\/24709","targetHints":{"allow":["GET"]}}],"collection":[{"href":"https:\/\/www.makitamarket.com.tr\/site\/wp-json\/wp\/v2\/product"}],"about":[{"href":"https:\/\/www.makitamarket.com.tr\/site\/wp-json\/wp\/v2\/types\/product"}],"replies":[{"embeddable":true,"href":"https:\/\/www.makitamarket.com.tr\/site\/wp-json\/wp\/v2\/comments?post=24709"}],"wp:attachment":[{"href":"https:\/\/www.makitamarket.com.tr\/site\/wp-json\/wp\/v2\/media?parent=24709"}],"wp:term":[{"taxonomy":"product_brand","embeddable":true,"href":"https:\/\/www.makitamarket.com.tr\/site\/wp-json\/wp\/v2\/product_brand?post=24709"},{"taxonomy":"product_cat","embeddable":true,"href":"https:\/\/www.makitamarket.com.tr\/site\/wp-json\/wp\/v2\/product_cat?post=24709"},{"taxonomy":"product_tag","embeddable":true,"href":"https:\/\/www.makitamarket.com.tr\/site\/wp-json\/wp\/v2\/product_tag?post=24709"}],"curies":[{"name":"wp","href":"https:\/\/api.w.org\/{rel}","templated":true}]}}