{"id":24728,"date":"2025-07-12T01:20:03","date_gmt":"2025-07-11T22:20:03","guid":{"rendered":"https:\/\/www.makitamarket.com.tr\/site\/urun\/knipex-8709250v01-knipex-fort-pense-icin-plastik-ceneler\/"},"modified":"2026-04-13T23:50:45","modified_gmt":"2026-04-13T20:50:45","slug":"knipex-8709250v01-knipex-fort-pense-icin-plastik-ceneler","status":"publish","type":"product","link":"https:\/\/www.makitamarket.com.tr\/site\/urun\/knipex-8709250v01-knipex-fort-pense-icin-plastik-ceneler\/","title":{"rendered":"Knipex 8709250V01 KNIPEX FORT PENSE \u0130\u00c7\u0130N PLAST\u0130K \u00c7ENELER"},"content":{"rendered":"<ol>\n<li data-list=\"bullet\"><span class=\"ql-ui\" contenteditable=\"false\"><\/span><span style=\"background-color: rgb(255, 255, 255); color: rgb(0, 79, 159);\">&nbsp;&#8220;\u0130\u015f par\u00e7alar\u0131n\u0131 deforme veya \u00e7izilmeye kar\u015f\u0131 korumak i\u00e7in ideal&#8221;<\/span><\/li>\n<li data-list=\"bullet\"><span class=\"ql-ui\" contenteditable=\"false\"><\/span><span style=\"background-color: rgb(255, 255, 255); color: black;\">&nbsp;Koruyucu \u00e7eneler alet \u00fczerindeki di\u015flerin tamam\u0131n\u0131 kaplayarak hasar\u0131 engeller<\/span><\/li>\n<li data-list=\"bullet\"><span class=\"ql-ui\" contenteditable=\"false\"><\/span><span style=\"background-color: rgb(255, 255, 255); color: black;\">&nbsp;Kavrama \u00e7enelerine kolayca ve g\u00fcvenilir bir \u015fekilde tak\u0131l\u0131r ve \u00e7\u0131kmaz<\/span><\/li>\n<li data-list=\"bullet\"><span class=\"ql-ui\" contenteditable=\"false\"><\/span><span style=\"background-color: rgb(255, 255, 255); color: black;\">&nbsp;P\u00fcr\u00fczs\u00fcz kavrama y\u00fczeyleri (di\u015fsiz)<\/span><\/li>\n<li data-list=\"bullet\"><span class=\"ql-ui\" contenteditable=\"false\"><\/span><span style=\"background-color: rgb(255, 255, 255); color: black;\">&nbsp;Set 3 \u00e7ift plastik koruyucu \u00e7eneden olu\u015fur<\/span><\/li>\n<\/ol>\n<p><\/p>\n<table>\n<tr>\n<td>\u00d6l\u00e7\u00fcler<\/td>\n<td>11 x 18 mm<\/td>\n<\/tr>\n<tr>\n<td>A\u011f\u0131rl\u0131k<\/td>\n<td>15 g<\/td>\n<\/tr>\n<\/table>\n","protected":false},"excerpt":{"rendered":"<ol>\n<li data-list=\"bullet\"><span class=\"ql-ui\" contenteditable=\"false\"><\/span><span style=\"background-color: rgb(255, 255, 255); color: rgb(0, 79, 159);\">&nbsp;&#8220;\u0130\u015f par\u00e7alar\u0131n\u0131 deforme veya \u00e7izilmeye kar\u015f\u0131 korumak i\u00e7in ideal&#8221;<\/span><\/li>\n<li data-list=\"bullet\"><span class=\"ql-ui\" contenteditable=\"false\"><\/span><span style=\"background-color: rgb(255, 255, 255); color: black;\">&nbsp;Koruyucu \u00e7eneler alet \u00fczerindeki di\u015flerin tamam\u0131n\u0131 kaplayarak hasar\u0131 engeller<\/span><\/li>\n<li data-list=\"bullet\"><span class=\"ql-ui\" contenteditable=\"false\"><\/span><span style=\"background-color: rgb(255, 255, 255); color: black;\">&nbsp;Kavrama \u00e7enelerine kolayca ve g\u00fcvenilir bir \u015fekilde tak\u0131l\u0131r ve \u00e7\u0131kmaz<\/span><\/li>\n<li data-list=\"bullet\"><span class=\"ql-ui\" contenteditable=\"false\"><\/span><span style=\"background-color: rgb(255, 255, 255); color: black;\">&nbsp;P\u00fcr\u00fczs\u00fcz kavrama y\u00fczeyleri (di\u015fsiz)<\/span><\/li>\n<li data-list=\"bullet\"><span class=\"ql-ui\" contenteditable=\"false\"><\/span><span style=\"background-color: rgb(255, 255, 255); color: black;\">&nbsp;Set 3 \u00e7ift plastik koruyucu \u00e7eneden olu\u015fur<\/span><\/li>\n<\/ol>\n<p><\/p>\n","protected":false},"featured_media":0,"comment_status":"open","ping_status":"closed","template":"","meta":{"_acf_changed":false},"product_brand":[1486],"product_cat":[1565],"product_tag":[],"class_list":{"0":"post-24728","1":"product","2":"type-product","3":"status-publish","5":"product_brand-knipex","6":"product_cat-yok-yok","8":"first","9":"instock","10":"taxable","11":"shipping-taxable","12":"purchasable","13":"product-type-simple","14":"add-to-wishlist-after_add_to_cart"},"acf":[],"_links":{"self":[{"href":"https:\/\/www.makitamarket.com.tr\/site\/wp-json\/wp\/v2\/product\/24728","targetHints":{"allow":["GET"]}}],"collection":[{"href":"https:\/\/www.makitamarket.com.tr\/site\/wp-json\/wp\/v2\/product"}],"about":[{"href":"https:\/\/www.makitamarket.com.tr\/site\/wp-json\/wp\/v2\/types\/product"}],"replies":[{"embeddable":true,"href":"https:\/\/www.makitamarket.com.tr\/site\/wp-json\/wp\/v2\/comments?post=24728"}],"wp:attachment":[{"href":"https:\/\/www.makitamarket.com.tr\/site\/wp-json\/wp\/v2\/media?parent=24728"}],"wp:term":[{"taxonomy":"product_brand","embeddable":true,"href":"https:\/\/www.makitamarket.com.tr\/site\/wp-json\/wp\/v2\/product_brand?post=24728"},{"taxonomy":"product_cat","embeddable":true,"href":"https:\/\/www.makitamarket.com.tr\/site\/wp-json\/wp\/v2\/product_cat?post=24728"},{"taxonomy":"product_tag","embeddable":true,"href":"https:\/\/www.makitamarket.com.tr\/site\/wp-json\/wp\/v2\/product_tag?post=24728"}],"curies":[{"name":"wp","href":"https:\/\/api.w.org\/{rel}","templated":true}]}}