{"id":24729,"date":"2025-07-12T01:20:04","date_gmt":"2025-07-11T22:20:04","guid":{"rendered":"https:\/\/www.makitamarket.com.tr\/site\/urun\/knipex-8604100bk-knipex-86-04-100-bk-pense-anahtari\/"},"modified":"2026-04-06T18:23:45","modified_gmt":"2026-04-06T15:23:45","slug":"knipex-8604100bk-knipex-86-04-100-bk-pense-anahtari","status":"publish","type":"product","link":"https:\/\/www.makitamarket.com.tr\/site\/urun\/knipex-8604100bk-knipex-86-04-100-bk-pense-anahtari\/","title":{"rendered":"Knipex 8604100BK KNIPEX 86 04 100 BK PENSE ANAHTARI"},"content":{"rendered":"<p><\/p>\n<ol>\n<li data-list=\"bullet\"><span class=\"ql-ui\" contenteditable=\"false\"><\/span><span style=\"background-color: rgb(255, 255, 255); color: rgb(0, 79, 159);\">&nbsp;En dar alanlarda bile optimum eri\u015fim: \u00e7ok ince ba\u015f k\u0131sm\u0131na sahip kompakt tasar\u0131m<\/span><\/li>\n<li data-list=\"bullet\"><span class=\"ql-ui\" contenteditable=\"false\"><\/span><span style=\"background-color: rgb(255, 255, 255); color: rgb(0, 79, 159);\">&nbsp;Tek elle ince ayar. Farkl\u0131 ebattaki malzemeler i\u00e7in kayd\u0131rarak malzeme \u00f6l\u00e7\u00fcs\u00fcne h\u0131zl\u0131ca ayarlanabilme \u00f6zelli\u011fi<\/span><\/li>\n<li data-list=\"bullet\"><span class=\"ql-ui\" contenteditable=\"false\"><\/span><span style=\"background-color: rgb(255, 255, 255); color: black;\">&nbsp;Sadece 100 mm alet uzunlu\u011fuyla \u00fcst\u00fcn kavrama kapasitesi: Paralel \u00e7ene a\u00e7\u0131kl\u0131\u011f\u0131 21 mm\u2019ye kadar \u00e7al\u0131\u015fma imkan\u0131 sa\u011flar<\/span><\/li>\n<li data-list=\"bullet\"><span class=\"ql-ui\" contenteditable=\"false\"><\/span><span style=\"background-color: rgb(255, 255, 255); color: black;\">&nbsp;G\u00fc\u00e7l\u00fc mafsal tasar\u0131m\u0131 y\u00fcksek dayan\u0131kl\u0131l\u0131k sa\u011flar<\/span><\/li>\n<li data-list=\"bullet\"><span class=\"ql-ui\" contenteditable=\"false\"><\/span><span style=\"background-color: rgb(255, 255, 255); color: black;\">&nbsp;Hassas ba\u011flant\u0131 par\u00e7alar\u0131 ve y\u00fczey kaplamal\u0131 par\u00e7alar\u0131n nazik\u00e7e montaj\u0131 i\u00e7in p\u00fcr\u00fczs\u00fcz \u00e7eneler: P\u00fcr\u00fczs\u00fcz tam y\u00fczey sayesinde do\u011frudan krom kaplamalarda kullan\u0131labilir<\/span><\/li>\n<li data-list=\"bullet\"><span class=\"ql-ui\" contenteditable=\"false\"><\/span><span style=\"background-color: rgb(255, 255, 255); color: black;\">&nbsp;\u00c7ok y\u00f6nl\u00fc uygulama alan\u0131: Hassas m\u00fchendislik i\u015fleri, tesisat, her bisiklet veya motosiklet ara\u00e7 setinin ayr\u0131lmaz par\u00e7as\u0131, genel kullan\u0131m, maket yap\u0131m\u0131<\/span><\/li>\n<li data-list=\"bullet\"><span class=\"ql-ui\" contenteditable=\"false\"><\/span><span style=\"background-color: rgb(255, 255, 255); color: black;\">&nbsp;Parmaklar\u0131n s\u0131k\u0131\u015fmas\u0131n\u0131 \u00f6nleyen tasar\u0131ma sahiptir<\/span><\/li>\n<li data-list=\"bullet\"><span class=\"ql-ui\" contenteditable=\"false\"><\/span><span style=\"background-color: rgb(255, 255, 255); color: black;\">&nbsp;10 ayar konumu sayesinde hassas konumlama<\/span><\/li>\n<\/ol>\n<p><\/p>\n<table>\n<tr>\n<td>A\u011f\u0131rl\u0131k<\/td>\n<td>70 g<\/td>\n<\/tr>\n<tr>\n<td>\u00d6l\u00e7\u00fcler<\/td>\n<td>100 x 31 x 10 mm<\/td>\n<\/tr>\n<\/table>\n","protected":false},"excerpt":{"rendered":"<p><\/p>\n<ol>\n<li data-list=\"bullet\"><span class=\"ql-ui\" contenteditable=\"false\"><\/span><span style=\"background-color: rgb(255, 255, 255); color: rgb(0, 79, 159);\">&nbsp;En dar alanlarda bile optimum eri\u015fim: \u00e7ok ince ba\u015f k\u0131sm\u0131na sahip kompakt tasar\u0131m<\/span><\/li>\n<li data-list=\"bullet\"><span class=\"ql-ui\" contenteditable=\"false\"><\/span><span style=\"background-color: rgb(255, 255, 255); color: rgb(0, 79, 159);\">&nbsp;Tek elle ince ayar. Farkl\u0131 ebattaki malzemeler i\u00e7in kayd\u0131rarak malzeme \u00f6l\u00e7\u00fcs\u00fcne h\u0131zl\u0131ca ayarlanabilme \u00f6zelli\u011fi<\/span><\/li>\n<li data-list=\"bullet\"><span class=\"ql-ui\" contenteditable=\"false\"><\/span><span style=\"background-color: rgb(255, 255, 255); color: black;\">&nbsp;Sadece 100 mm alet uzunlu\u011fuyla \u00fcst\u00fcn kavrama kapasitesi: Paralel \u00e7ene a\u00e7\u0131kl\u0131\u011f\u0131 21 mm\u2019ye kadar \u00e7al\u0131\u015fma imkan\u0131 sa\u011flar<\/span><\/li>\n<li data-list=\"bullet\"><span class=\"ql-ui\" contenteditable=\"false\"><\/span><span style=\"background-color: rgb(255, 255, 255); color: black;\">&nbsp;G\u00fc\u00e7l\u00fc mafsal tasar\u0131m\u0131 y\u00fcksek dayan\u0131kl\u0131l\u0131k sa\u011flar<\/span><\/li>\n<li data-list=\"bullet\"><span class=\"ql-ui\" contenteditable=\"false\"><\/span><span style=\"background-color: rgb(255, 255, 255); color: black;\">&nbsp;Hassas ba\u011flant\u0131 par\u00e7alar\u0131 ve y\u00fczey kaplamal\u0131 par\u00e7alar\u0131n nazik\u00e7e montaj\u0131 i\u00e7in p\u00fcr\u00fczs\u00fcz \u00e7eneler: P\u00fcr\u00fczs\u00fcz tam y\u00fczey sayesinde do\u011frudan krom kaplamalarda kullan\u0131labilir<\/span><\/li>\n<li data-list=\"bullet\"><span class=\"ql-ui\" contenteditable=\"false\"><\/span><span style=\"background-color: rgb(255, 255, 255); color: black;\">&nbsp;\u00c7ok y\u00f6nl\u00fc uygulama alan\u0131: Hassas m\u00fchendislik i\u015fleri, tesisat, her bisiklet veya motosiklet ara\u00e7 setinin ayr\u0131lmaz par\u00e7as\u0131, genel kullan\u0131m, maket yap\u0131m\u0131<\/span><\/li>\n<li data-list=\"bullet\"><span class=\"ql-ui\" contenteditable=\"false\"><\/span><span style=\"background-color: rgb(255, 255, 255); color: black;\">&nbsp;Parmaklar\u0131n s\u0131k\u0131\u015fmas\u0131n\u0131 \u00f6nleyen tasar\u0131ma sahiptir<\/span><\/li>\n<li data-list=\"bullet\"><span class=\"ql-ui\" contenteditable=\"false\"><\/span><span style=\"background-color: rgb(255, 255, 255); color: black;\">&nbsp;10 ayar konumu sayesinde hassas konumlama<\/span><\/li>\n<\/ol>\n<p><\/p>\n","protected":false},"featured_media":0,"comment_status":"open","ping_status":"closed","template":"","meta":{"_acf_changed":false},"product_brand":[1486],"product_cat":[1565],"product_tag":[],"class_list":{"0":"post-24729","1":"product","2":"type-product","3":"status-publish","5":"product_brand-knipex","6":"product_cat-yok-yok","8":"first","9":"outofstock","10":"taxable","11":"shipping-taxable","12":"purchasable","13":"product-type-simple","14":"add-to-wishlist-after_add_to_cart"},"acf":[],"_links":{"self":[{"href":"https:\/\/www.makitamarket.com.tr\/site\/wp-json\/wp\/v2\/product\/24729","targetHints":{"allow":["GET"]}}],"collection":[{"href":"https:\/\/www.makitamarket.com.tr\/site\/wp-json\/wp\/v2\/product"}],"about":[{"href":"https:\/\/www.makitamarket.com.tr\/site\/wp-json\/wp\/v2\/types\/product"}],"replies":[{"embeddable":true,"href":"https:\/\/www.makitamarket.com.tr\/site\/wp-json\/wp\/v2\/comments?post=24729"}],"wp:attachment":[{"href":"https:\/\/www.makitamarket.com.tr\/site\/wp-json\/wp\/v2\/media?parent=24729"}],"wp:term":[{"taxonomy":"product_brand","embeddable":true,"href":"https:\/\/www.makitamarket.com.tr\/site\/wp-json\/wp\/v2\/product_brand?post=24729"},{"taxonomy":"product_cat","embeddable":true,"href":"https:\/\/www.makitamarket.com.tr\/site\/wp-json\/wp\/v2\/product_cat?post=24729"},{"taxonomy":"product_tag","embeddable":true,"href":"https:\/\/www.makitamarket.com.tr\/site\/wp-json\/wp\/v2\/product_tag?post=24729"}],"curies":[{"name":"wp","href":"https:\/\/api.w.org\/{rel}","templated":true}]}}