{"id":24731,"date":"2025-07-12T01:20:05","date_gmt":"2025-07-11T22:20:05","guid":{"rendered":"https:\/\/www.makitamarket.com.tr\/site\/urun\/knipex-8551250c-knipex-85-51-250-c\/"},"modified":"2026-04-06T18:23:47","modified_gmt":"2026-04-06T15:23:47","slug":"knipex-8551250c-knipex-85-51-250-c","status":"publish","type":"product","link":"https:\/\/www.makitamarket.com.tr\/site\/urun\/knipex-8551250c-knipex-85-51-250-c\/","title":{"rendered":"Knipex 8551250C KNIPEX 85 51 250 C"},"content":{"rendered":"<ol>\n<li data-list=\"bullet\"><span class=\"ql-ui\" contenteditable=\"false\"><\/span><span style=\"background-color: rgb(255, 255, 255); color: rgb(0, 79, 159);\">&nbsp;Click tipi kelep\u00e7eleri a\u00e7ma ve kapatma i\u00e7in<\/span><\/li>\n<li data-list=\"bullet\"><span class=\"ql-ui\" contenteditable=\"false\"><\/span><span style=\"background-color: rgb(255, 255, 255); color: black;\">&nbsp;Kelep\u00e7eleri her pozisyonda kavramak i\u00e7in d\u00f6ner kavrama aparatlar\u0131<\/span><\/li>\n<li data-list=\"bullet\"><span class=\"ql-ui\" contenteditable=\"false\"><\/span><span style=\"background-color: rgb(255, 255, 255); color: black;\">&nbsp;\u0130yi derecede kol aktarma oran\u0131: kelep\u00e7eler kolayl\u0131kla, y\u00fcksek kuvvet gerektirmeden g\u00fcvenli ve kolayca a\u00e7\u0131l\u0131r ve tekrar kapat\u0131labilir<\/span><\/li>\n<li data-list=\"bullet\"><span class=\"ql-ui\" contenteditable=\"false\"><\/span><span style=\"background-color: rgb(255, 255, 255); color: black;\">&nbsp;Konforlu \u00e7al\u0131\u015fma i\u00e7in, \u00f6rne\u011fin yak\u0131t hortumlar\u0131, vakum borular\u0131 ve emme ba\u015fl\u0131klar\u0131<\/span><\/li>\n<li data-list=\"bullet\"><span class=\"ql-ui\" contenteditable=\"false\"><\/span><span style=\"background-color: rgb(255, 255, 255); color: black;\">&nbsp;Ek fonksiyon: Di\u015fli a\u011f\u0131z tasar\u0131m\u0131 sayesinde kelep\u00e7eleri g\u00fcvenli \u015fekilde a\u00e7abilirsiniz<\/span><\/li>\n<li data-list=\"bullet\"><span class=\"ql-ui\" contenteditable=\"false\"><\/span><span style=\"background-color: rgb(255, 255, 255); color: black;\">&nbsp;\u0130nce kafa; d\u00fc\u015f\u00fck kafa geni\u015fli\u011fi, d\u00f6nd\u00fcr\u00fclebilir a\u011f\u0131z elemanlar\u0131: \u00d6zellikle dar yerlerde kullan\u0131m i\u00e7in ideal bir alet<\/span><\/li>\n<\/ol>\n<p><\/p>\n<table>\n<tr>\n<td>\u00d6l\u00e7\u00fcler<\/td>\n<td>250 x 50 x 20 mm<\/td>\n<\/tr>\n<tr>\n<td>A\u011f\u0131rl\u0131k<\/td>\n<td>345 g<\/td>\n<\/tr>\n<\/table>\n","protected":false},"excerpt":{"rendered":"<ol>\n<li data-list=\"bullet\"><span class=\"ql-ui\" contenteditable=\"false\"><\/span><span style=\"background-color: rgb(255, 255, 255); color: rgb(0, 79, 159);\">&nbsp;Click tipi kelep\u00e7eleri a\u00e7ma ve kapatma i\u00e7in<\/span><\/li>\n<li data-list=\"bullet\"><span class=\"ql-ui\" contenteditable=\"false\"><\/span><span style=\"background-color: rgb(255, 255, 255); color: black;\">&nbsp;Kelep\u00e7eleri her pozisyonda kavramak i\u00e7in d\u00f6ner kavrama aparatlar\u0131<\/span><\/li>\n<li data-list=\"bullet\"><span class=\"ql-ui\" contenteditable=\"false\"><\/span><span style=\"background-color: rgb(255, 255, 255); color: black;\">&nbsp;\u0130yi derecede kol aktarma oran\u0131: kelep\u00e7eler kolayl\u0131kla, y\u00fcksek kuvvet gerektirmeden g\u00fcvenli ve kolayca a\u00e7\u0131l\u0131r ve tekrar kapat\u0131labilir<\/span><\/li>\n<li data-list=\"bullet\"><span class=\"ql-ui\" contenteditable=\"false\"><\/span><span style=\"background-color: rgb(255, 255, 255); color: black;\">&nbsp;Konforlu \u00e7al\u0131\u015fma i\u00e7in, \u00f6rne\u011fin yak\u0131t hortumlar\u0131, vakum borular\u0131 ve emme ba\u015fl\u0131klar\u0131<\/span><\/li>\n<li data-list=\"bullet\"><span class=\"ql-ui\" contenteditable=\"false\"><\/span><span style=\"background-color: rgb(255, 255, 255); color: black;\">&nbsp;Ek fonksiyon: Di\u015fli a\u011f\u0131z tasar\u0131m\u0131 sayesinde kelep\u00e7eleri g\u00fcvenli \u015fekilde a\u00e7abilirsiniz<\/span><\/li>\n<li data-list=\"bullet\"><span class=\"ql-ui\" contenteditable=\"false\"><\/span><span style=\"background-color: rgb(255, 255, 255); color: black;\">&nbsp;\u0130nce kafa; d\u00fc\u015f\u00fck kafa geni\u015fli\u011fi, d\u00f6nd\u00fcr\u00fclebilir a\u011f\u0131z elemanlar\u0131: \u00d6zellikle dar yerlerde kullan\u0131m i\u00e7in ideal bir alet<\/span><\/li>\n<\/ol>\n<p><\/p>\n","protected":false},"featured_media":0,"comment_status":"open","ping_status":"closed","template":"","meta":{"_acf_changed":false},"product_brand":[1486],"product_cat":[1565],"product_tag":[],"class_list":{"0":"post-24731","1":"product","2":"type-product","3":"status-publish","5":"product_brand-knipex","6":"product_cat-yok-yok","8":"first","9":"instock","10":"taxable","11":"shipping-taxable","12":"purchasable","13":"product-type-simple","14":"add-to-wishlist-after_add_to_cart"},"acf":[],"_links":{"self":[{"href":"https:\/\/www.makitamarket.com.tr\/site\/wp-json\/wp\/v2\/product\/24731","targetHints":{"allow":["GET"]}}],"collection":[{"href":"https:\/\/www.makitamarket.com.tr\/site\/wp-json\/wp\/v2\/product"}],"about":[{"href":"https:\/\/www.makitamarket.com.tr\/site\/wp-json\/wp\/v2\/types\/product"}],"replies":[{"embeddable":true,"href":"https:\/\/www.makitamarket.com.tr\/site\/wp-json\/wp\/v2\/comments?post=24731"}],"wp:attachment":[{"href":"https:\/\/www.makitamarket.com.tr\/site\/wp-json\/wp\/v2\/media?parent=24731"}],"wp:term":[{"taxonomy":"product_brand","embeddable":true,"href":"https:\/\/www.makitamarket.com.tr\/site\/wp-json\/wp\/v2\/product_brand?post=24731"},{"taxonomy":"product_cat","embeddable":true,"href":"https:\/\/www.makitamarket.com.tr\/site\/wp-json\/wp\/v2\/product_cat?post=24731"},{"taxonomy":"product_tag","embeddable":true,"href":"https:\/\/www.makitamarket.com.tr\/site\/wp-json\/wp\/v2\/product_tag?post=24731"}],"curies":[{"name":"wp","href":"https:\/\/api.w.org\/{rel}","templated":true}]}}