{"id":24735,"date":"2025-07-12T01:20:09","date_gmt":"2025-07-11T22:20:09","guid":{"rendered":"https:\/\/www.makitamarket.com.tr\/site\/urun\/knipex-7131250-knipex-71-31-250\/"},"modified":"2026-04-06T18:08:46","modified_gmt":"2026-04-06T15:08:46","slug":"knipex-7131250-knipex-71-31-250","status":"publish","type":"product","link":"https:\/\/www.makitamarket.com.tr\/site\/urun\/knipex-7131250-knipex-71-31-250\/","title":{"rendered":"Knipex 7131250 KNIPEX 71 31 250"},"content":{"rendered":"<p><strong style=\"background-color: rgb(255, 255, 255); color: rgb(99, 99, 99);\">Kompakt Mafsall\u0131 Keski<\/strong><\/p>\n<ol>\n<li data-list=\"bullet\"><span class=\"ql-ui\" contenteditable=\"false\"><\/span><span style=\"background-color: rgb(255, 255, 255); color: rgb(0, 79, 159);\">&nbsp;B\u00fcy\u00fck kesitli ve \u00e7ok sert malzemeleri de kesmek i\u00e7in<\/span><\/li>\n<li data-list=\"bullet\"><span class=\"ql-ui\" contenteditable=\"false\"><\/span><span style=\"background-color: rgb(255, 255, 255); color: rgb(0, 79, 159);\">&nbsp;Azami kesim kuvveti i\u00e7in iki elle kullan\u0131m<\/span><\/li>\n<li data-list=\"bullet\"><span class=\"ql-ui\" contenteditable=\"false\"><\/span><span style=\"background-color: rgb(255, 255, 255); color: black;\">&nbsp;S\u0131radan a\u011f\u0131r tip yan keskilere k\u0131yasla %60 kuvvet tasarrufu sa\u011flan\u0131r<\/span><\/li>\n<li data-list=\"bullet\"><span class=\"ql-ui\" contenteditable=\"false\"><\/span><span style=\"background-color: rgb(255, 255, 255); color: black;\">&nbsp;\u00d6zel mafsal konstr\u00fcksiyonu sayesinde el kuvveti 40 kat g\u00fc\u00e7lendirilir<\/span><\/li>\n<li data-list=\"bullet\"><span class=\"ql-ui\" contenteditable=\"false\"><\/span><span style=\"background-color: rgb(255, 255, 255); color: black;\">&nbsp;\u00d8 1,0 mm&#8217;den ba\u015flayan \u00e7aptaki telleri kavramak ve \u00e7ekmek i\u00e7in mafsal alt\u0131nda di\u015fli kavrama y\u00fczeyi bulunur<\/span><\/li>\n<li data-list=\"bullet\"><span class=\"ql-ui\" contenteditable=\"false\"><\/span><span style=\"background-color: rgb(255, 255, 255); color: black;\">&nbsp;\u0130nd\u00fcksiyon sertle\u015ftirmeli hassas kesiciler, kesici sertli\u011fi yakl. 64 HRC<\/span><\/li>\n<li data-list=\"bullet\"><span class=\"ql-ui\" contenteditable=\"false\"><\/span><span style=\"background-color: rgb(255, 255, 255); color: black;\">&nbsp;Tak\u0131m\u0131n merkez noktas\u0131 yak\u0131n\u0131nda daha iyi kol kald\u0131ra\u00e7 efekti sa\u011flanarak, b\u00fcy\u00fck kesitli i\u015f par\u00e7alar\u0131n\u0131 daha kolay kesmek m\u00fcmk\u00fcn olur<\/span><\/li>\n<\/ol>\n<p>Orta sert tel kesme de\u011feri (\u00e7ap) \u00d8 6,0 mm Yumu\u015fak tel kesme de\u011feri (\u00e7ap) \u00d8 4,3 mm Piyano tel kesme de\u011feri (\u00e7ap) \u00d8 4,2 mm<\/p>\n<p><\/p>\n<table>\n<tr>\n<td>A\u011f\u0131rl\u0131k<\/td>\n<td>475 g<\/td>\n<\/tr>\n<tr>\n<td>\u00d6l\u00e7\u00fcler<\/td>\n<td>250 x 53 x 20 mm<\/td>\n<\/tr>\n<\/table>\n","protected":false},"excerpt":{"rendered":"<p><strong style=\"background-color: rgb(255, 255, 255); color: rgb(99, 99, 99);\">Kompakt Mafsall\u0131 Keski<\/strong><\/p>\n<ol>\n<li data-list=\"bullet\"><span class=\"ql-ui\" contenteditable=\"false\"><\/span><span style=\"background-color: rgb(255, 255, 255); color: rgb(0, 79, 159);\">&nbsp;B\u00fcy\u00fck kesitli ve \u00e7ok sert malzemeleri de kesmek i\u00e7in<\/span><\/li>\n<li data-list=\"bullet\"><span class=\"ql-ui\" contenteditable=\"false\"><\/span><span style=\"background-color: rgb(255, 255, 255); color: rgb(0, 79, 159);\">&nbsp;Azami kesim kuvveti i\u00e7in iki elle kullan\u0131m<\/span><\/li>\n<li data-list=\"bullet\"><span class=\"ql-ui\" contenteditable=\"false\"><\/span><span style=\"background-color: rgb(255, 255, 255); color: black;\">&nbsp;S\u0131radan a\u011f\u0131r tip yan keskilere k\u0131yasla %60 kuvvet tasarrufu sa\u011flan\u0131r<\/span><\/li>\n<li data-list=\"bullet\"><span class=\"ql-ui\" contenteditable=\"false\"><\/span><span style=\"background-color: rgb(255, 255, 255); color: black;\">&nbsp;\u00d6zel mafsal konstr\u00fcksiyonu sayesinde el kuvveti 40 kat g\u00fc\u00e7lendirilir<\/span><\/li>\n<li data-list=\"bullet\"><span class=\"ql-ui\" contenteditable=\"false\"><\/span><span style=\"background-color: rgb(255, 255, 255); color: black;\">&nbsp;\u00d8 1,0 mm&#8217;den ba\u015flayan \u00e7aptaki telleri kavramak ve \u00e7ekmek i\u00e7in mafsal alt\u0131nda di\u015fli kavrama y\u00fczeyi bulunur<\/span><\/li>\n<li data-list=\"bullet\"><span class=\"ql-ui\" contenteditable=\"false\"><\/span><span style=\"background-color: rgb(255, 255, 255); color: black;\">&nbsp;\u0130nd\u00fcksiyon sertle\u015ftirmeli hassas kesiciler, kesici sertli\u011fi yakl. 64 HRC<\/span><\/li>\n<li data-list=\"bullet\"><span class=\"ql-ui\" contenteditable=\"false\"><\/span><span style=\"background-color: rgb(255, 255, 255); color: black;\">&nbsp;Tak\u0131m\u0131n merkez noktas\u0131 yak\u0131n\u0131nda daha iyi kol kald\u0131ra\u00e7 efekti sa\u011flanarak, b\u00fcy\u00fck kesitli i\u015f par\u00e7alar\u0131n\u0131 daha kolay kesmek m\u00fcmk\u00fcn olur<\/span><\/li>\n<\/ol>\n<p>Orta sert tel kesme de\u011feri (\u00e7ap) \u00d8 6,0 mm Yumu\u015fak tel kesme de\u011feri (\u00e7ap) \u00d8 4,3 mm Piyano tel kesme de\u011feri (\u00e7ap) \u00d8 4,2 mm<\/p>\n<p><\/p>\n","protected":false},"featured_media":0,"comment_status":"open","ping_status":"closed","template":"","meta":{"_acf_changed":false},"product_brand":[1486],"product_cat":[1565],"product_tag":[],"class_list":{"0":"post-24735","1":"product","2":"type-product","3":"status-publish","5":"product_brand-knipex","6":"product_cat-yok-yok","8":"first","9":"instock","10":"taxable","11":"shipping-taxable","12":"purchasable","13":"product-type-simple","14":"add-to-wishlist-after_add_to_cart"},"acf":[],"_links":{"self":[{"href":"https:\/\/www.makitamarket.com.tr\/site\/wp-json\/wp\/v2\/product\/24735","targetHints":{"allow":["GET"]}}],"collection":[{"href":"https:\/\/www.makitamarket.com.tr\/site\/wp-json\/wp\/v2\/product"}],"about":[{"href":"https:\/\/www.makitamarket.com.tr\/site\/wp-json\/wp\/v2\/types\/product"}],"replies":[{"embeddable":true,"href":"https:\/\/www.makitamarket.com.tr\/site\/wp-json\/wp\/v2\/comments?post=24735"}],"wp:attachment":[{"href":"https:\/\/www.makitamarket.com.tr\/site\/wp-json\/wp\/v2\/media?parent=24735"}],"wp:term":[{"taxonomy":"product_brand","embeddable":true,"href":"https:\/\/www.makitamarket.com.tr\/site\/wp-json\/wp\/v2\/product_brand?post=24735"},{"taxonomy":"product_cat","embeddable":true,"href":"https:\/\/www.makitamarket.com.tr\/site\/wp-json\/wp\/v2\/product_cat?post=24735"},{"taxonomy":"product_tag","embeddable":true,"href":"https:\/\/www.makitamarket.com.tr\/site\/wp-json\/wp\/v2\/product_tag?post=24735"}],"curies":[{"name":"wp","href":"https:\/\/api.w.org\/{rel}","templated":true}]}}