{"id":24738,"date":"2025-07-12T01:20:11","date_gmt":"2025-07-11T22:20:11","guid":{"rendered":"https:\/\/www.makitamarket.com.tr\/site\/urun\/knipex-7512125-knipex-75-12-125-yan-keski\/"},"modified":"2026-04-06T18:25:02","modified_gmt":"2026-04-06T15:25:02","slug":"knipex-7512125-knipex-75-12-125-yan-keski","status":"publish","type":"product","link":"https:\/\/www.makitamarket.com.tr\/site\/urun\/knipex-7512125-knipex-75-12-125-yan-keski\/","title":{"rendered":"Knipex 7512125 KNIPEX 75 12 125 YAN KESKI"},"content":{"rendered":"<ol>\n<li data-list=\"bullet\"><span class=\"ql-ui\" contenteditable=\"false\"><\/span><span style=\"background-color: rgb(255, 255, 255); color: black;\">&nbsp;\u00c7ok ince montaj i\u015fleri i\u00e7in, \u00f6rne\u011fin elektronik ve ince mekanik i\u015fleri<\/span><\/li>\n<li data-list=\"bullet\"><span class=\"ql-ui\" contenteditable=\"false\"><\/span><span style=\"background-color: rgb(255, 255, 255); color: black;\">&nbsp;Yumu\u015fak ve sert tel ve piano teli i\u00e7in keskin, kesim kenarlar\u0131<\/span><\/li>\n<li data-list=\"bullet\"><span class=\"ql-ui\" contenteditable=\"false\"><\/span><span style=\"background-color: rgb(255, 255, 255); color: black;\">&nbsp;Kesicilere ek olarak ind\u00fcksiyon sertle\u015ftirme uygulanm\u0131\u015ft\u0131r, kesici sertli\u011fi yakl. 62 HRC<\/span><\/li>\n<li data-list=\"bullet\"><span class=\"ql-ui\" contenteditable=\"false\"><\/span><span style=\"background-color: rgb(255, 255, 255); color: black;\">&nbsp;D\u00fczg\u00fcn ve e\u015fit a\u00e7\u0131lma i\u00e7in d\u00fc\u015f\u00fck s\u00fcrt\u00fcnmeli \u00e7ift yay<\/span><\/li>\n<\/ol>\n<p>Orta sert tel kesme de\u011feri (\u00e7ap) \u00d8 1,0 mm Yumu\u015fak tel kesme de\u011feri (\u00e7ap) \u00d8 0,6 mm Piyano tel kesme de\u011feri (\u00e7ap) \u00d8 0,4 mm Yumu\u015fak tel kesme de\u011feri (\u00e7ap) \u00d8 01 mm \u00c7ene uzunlu\u011fu (B) 14 mm \u00c7ene kal\u0131nl\u0131\u011f\u0131 (eklem) (D) 6,5 mm Kafa geni\u015fli\u011fi (A) 10,5 mm<\/p>\n<table>\n<tr>\n<td>A\u011f\u0131rl\u0131k<\/td>\n<td>80 g<\/td>\n<\/tr>\n<tr>\n<td>\u00d6l\u00e7\u00fcler<\/td>\n<td>125 x 66 x 17 mm<\/td>\n<\/tr>\n<\/table>\n","protected":false},"excerpt":{"rendered":"<ol>\n<li data-list=\"bullet\"><span class=\"ql-ui\" contenteditable=\"false\"><\/span><span style=\"background-color: rgb(255, 255, 255); color: black;\">&nbsp;\u00c7ok ince montaj i\u015fleri i\u00e7in, \u00f6rne\u011fin elektronik ve ince mekanik i\u015fleri<\/span><\/li>\n<li data-list=\"bullet\"><span class=\"ql-ui\" contenteditable=\"false\"><\/span><span style=\"background-color: rgb(255, 255, 255); color: black;\">&nbsp;Yumu\u015fak ve sert tel ve piano teli i\u00e7in keskin, kesim kenarlar\u0131<\/span><\/li>\n<li data-list=\"bullet\"><span class=\"ql-ui\" contenteditable=\"false\"><\/span><span style=\"background-color: rgb(255, 255, 255); color: black;\">&nbsp;Kesicilere ek olarak ind\u00fcksiyon sertle\u015ftirme uygulanm\u0131\u015ft\u0131r, kesici sertli\u011fi yakl. 62 HRC<\/span><\/li>\n<li data-list=\"bullet\"><span class=\"ql-ui\" contenteditable=\"false\"><\/span><span style=\"background-color: rgb(255, 255, 255); color: black;\">&nbsp;D\u00fczg\u00fcn ve e\u015fit a\u00e7\u0131lma i\u00e7in d\u00fc\u015f\u00fck s\u00fcrt\u00fcnmeli \u00e7ift yay<\/span><\/li>\n<\/ol>\n<p>Orta sert tel kesme de\u011feri (\u00e7ap) \u00d8 1,0 mm Yumu\u015fak tel kesme de\u011feri (\u00e7ap) \u00d8 0,6 mm Piyano tel kesme de\u011feri (\u00e7ap) \u00d8 0,4 mm Yumu\u015fak tel kesme de\u011feri (\u00e7ap) \u00d8 01 mm \u00c7ene uzunlu\u011fu (B) 14 mm \u00c7ene kal\u0131nl\u0131\u011f\u0131 (eklem) (D) 6,5 mm Kafa geni\u015fli\u011fi (A) 10,5 mm<\/p>\n","protected":false},"featured_media":0,"comment_status":"open","ping_status":"closed","template":"","meta":{"_acf_changed":false},"product_brand":[1486],"product_cat":[1565],"product_tag":[],"class_list":{"0":"post-24738","1":"product","2":"type-product","3":"status-publish","5":"product_brand-knipex","6":"product_cat-yok-yok","8":"first","9":"instock","10":"taxable","11":"shipping-taxable","12":"purchasable","13":"product-type-simple","14":"add-to-wishlist-after_add_to_cart"},"acf":[],"_links":{"self":[{"href":"https:\/\/www.makitamarket.com.tr\/site\/wp-json\/wp\/v2\/product\/24738","targetHints":{"allow":["GET"]}}],"collection":[{"href":"https:\/\/www.makitamarket.com.tr\/site\/wp-json\/wp\/v2\/product"}],"about":[{"href":"https:\/\/www.makitamarket.com.tr\/site\/wp-json\/wp\/v2\/types\/product"}],"replies":[{"embeddable":true,"href":"https:\/\/www.makitamarket.com.tr\/site\/wp-json\/wp\/v2\/comments?post=24738"}],"wp:attachment":[{"href":"https:\/\/www.makitamarket.com.tr\/site\/wp-json\/wp\/v2\/media?parent=24738"}],"wp:term":[{"taxonomy":"product_brand","embeddable":true,"href":"https:\/\/www.makitamarket.com.tr\/site\/wp-json\/wp\/v2\/product_brand?post=24738"},{"taxonomy":"product_cat","embeddable":true,"href":"https:\/\/www.makitamarket.com.tr\/site\/wp-json\/wp\/v2\/product_cat?post=24738"},{"taxonomy":"product_tag","embeddable":true,"href":"https:\/\/www.makitamarket.com.tr\/site\/wp-json\/wp\/v2\/product_tag?post=24738"}],"curies":[{"name":"wp","href":"https:\/\/api.w.org\/{rel}","templated":true}]}}