{"id":24798,"date":"2025-07-23T05:03:48","date_gmt":"2025-07-23T02:03:48","guid":{"rendered":"https:\/\/www.makitamarket.com.tr\/site\/urun\/bea-bea-bdc-civi-24x40mm-700-dc-icin-10\/"},"modified":"2025-07-23T05:03:48","modified_gmt":"2025-07-23T02:03:48","slug":"bea-bea-bdc-civi-24x40mm-700-dc-icin-10","status":"publish","type":"product","link":"https:\/\/www.makitamarket.com.tr\/site\/urun\/bea-bea-bdc-civi-24x40mm-700-dc-icin-10\/","title":{"rendered":"Bea BEA BDC CIVI 24x40mm 700 DC ICIN"},"content":{"rendered":"<p>\n\tBDC T\u0130P\u0130 \u00c7\u0130V\u0130 40mm.<\/p>\n<table>\n<tr>\n<td>\u00c7ivi<\/td>\n<td>BDC T\u0130P\u0130<\/td>\n<\/tr>\n<\/table>\n","protected":false},"excerpt":{"rendered":"<p>\n\tBDC T\u0130P\u0130 \u00c7\u0130V\u0130 40mm.<\/p>\n","protected":false},"featured_media":19981,"comment_status":"open","ping_status":"closed","template":"","meta":{"_acf_changed":false},"product_brand":[],"product_cat":[1056],"product_tag":[],"class_list":{"0":"post-24798","1":"product","2":"type-product","3":"status-publish","4":"has-post-thumbnail","6":"product_cat-civiler","8":"first","9":"instock","10":"taxable","11":"shipping-taxable","12":"purchasable","13":"product-type-simple","14":"add-to-wishlist-after_add_to_cart"},"acf":[],"_links":{"self":[{"href":"https:\/\/www.makitamarket.com.tr\/site\/wp-json\/wp\/v2\/product\/24798","targetHints":{"allow":["GET"]}}],"collection":[{"href":"https:\/\/www.makitamarket.com.tr\/site\/wp-json\/wp\/v2\/product"}],"about":[{"href":"https:\/\/www.makitamarket.com.tr\/site\/wp-json\/wp\/v2\/types\/product"}],"replies":[{"embeddable":true,"href":"https:\/\/www.makitamarket.com.tr\/site\/wp-json\/wp\/v2\/comments?post=24798"}],"wp:featuredmedia":[{"embeddable":true,"href":"https:\/\/www.makitamarket.com.tr\/site\/wp-json\/wp\/v2\/media\/19981"}],"wp:attachment":[{"href":"https:\/\/www.makitamarket.com.tr\/site\/wp-json\/wp\/v2\/media?parent=24798"}],"wp:term":[{"taxonomy":"product_brand","embeddable":true,"href":"https:\/\/www.makitamarket.com.tr\/site\/wp-json\/wp\/v2\/product_brand?post=24798"},{"taxonomy":"product_cat","embeddable":true,"href":"https:\/\/www.makitamarket.com.tr\/site\/wp-json\/wp\/v2\/product_cat?post=24798"},{"taxonomy":"product_tag","embeddable":true,"href":"https:\/\/www.makitamarket.com.tr\/site\/wp-json\/wp\/v2\/product_tag?post=24798"}],"curies":[{"name":"wp","href":"https:\/\/api.w.org\/{rel}","templated":true}]}}