{"id":24801,"date":"2025-07-30T06:58:06","date_gmt":"2025-07-30T03:58:06","guid":{"rendered":"https:\/\/www.makitamarket.com.tr\/site\/urun\/powerwash-zemin-otomatlari-icin-aku-12v-13\/"},"modified":"2025-07-30T06:58:06","modified_gmt":"2025-07-30T03:58:06","slug":"powerwash-zemin-otomatlari-icin-aku-12v-13","status":"publish","type":"product","link":"https:\/\/www.makitamarket.com.tr\/site\/urun\/powerwash-zemin-otomatlari-icin-aku-12v-13\/","title":{"rendered":"Powerwash ZEM\u0130N OTOMATLARI \u0130\u00c7\u0130N AK\u00dc 12V"},"content":{"rendered":"<table>\n<tr>\n<td>Voltaj<\/td>\n<td>12 V<\/td>\n<\/tr>\n<tr>\n<td>Amper<\/td>\n<td>55<\/td>\n<\/tr>\n<tr>\n<td>\u00d6l\u00e7\u00fc (Boy x En x Y\u00fckseklik)<\/td>\n<td>229x138x208<\/td>\n<\/tr>\n<tr>\n<td>Ak\u00fc Tipi<\/td>\n<td>Jel<\/td>\n<\/tr>\n<tr>\n<td>Uyumlu Modeller<\/td>\n<td>Dynamic 45B<\/td>\n<\/tr>\n<\/table>\n","protected":false},"excerpt":{"rendered":"<p>Voltaj 12 V Amper 55 \u00d6l\u00e7\u00fc (Boy x En x Y\u00fckseklik) 229x138x208 Ak\u00fc Tipi Jel Uyumlu Modeller Dynamic 45B<\/p>\n","protected":false},"featured_media":0,"comment_status":"open","ping_status":"closed","template":"","meta":{"_acf_changed":false},"product_brand":[],"product_cat":[15],"product_tag":[],"class_list":{"0":"post-24801","1":"product","2":"type-product","3":"status-publish","5":"product_cat-genel","7":"first","8":"outofstock","9":"taxable","10":"shipping-taxable","11":"purchasable","12":"product-type-simple","13":"add-to-wishlist-after_add_to_cart"},"acf":[],"_links":{"self":[{"href":"https:\/\/www.makitamarket.com.tr\/site\/wp-json\/wp\/v2\/product\/24801","targetHints":{"allow":["GET"]}}],"collection":[{"href":"https:\/\/www.makitamarket.com.tr\/site\/wp-json\/wp\/v2\/product"}],"about":[{"href":"https:\/\/www.makitamarket.com.tr\/site\/wp-json\/wp\/v2\/types\/product"}],"replies":[{"embeddable":true,"href":"https:\/\/www.makitamarket.com.tr\/site\/wp-json\/wp\/v2\/comments?post=24801"}],"wp:attachment":[{"href":"https:\/\/www.makitamarket.com.tr\/site\/wp-json\/wp\/v2\/media?parent=24801"}],"wp:term":[{"taxonomy":"product_brand","embeddable":true,"href":"https:\/\/www.makitamarket.com.tr\/site\/wp-json\/wp\/v2\/product_brand?post=24801"},{"taxonomy":"product_cat","embeddable":true,"href":"https:\/\/www.makitamarket.com.tr\/site\/wp-json\/wp\/v2\/product_cat?post=24801"},{"taxonomy":"product_tag","embeddable":true,"href":"https:\/\/www.makitamarket.com.tr\/site\/wp-json\/wp\/v2\/product_tag?post=24801"}],"curies":[{"name":"wp","href":"https:\/\/api.w.org\/{rel}","templated":true}]}}