{"id":24810,"date":"2025-07-30T11:31:13","date_gmt":"2025-07-30T08:31:13","guid":{"rendered":"https:\/\/www.makitamarket.com.tr\/site\/urun\/euromax-exwt1075a-1-2-2-el-tipi-pafta-makinasi\/"},"modified":"2026-04-06T18:19:41","modified_gmt":"2026-04-06T15:19:41","slug":"euromax-exwt1075a-1-2-2-el-tipi-pafta-makinasi","status":"publish","type":"product","link":"https:\/\/www.makitamarket.com.tr\/site\/urun\/euromax-exwt1075a-1-2-2-el-tipi-pafta-makinasi\/","title":{"rendered":"Euromax EXWT1075A 1\/2&#8243;-2&#8243; EL T\u0130P\u0130 PAFTA MAK\u0130NASI"},"content":{"rendered":"<p>Makinan\u0131n bol ya\u011f ile \u00e7al\u0131\u015ft\u0131r\u0131lmas\u0131 gereklidir.<\/p>\n<p>(Paket i\u00e7inde ya\u011f yoktur.)<\/p>\n<table>\n<tr>\n<td>Devir H\u0131z\u0131<\/td>\n<td>22 dev\/dak<\/td>\n<\/tr>\n<tr>\n<td>Kapasite<\/td>\n<td>1\/2&#8243;-2&#8243;<\/td>\n<\/tr>\n<tr>\n<td>Motor G\u00fcc\u00fc<\/td>\n<td>2.300 Watt<\/td>\n<\/tr>\n<tr>\n<td>Boyutlar<\/td>\n<td>64x17x35.5 cm<\/td>\n<\/tr>\n<tr>\n<td>A\u011f\u0131rl\u0131k (Kg)<\/td>\n<td>17<\/td>\n<\/tr>\n<tr>\n<td>\u00c7al\u0131\u015fma Voltaj\u0131<\/td>\n<td>220V.AC-50\/60Hz<\/td>\n<\/tr>\n<\/table>\n","protected":false},"excerpt":{"rendered":"<p>Makinan\u0131n bol ya\u011f ile \u00e7al\u0131\u015ft\u0131r\u0131lmas\u0131 gereklidir.<\/p>\n<p>(Paket i\u00e7inde ya\u011f yoktur.)<\/p>\n","protected":false},"featured_media":0,"comment_status":"open","ping_status":"closed","template":"","meta":{"_acf_changed":false},"product_brand":[1513],"product_cat":[1565],"product_tag":[],"class_list":{"0":"post-24810","1":"product","2":"type-product","3":"status-publish","5":"product_brand-euromax","6":"product_cat-yok-yok","8":"first","9":"instock","10":"taxable","11":"shipping-taxable","12":"purchasable","13":"product-type-simple","14":"add-to-wishlist-after_add_to_cart"},"acf":[],"_links":{"self":[{"href":"https:\/\/www.makitamarket.com.tr\/site\/wp-json\/wp\/v2\/product\/24810","targetHints":{"allow":["GET"]}}],"collection":[{"href":"https:\/\/www.makitamarket.com.tr\/site\/wp-json\/wp\/v2\/product"}],"about":[{"href":"https:\/\/www.makitamarket.com.tr\/site\/wp-json\/wp\/v2\/types\/product"}],"replies":[{"embeddable":true,"href":"https:\/\/www.makitamarket.com.tr\/site\/wp-json\/wp\/v2\/comments?post=24810"}],"wp:attachment":[{"href":"https:\/\/www.makitamarket.com.tr\/site\/wp-json\/wp\/v2\/media?parent=24810"}],"wp:term":[{"taxonomy":"product_brand","embeddable":true,"href":"https:\/\/www.makitamarket.com.tr\/site\/wp-json\/wp\/v2\/product_brand?post=24810"},{"taxonomy":"product_cat","embeddable":true,"href":"https:\/\/www.makitamarket.com.tr\/site\/wp-json\/wp\/v2\/product_cat?post=24810"},{"taxonomy":"product_tag","embeddable":true,"href":"https:\/\/www.makitamarket.com.tr\/site\/wp-json\/wp\/v2\/product_tag?post=24810"}],"curies":[{"name":"wp","href":"https:\/\/api.w.org\/{rel}","templated":true}]}}