{"id":24882,"date":"2025-09-20T14:13:52","date_gmt":"2025-09-20T11:13:52","guid":{"rendered":"https:\/\/www.makitamarket.com.tr\/site\/urun\/honeywell-1001587-sperian-willson-abek1-p3-filtre\/"},"modified":"2025-11-16T11:56:23","modified_gmt":"2025-11-16T08:56:23","slug":"honeywell-1001587-sperian-willson-abek1-p3-filtre","status":"publish","type":"product","link":"https:\/\/www.makitamarket.com.tr\/site\/urun\/honeywell-1001587-sperian-willson-abek1-p3-filtre\/","title":{"rendered":"Honeywell 1001587 SPERIAN WILLSON ABEK1 P3 F\u0130LTRE"},"content":{"rendered":"<p>Organik gaz ve buharlar,inorganik gaz ve buharlar,asir gazlar\u0131na,amonyak ve t\u00fcrevlerine kar\u015f\u0131 koruma sa\u011flar.<\/p>\n<table>\n<tr>\n<td>Filtre T\u00fcr\u00fc<\/td>\n<td>ABEK1 P3<\/td>\n<\/tr>\n<tr>\n<td>Kutu Miktar\u0131<\/td>\n<td>6 Adet<\/td>\n<\/tr>\n<tr>\n<td>Standard\u0131<\/td>\n<td>CE EN 141<\/td>\n<\/tr>\n<\/table>\n","protected":false},"excerpt":{"rendered":"<p>Organik gaz ve buharlar,inorganik gaz ve buharlar,asir gazlar\u0131na,amonyak ve t\u00fcrevlerine kar\u015f\u0131 koruma sa\u011flar.<\/p>\n","protected":false},"featured_media":24881,"comment_status":"open","ping_status":"closed","template":"","meta":{"_acf_changed":false},"product_brand":[1516],"product_cat":[1565],"product_tag":[],"class_list":{"0":"post-24882","1":"product","2":"type-product","3":"status-publish","4":"has-post-thumbnail","6":"product_brand-honeywell","7":"product_cat-yok-yok","9":"first","10":"instock","11":"taxable","12":"shipping-taxable","13":"purchasable","14":"product-type-simple","15":"add-to-wishlist-after_add_to_cart"},"acf":[],"_links":{"self":[{"href":"https:\/\/www.makitamarket.com.tr\/site\/wp-json\/wp\/v2\/product\/24882","targetHints":{"allow":["GET"]}}],"collection":[{"href":"https:\/\/www.makitamarket.com.tr\/site\/wp-json\/wp\/v2\/product"}],"about":[{"href":"https:\/\/www.makitamarket.com.tr\/site\/wp-json\/wp\/v2\/types\/product"}],"replies":[{"embeddable":true,"href":"https:\/\/www.makitamarket.com.tr\/site\/wp-json\/wp\/v2\/comments?post=24882"}],"wp:featuredmedia":[{"embeddable":true,"href":"https:\/\/www.makitamarket.com.tr\/site\/wp-json\/wp\/v2\/media\/24881"}],"wp:attachment":[{"href":"https:\/\/www.makitamarket.com.tr\/site\/wp-json\/wp\/v2\/media?parent=24882"}],"wp:term":[{"taxonomy":"product_brand","embeddable":true,"href":"https:\/\/www.makitamarket.com.tr\/site\/wp-json\/wp\/v2\/product_brand?post=24882"},{"taxonomy":"product_cat","embeddable":true,"href":"https:\/\/www.makitamarket.com.tr\/site\/wp-json\/wp\/v2\/product_cat?post=24882"},{"taxonomy":"product_tag","embeddable":true,"href":"https:\/\/www.makitamarket.com.tr\/site\/wp-json\/wp\/v2\/product_tag?post=24882"}],"curies":[{"name":"wp","href":"https:\/\/api.w.org\/{rel}","templated":true}]}}