{"id":24884,"date":"2025-09-20T14:13:53","date_gmt":"2025-09-20T11:13:53","guid":{"rendered":"https:\/\/www.makitamarket.com.tr\/site\/urun\/honeywell-1013942-sperian-bilsom-leightning-l2fhv\/"},"modified":"2025-11-16T11:56:23","modified_gmt":"2025-11-16T08:56:23","slug":"honeywell-1013942-sperian-bilsom-leightning-l2fhv","status":"publish","type":"product","link":"https:\/\/www.makitamarket.com.tr\/site\/urun\/honeywell-1013942-sperian-bilsom-leightning-l2fhv\/","title":{"rendered":"Honeywell 1013942 SPERIAN BILSOM LEIGHTNING L2FHV"},"content":{"rendered":"<p>-Quick-Click kolay y\u00fckseklik ayar\u0131<br \/>\n-Ge\u00e7meli kulak yast\u0131klar\u0131<br \/>\n-Yal\u0131tkan \u00f6zelli\u011fi ile elektrik bulunan ortamlarda g\u00fcvenli yal\u0131t\u0131m sa\u011flar<br \/>\n-\u0130\u00e7 havaland\u0131rmal\u0131 kafaband\u0131 sayesinde ba\u015f \u00fczerindeki bas\u0131nc\u0131 minimize derek s\u0131cak ve nemli ortamlarda nefes al\u0131m sa\u011flar<br \/>\n-Katlanabilir \u00f6zelli\u011fi,kafa band\u0131 ve kulak kab\u0131 y\u00fcksek g\u00f6r\u00fcn\u00fcrl\u00fc\u011fe (Hi-Visibility) sahiptir<\/p>\n<table>\n<tr>\n<td>SNR<\/td>\n<td>29 dB<\/td>\n<\/tr>\n<tr>\n<td>Standard\u0131<\/td>\n<td>CE EN 352-1<\/td>\n<\/tr>\n<tr>\n<td>Kutu Miktar\u0131<\/td>\n<td>1 Adet<\/td>\n<\/tr>\n<tr>\n<td>Koli Miktar\u0131<\/td>\n<td>20 Adet<\/td>\n<\/tr>\n<\/table>\n","protected":false},"excerpt":{"rendered":"<p>-Quick-Click kolay y\u00fckseklik ayar\u0131<br \/>\n-Ge\u00e7meli kulak yast\u0131klar\u0131<br \/>\n-Yal\u0131tkan \u00f6zelli\u011fi ile elektrik bulunan ortamlarda g\u00fcvenli yal\u0131t\u0131m sa\u011flar<br \/>\n-\u0130\u00e7 havaland\u0131rmal\u0131 kafaband\u0131 sayesinde ba\u015f \u00fczerindeki bas\u0131nc\u0131 minimize derek s\u0131cak ve nemli ortamlarda nefes al\u0131m sa\u011flar<br \/>\n-Katlanabilir \u00f6zelli\u011fi,kafa band\u0131 ve kulak kab\u0131 y\u00fcksek g\u00f6r\u00fcn\u00fcrl\u00fc\u011fe (Hi-Visibility) sahiptir<\/p>\n","protected":false},"featured_media":24883,"comment_status":"open","ping_status":"closed","template":"","meta":{"_acf_changed":false},"product_brand":[1516],"product_cat":[1565],"product_tag":[],"class_list":{"0":"post-24884","1":"product","2":"type-product","3":"status-publish","4":"has-post-thumbnail","6":"product_brand-honeywell","7":"product_cat-yok-yok","9":"first","10":"instock","11":"taxable","12":"shipping-taxable","13":"purchasable","14":"product-type-simple","15":"add-to-wishlist-after_add_to_cart"},"acf":[],"_links":{"self":[{"href":"https:\/\/www.makitamarket.com.tr\/site\/wp-json\/wp\/v2\/product\/24884","targetHints":{"allow":["GET"]}}],"collection":[{"href":"https:\/\/www.makitamarket.com.tr\/site\/wp-json\/wp\/v2\/product"}],"about":[{"href":"https:\/\/www.makitamarket.com.tr\/site\/wp-json\/wp\/v2\/types\/product"}],"replies":[{"embeddable":true,"href":"https:\/\/www.makitamarket.com.tr\/site\/wp-json\/wp\/v2\/comments?post=24884"}],"wp:featuredmedia":[{"embeddable":true,"href":"https:\/\/www.makitamarket.com.tr\/site\/wp-json\/wp\/v2\/media\/24883"}],"wp:attachment":[{"href":"https:\/\/www.makitamarket.com.tr\/site\/wp-json\/wp\/v2\/media?parent=24884"}],"wp:term":[{"taxonomy":"product_brand","embeddable":true,"href":"https:\/\/www.makitamarket.com.tr\/site\/wp-json\/wp\/v2\/product_brand?post=24884"},{"taxonomy":"product_cat","embeddable":true,"href":"https:\/\/www.makitamarket.com.tr\/site\/wp-json\/wp\/v2\/product_cat?post=24884"},{"taxonomy":"product_tag","embeddable":true,"href":"https:\/\/www.makitamarket.com.tr\/site\/wp-json\/wp\/v2\/product_tag?post=24884"}],"curies":[{"name":"wp","href":"https:\/\/api.w.org\/{rel}","templated":true}]}}