{"id":24885,"date":"2025-09-20T14:13:54","date_gmt":"2025-09-20T11:13:54","guid":{"rendered":"https:\/\/www.makitamarket.com.tr\/site\/urun\/proxxon-24006-talas-toplama-ve-capak-muhafazasi\/"},"modified":"2026-04-06T17:58:50","modified_gmt":"2026-04-06T14:58:50","slug":"proxxon-24006-talas-toplama-ve-capak-muhafazasi","status":"publish","type":"product","link":"https:\/\/www.makitamarket.com.tr\/site\/urun\/proxxon-24006-talas-toplama-ve-capak-muhafazasi\/","title":{"rendered":"Proxxon 24006 TALA\u015e TOPLAMA VE \u00c7APAK MUHAFAZASI"},"content":{"rendered":"<p>\n\tPD230\/E i\u00e7in 495x215x150mm ebatl\u0131 tala\u015f toplama ve \u00e7apak muhafazas\u0131.<\/p>\n<table>\n<tr>\n<td>Tabla \u00d6l\u00e7\u00fcs\u00fc<\/td>\n<td>495X215X150 mm.<\/td>\n<\/tr>\n<\/table>\n","protected":false},"excerpt":{"rendered":"<p>\n\tPD230\/E i\u00e7in 495x215x150mm ebatl\u0131 tala\u015f toplama ve \u00e7apak muhafazas\u0131.<\/p>\n","protected":false},"featured_media":0,"comment_status":"open","ping_status":"closed","template":"","meta":{"_acf_changed":false},"product_brand":[1501],"product_cat":[1565],"product_tag":[],"class_list":{"0":"post-24885","1":"product","2":"type-product","3":"status-publish","5":"product_brand-proxxon","6":"product_cat-yok-yok","8":"first","9":"instock","10":"taxable","11":"shipping-taxable","12":"purchasable","13":"product-type-simple","14":"add-to-wishlist-after_add_to_cart"},"acf":[],"_links":{"self":[{"href":"https:\/\/www.makitamarket.com.tr\/site\/wp-json\/wp\/v2\/product\/24885","targetHints":{"allow":["GET"]}}],"collection":[{"href":"https:\/\/www.makitamarket.com.tr\/site\/wp-json\/wp\/v2\/product"}],"about":[{"href":"https:\/\/www.makitamarket.com.tr\/site\/wp-json\/wp\/v2\/types\/product"}],"replies":[{"embeddable":true,"href":"https:\/\/www.makitamarket.com.tr\/site\/wp-json\/wp\/v2\/comments?post=24885"}],"wp:attachment":[{"href":"https:\/\/www.makitamarket.com.tr\/site\/wp-json\/wp\/v2\/media?parent=24885"}],"wp:term":[{"taxonomy":"product_brand","embeddable":true,"href":"https:\/\/www.makitamarket.com.tr\/site\/wp-json\/wp\/v2\/product_brand?post=24885"},{"taxonomy":"product_cat","embeddable":true,"href":"https:\/\/www.makitamarket.com.tr\/site\/wp-json\/wp\/v2\/product_cat?post=24885"},{"taxonomy":"product_tag","embeddable":true,"href":"https:\/\/www.makitamarket.com.tr\/site\/wp-json\/wp\/v2\/product_tag?post=24885"}],"curies":[{"name":"wp","href":"https:\/\/api.w.org\/{rel}","templated":true}]}}