{"id":24887,"date":"2025-09-20T14:13:55","date_gmt":"2025-09-20T11:13:55","guid":{"rendered":"https:\/\/www.makitamarket.com.tr\/site\/urun\/proxxon-24042-proxxon-pd230-e-icin-2-10-pens-set-24042\/"},"modified":"2026-04-06T17:58:55","modified_gmt":"2026-04-06T14:58:55","slug":"proxxon-24042-proxxon-pd230-e-icin-2-10-pens-set-24042","status":"publish","type":"product","link":"https:\/\/www.makitamarket.com.tr\/site\/urun\/proxxon-24042-proxxon-pd230-e-icin-2-10-pens-set-24042\/","title":{"rendered":"Proxxon 24042 PROXXON PD230\/E I\u00c7IN 2 &#8211; 10 PENS SET 24042"},"content":{"rendered":"<p>\nPD230\/E \u0130\u00c7\u0130N 2-10 MM PENS SET\u0130<\/p>\n<table>\n<tr>\n<td>\u00dcr\u00fcn \u0130\u00e7eri\u011fi<\/td>\n<td>2.0 &#8211; 2.5 &#8211; 3.0 &#8211; 4.0 &#8211; 5.0 &#8211; 6.0 &#8211; 8.0 ve 10mm.<\/td>\n<\/tr>\n<\/table>\n","protected":false},"excerpt":{"rendered":"<p>\nPD230\/E \u0130\u00c7\u0130N 2-10 MM PENS SET\u0130<\/p>\n","protected":false},"featured_media":24886,"comment_status":"open","ping_status":"closed","template":"","meta":{"_acf_changed":false},"product_brand":[1501],"product_cat":[1565],"product_tag":[],"class_list":{"0":"post-24887","1":"product","2":"type-product","3":"status-publish","4":"has-post-thumbnail","6":"product_brand-proxxon","7":"product_cat-yok-yok","9":"first","10":"instock","11":"taxable","12":"shipping-taxable","13":"purchasable","14":"product-type-simple","15":"add-to-wishlist-after_add_to_cart"},"acf":[],"_links":{"self":[{"href":"https:\/\/www.makitamarket.com.tr\/site\/wp-json\/wp\/v2\/product\/24887","targetHints":{"allow":["GET"]}}],"collection":[{"href":"https:\/\/www.makitamarket.com.tr\/site\/wp-json\/wp\/v2\/product"}],"about":[{"href":"https:\/\/www.makitamarket.com.tr\/site\/wp-json\/wp\/v2\/types\/product"}],"replies":[{"embeddable":true,"href":"https:\/\/www.makitamarket.com.tr\/site\/wp-json\/wp\/v2\/comments?post=24887"}],"wp:featuredmedia":[{"embeddable":true,"href":"https:\/\/www.makitamarket.com.tr\/site\/wp-json\/wp\/v2\/media\/24886"}],"wp:attachment":[{"href":"https:\/\/www.makitamarket.com.tr\/site\/wp-json\/wp\/v2\/media?parent=24887"}],"wp:term":[{"taxonomy":"product_brand","embeddable":true,"href":"https:\/\/www.makitamarket.com.tr\/site\/wp-json\/wp\/v2\/product_brand?post=24887"},{"taxonomy":"product_cat","embeddable":true,"href":"https:\/\/www.makitamarket.com.tr\/site\/wp-json\/wp\/v2\/product_cat?post=24887"},{"taxonomy":"product_tag","embeddable":true,"href":"https:\/\/www.makitamarket.com.tr\/site\/wp-json\/wp\/v2\/product_tag?post=24887"}],"curies":[{"name":"wp","href":"https:\/\/api.w.org\/{rel}","templated":true}]}}