{"id":24893,"date":"2025-09-20T14:14:01","date_gmt":"2025-09-20T11:14:01","guid":{"rendered":"https:\/\/www.makitamarket.com.tr\/site\/urun\/proxxon-28290-proxxon-hassas-polisaj-disk235mm-28290\/"},"modified":"2026-04-13T23:28:40","modified_gmt":"2026-04-13T20:28:40","slug":"proxxon-28290-proxxon-hassas-polisaj-disk235mm-28290","status":"publish","type":"product","link":"https:\/\/www.makitamarket.com.tr\/site\/urun\/proxxon-28290-proxxon-hassas-polisaj-disk235mm-28290\/","title":{"rendered":"Proxxon 28290 PROXXON HASSAS POLISAJ DISK2,35MM 28290"},"content":{"rendered":"<p align=\"left\">\n\t<font color=\"#1f1a17\" face=\"MyriadPro-Regular\" size=\"1\"><font color=\"#1f1a17\" face=\"MyriadPro-Regular\" size=\"1\"><font color=\"#1f1a17\" face=\"MyriadPro-Regular\" size=\"1\">2,35mm \u00e7apl\u0131 1ad mil 4ad 22mm \u00e7apl\u0131 hassas polisaj diski<\/font><\/font><\/font><\/p>\n<p>\n\t<font color=\"#1f1a17\" face=\"MyriadPro-Regular\" size=\"1\"><font color=\"#1f1a17\" face=\"MyriadPro-Regular\" size=\"1\"><font color=\"#1f1a17\" face=\"MyriadPro-Regular\" size=\"1\">1ad mermi bi\u00e7imli u\u00e7 toplam 5 par\u00e7a<\/font><\/font><\/font><\/p>\n<table><\/table>\n","protected":false},"excerpt":{"rendered":"<p align=\"left\">\n\t<font color=\"#1f1a17\" face=\"MyriadPro-Regular\" size=\"1\"><font color=\"#1f1a17\" face=\"MyriadPro-Regular\" size=\"1\"><font color=\"#1f1a17\" face=\"MyriadPro-Regular\" size=\"1\">2,35mm \u00e7apl\u0131 1ad mil 4ad 22mm \u00e7apl\u0131 hassas polisaj diski<\/font><\/font><\/font><\/p>\n<p>\n\t<font color=\"#1f1a17\" face=\"MyriadPro-Regular\" size=\"1\"><font color=\"#1f1a17\" face=\"MyriadPro-Regular\" size=\"1\"><font color=\"#1f1a17\" face=\"MyriadPro-Regular\" size=\"1\">1ad mermi bi\u00e7imli u\u00e7 toplam 5 par\u00e7a<\/font><\/font><\/font><\/p>\n","protected":false},"featured_media":24892,"comment_status":"open","ping_status":"closed","template":"","meta":{"_acf_changed":false},"product_brand":[1501],"product_cat":[1565],"product_tag":[],"class_list":{"0":"post-24893","1":"product","2":"type-product","3":"status-publish","4":"has-post-thumbnail","6":"product_brand-proxxon","7":"product_cat-yok-yok","9":"first","10":"outofstock","11":"taxable","12":"shipping-taxable","13":"purchasable","14":"product-type-simple","15":"add-to-wishlist-after_add_to_cart"},"acf":[],"_links":{"self":[{"href":"https:\/\/www.makitamarket.com.tr\/site\/wp-json\/wp\/v2\/product\/24893","targetHints":{"allow":["GET"]}}],"collection":[{"href":"https:\/\/www.makitamarket.com.tr\/site\/wp-json\/wp\/v2\/product"}],"about":[{"href":"https:\/\/www.makitamarket.com.tr\/site\/wp-json\/wp\/v2\/types\/product"}],"replies":[{"embeddable":true,"href":"https:\/\/www.makitamarket.com.tr\/site\/wp-json\/wp\/v2\/comments?post=24893"}],"wp:featuredmedia":[{"embeddable":true,"href":"https:\/\/www.makitamarket.com.tr\/site\/wp-json\/wp\/v2\/media\/24892"}],"wp:attachment":[{"href":"https:\/\/www.makitamarket.com.tr\/site\/wp-json\/wp\/v2\/media?parent=24893"}],"wp:term":[{"taxonomy":"product_brand","embeddable":true,"href":"https:\/\/www.makitamarket.com.tr\/site\/wp-json\/wp\/v2\/product_brand?post=24893"},{"taxonomy":"product_cat","embeddable":true,"href":"https:\/\/www.makitamarket.com.tr\/site\/wp-json\/wp\/v2\/product_cat?post=24893"},{"taxonomy":"product_tag","embeddable":true,"href":"https:\/\/www.makitamarket.com.tr\/site\/wp-json\/wp\/v2\/product_tag?post=24893"}],"curies":[{"name":"wp","href":"https:\/\/api.w.org\/{rel}","templated":true}]}}