{"id":24904,"date":"2025-09-20T14:14:07","date_gmt":"2025-09-20T11:14:07","guid":{"rendered":"https:\/\/www.makitamarket.com.tr\/site\/urun\/proxxon-24425-proxxon-freze-tutucu-24425\/"},"modified":"2026-03-30T11:20:25","modified_gmt":"2026-03-30T08:20:25","slug":"proxxon-24425-proxxon-freze-tutucu-24425","status":"publish","type":"product","link":"https:\/\/www.makitamarket.com.tr\/site\/urun\/proxxon-24425-proxxon-freze-tutucu-24425\/","title":{"rendered":"Proxxon 24425 PROXXON FREZE TUTUCU 24425"},"content":{"rendered":"<p>\n\t<font color=\"#1f1a17\" face=\"MyriadPro-Regular\" size=\"1\"><font color=\"#1f1a17\" face=\"MyriadPro-Regular\" size=\"1\"><font color=\"#1f1a17\" face=\"MyriadPro-Regular\" size=\"1\">16mm delikli 10mm mil \u00e7apl\u0131 HSS di\u015fli kesici mili<\/font><\/font><\/font><\/p>\n<table><\/table>\n","protected":false},"excerpt":{"rendered":"<p>\n\t<font color=\"#1f1a17\" face=\"MyriadPro-Regular\" size=\"1\"><font color=\"#1f1a17\" face=\"MyriadPro-Regular\" size=\"1\"><font color=\"#1f1a17\" face=\"MyriadPro-Regular\" size=\"1\">16mm delikli 10mm mil \u00e7apl\u0131 HSS di\u015fli kesici mili<\/font><\/font><\/font><\/p>\n","protected":false},"featured_media":24903,"comment_status":"open","ping_status":"closed","template":"","meta":{"_acf_changed":false},"product_brand":[1501],"product_cat":[1565],"product_tag":[],"class_list":{"0":"post-24904","1":"product","2":"type-product","3":"status-publish","4":"has-post-thumbnail","6":"product_brand-proxxon","7":"product_cat-yok-yok","9":"first","10":"instock","11":"taxable","12":"shipping-taxable","13":"purchasable","14":"product-type-simple","15":"add-to-wishlist-after_add_to_cart"},"acf":[],"_links":{"self":[{"href":"https:\/\/www.makitamarket.com.tr\/site\/wp-json\/wp\/v2\/product\/24904","targetHints":{"allow":["GET"]}}],"collection":[{"href":"https:\/\/www.makitamarket.com.tr\/site\/wp-json\/wp\/v2\/product"}],"about":[{"href":"https:\/\/www.makitamarket.com.tr\/site\/wp-json\/wp\/v2\/types\/product"}],"replies":[{"embeddable":true,"href":"https:\/\/www.makitamarket.com.tr\/site\/wp-json\/wp\/v2\/comments?post=24904"}],"wp:featuredmedia":[{"embeddable":true,"href":"https:\/\/www.makitamarket.com.tr\/site\/wp-json\/wp\/v2\/media\/24903"}],"wp:attachment":[{"href":"https:\/\/www.makitamarket.com.tr\/site\/wp-json\/wp\/v2\/media?parent=24904"}],"wp:term":[{"taxonomy":"product_brand","embeddable":true,"href":"https:\/\/www.makitamarket.com.tr\/site\/wp-json\/wp\/v2\/product_brand?post=24904"},{"taxonomy":"product_cat","embeddable":true,"href":"https:\/\/www.makitamarket.com.tr\/site\/wp-json\/wp\/v2\/product_cat?post=24904"},{"taxonomy":"product_tag","embeddable":true,"href":"https:\/\/www.makitamarket.com.tr\/site\/wp-json\/wp\/v2\/product_tag?post=24904"}],"curies":[{"name":"wp","href":"https:\/\/api.w.org\/{rel}","templated":true}]}}