{"id":24911,"date":"2025-09-20T14:14:12","date_gmt":"2025-09-20T11:14:12","guid":{"rendered":"https:\/\/www.makitamarket.com.tr\/site\/urun\/proxxon-28780-proxxon-zimparalama-tasi-28780\/"},"modified":"2026-04-06T17:57:45","modified_gmt":"2026-04-06T14:57:45","slug":"proxxon-28780-proxxon-zimparalama-tasi-28780","status":"publish","type":"product","link":"https:\/\/www.makitamarket.com.tr\/site\/urun\/proxxon-28780-proxxon-zimparalama-tasi-28780\/","title":{"rendered":"Proxxon 28780 PROXXON ZIMPARALAMA TASI 28780"},"content":{"rendered":"<p align=\"left\">\n\t<font color=\"#1f1a17\" face=\"MyriadPro-Regular\" size=\"1\"><font color=\"#1f1a17\" face=\"MyriadPro-Regular\" size=\"1\"><font color=\"#1f1a17\" face=\"MyriadPro-Regular\" size=\"1\">3,0mm mil \u00e7apl\u0131 3ad korundum ta\u015flama ucu silindirik,<\/font><\/font><\/font><\/p>\n<p>\n\t<font color=\"#1f1a17\" face=\"MyriadPro-Regular\" size=\"1\"><font color=\"#1f1a17\" face=\"MyriadPro-Regular\" size=\"1\"><font color=\"#1f1a17\" face=\"MyriadPro-Regular\" size=\"1\">k\u00fcre ve d\u00fcz bi\u00e7imli d\u00f6k\u00fcm demir, \u00e7elik ve sert metal ala\u015f\u0131mlar i\u00e7in<\/font><\/font><\/font><\/p>\n<table><\/table>\n","protected":false},"excerpt":{"rendered":"<p align=\"left\">\n\t<font color=\"#1f1a17\" face=\"MyriadPro-Regular\" size=\"1\"><font color=\"#1f1a17\" face=\"MyriadPro-Regular\" size=\"1\"><font color=\"#1f1a17\" face=\"MyriadPro-Regular\" size=\"1\">3,0mm mil \u00e7apl\u0131 3ad korundum ta\u015flama ucu silindirik,<\/font><\/font><\/font><\/p>\n<p>\n\t<font color=\"#1f1a17\" face=\"MyriadPro-Regular\" size=\"1\"><font color=\"#1f1a17\" face=\"MyriadPro-Regular\" size=\"1\"><font color=\"#1f1a17\" face=\"MyriadPro-Regular\" size=\"1\">k\u00fcre ve d\u00fcz bi\u00e7imli d\u00f6k\u00fcm demir, \u00e7elik ve sert metal ala\u015f\u0131mlar i\u00e7in<\/font><\/font><\/font><\/p>\n","protected":false},"featured_media":24910,"comment_status":"open","ping_status":"closed","template":"","meta":{"_acf_changed":false},"product_brand":[1501],"product_cat":[1565],"product_tag":[],"class_list":{"0":"post-24911","1":"product","2":"type-product","3":"status-publish","4":"has-post-thumbnail","6":"product_brand-proxxon","7":"product_cat-yok-yok","9":"first","10":"instock","11":"taxable","12":"shipping-taxable","13":"purchasable","14":"product-type-simple","15":"add-to-wishlist-after_add_to_cart"},"acf":[],"_links":{"self":[{"href":"https:\/\/www.makitamarket.com.tr\/site\/wp-json\/wp\/v2\/product\/24911","targetHints":{"allow":["GET"]}}],"collection":[{"href":"https:\/\/www.makitamarket.com.tr\/site\/wp-json\/wp\/v2\/product"}],"about":[{"href":"https:\/\/www.makitamarket.com.tr\/site\/wp-json\/wp\/v2\/types\/product"}],"replies":[{"embeddable":true,"href":"https:\/\/www.makitamarket.com.tr\/site\/wp-json\/wp\/v2\/comments?post=24911"}],"wp:featuredmedia":[{"embeddable":true,"href":"https:\/\/www.makitamarket.com.tr\/site\/wp-json\/wp\/v2\/media\/24910"}],"wp:attachment":[{"href":"https:\/\/www.makitamarket.com.tr\/site\/wp-json\/wp\/v2\/media?parent=24911"}],"wp:term":[{"taxonomy":"product_brand","embeddable":true,"href":"https:\/\/www.makitamarket.com.tr\/site\/wp-json\/wp\/v2\/product_brand?post=24911"},{"taxonomy":"product_cat","embeddable":true,"href":"https:\/\/www.makitamarket.com.tr\/site\/wp-json\/wp\/v2\/product_cat?post=24911"},{"taxonomy":"product_tag","embeddable":true,"href":"https:\/\/www.makitamarket.com.tr\/site\/wp-json\/wp\/v2\/product_tag?post=24911"}],"curies":[{"name":"wp","href":"https:\/\/api.w.org\/{rel}","templated":true}]}}