{"id":24921,"date":"2025-09-20T14:14:18","date_gmt":"2025-09-20T11:14:18","guid":{"rendered":"https:\/\/www.makitamarket.com.tr\/site\/urun\/promax-pm72901-serit-testere-yedegi-4-tpi\/"},"modified":"2025-11-16T11:58:21","modified_gmt":"2025-11-16T08:58:21","slug":"promax-pm72901-serit-testere-yedegi-4-tpi","status":"publish","type":"product","link":"https:\/\/www.makitamarket.com.tr\/site\/urun\/promax-pm72901-serit-testere-yedegi-4-tpi\/","title":{"rendered":"Promax PM72901 \u015eER\u0130T TESTERE YEDE\u011e\u0130 4 TPI"},"content":{"rendered":"<table>\n<tr>\n<td>Testere \u00d6l\u00e7\u00fcs\u00fc<\/td>\n<td>2.240x16x0.5mm \/ 4TPI<\/td>\n<\/tr>\n<\/table>\n","protected":false},"excerpt":{"rendered":"<p>Testere \u00d6l\u00e7\u00fcs\u00fc 2.240x16x0.5mm \/ 4TPI<\/p>\n","protected":false},"featured_media":24920,"comment_status":"open","ping_status":"closed","template":"","meta":{"_acf_changed":false},"product_brand":[1560],"product_cat":[1565],"product_tag":[],"class_list":{"0":"post-24921","1":"product","2":"type-product","3":"status-publish","4":"has-post-thumbnail","6":"product_brand-promax","7":"product_cat-yok-yok","9":"first","10":"instock","11":"taxable","12":"shipping-taxable","13":"purchasable","14":"product-type-simple","15":"add-to-wishlist-after_add_to_cart"},"acf":[],"_links":{"self":[{"href":"https:\/\/www.makitamarket.com.tr\/site\/wp-json\/wp\/v2\/product\/24921","targetHints":{"allow":["GET"]}}],"collection":[{"href":"https:\/\/www.makitamarket.com.tr\/site\/wp-json\/wp\/v2\/product"}],"about":[{"href":"https:\/\/www.makitamarket.com.tr\/site\/wp-json\/wp\/v2\/types\/product"}],"replies":[{"embeddable":true,"href":"https:\/\/www.makitamarket.com.tr\/site\/wp-json\/wp\/v2\/comments?post=24921"}],"wp:featuredmedia":[{"embeddable":true,"href":"https:\/\/www.makitamarket.com.tr\/site\/wp-json\/wp\/v2\/media\/24920"}],"wp:attachment":[{"href":"https:\/\/www.makitamarket.com.tr\/site\/wp-json\/wp\/v2\/media?parent=24921"}],"wp:term":[{"taxonomy":"product_brand","embeddable":true,"href":"https:\/\/www.makitamarket.com.tr\/site\/wp-json\/wp\/v2\/product_brand?post=24921"},{"taxonomy":"product_cat","embeddable":true,"href":"https:\/\/www.makitamarket.com.tr\/site\/wp-json\/wp\/v2\/product_cat?post=24921"},{"taxonomy":"product_tag","embeddable":true,"href":"https:\/\/www.makitamarket.com.tr\/site\/wp-json\/wp\/v2\/product_tag?post=24921"}],"curies":[{"name":"wp","href":"https:\/\/api.w.org\/{rel}","templated":true}]}}