{"id":24957,"date":"2025-09-20T14:14:40","date_gmt":"2025-09-20T11:14:40","guid":{"rendered":"https:\/\/www.makitamarket.com.tr\/site\/urun\/apolo-mea-501188-mea-dubel-501188-r-8-x-80-sp\/"},"modified":"2026-05-12T19:55:21","modified_gmt":"2026-05-12T16:55:21","slug":"apolo-mea-501188-mea-dubel-501188-r-8-x-80-sp","status":"publish","type":"product","link":"https:\/\/www.makitamarket.com.tr\/site\/urun\/apolo-mea-501188-mea-dubel-501188-r-8-x-80-sp\/","title":{"rendered":"Apolo Mea 501188 MEA DUBEL 501188 R 8 x 80 SP"},"content":{"rendered":"<table>\n<tr>\n<td>Koli Miktar\u0131<\/td>\n<td>450 Adet<\/td>\n<\/tr>\n<tr>\n<td>Kutu Miktar\u0131<\/td>\n<td>25 Adet<\/td>\n<\/tr>\n<tr>\n<td>Vida \u00d6l\u00e7\u00fcs\u00fc (mm)<\/td>\n<td>5.5 &#8211; Vidal\u0131<\/td>\n<\/tr>\n<tr>\n<td>Delik \u00c7ap\u0131 x Delik Derinli\u011fi (mm)<\/td>\n<td>8 x 55<\/td>\n<\/tr>\n<tr>\n<td>D\u00fcbel \u00c7ap\u0131 x Uzunluk (mm)<\/td>\n<td>8 x 80<\/td>\n<\/tr>\n<\/table>\n","protected":false},"excerpt":{"rendered":"<p>Koli Miktar\u0131 450 Adet Kutu Miktar\u0131 25 Adet Vida \u00d6l\u00e7\u00fcs\u00fc (mm) 5.5 &#8211; Vidal\u0131 Delik \u00c7ap\u0131 x Delik Derinli\u011fi (mm) 8 x 55 D\u00fcbel \u00c7ap\u0131 x Uzunluk (mm) 8 x<\/p>\n","protected":false},"featured_media":24956,"comment_status":"open","ping_status":"closed","template":"","meta":{"_acf_changed":false},"product_brand":[1561],"product_cat":[1565],"product_tag":[],"class_list":{"0":"post-24957","1":"product","2":"type-product","3":"status-publish","4":"has-post-thumbnail","6":"product_brand-apolo-mea","7":"product_cat-yok-yok","9":"first","10":"instock","11":"taxable","12":"shipping-taxable","13":"purchasable","14":"product-type-simple","15":"add-to-wishlist-after_add_to_cart"},"acf":[],"_links":{"self":[{"href":"https:\/\/www.makitamarket.com.tr\/site\/wp-json\/wp\/v2\/product\/24957","targetHints":{"allow":["GET"]}}],"collection":[{"href":"https:\/\/www.makitamarket.com.tr\/site\/wp-json\/wp\/v2\/product"}],"about":[{"href":"https:\/\/www.makitamarket.com.tr\/site\/wp-json\/wp\/v2\/types\/product"}],"replies":[{"embeddable":true,"href":"https:\/\/www.makitamarket.com.tr\/site\/wp-json\/wp\/v2\/comments?post=24957"}],"wp:featuredmedia":[{"embeddable":true,"href":"https:\/\/www.makitamarket.com.tr\/site\/wp-json\/wp\/v2\/media\/24956"}],"wp:attachment":[{"href":"https:\/\/www.makitamarket.com.tr\/site\/wp-json\/wp\/v2\/media?parent=24957"}],"wp:term":[{"taxonomy":"product_brand","embeddable":true,"href":"https:\/\/www.makitamarket.com.tr\/site\/wp-json\/wp\/v2\/product_brand?post=24957"},{"taxonomy":"product_cat","embeddable":true,"href":"https:\/\/www.makitamarket.com.tr\/site\/wp-json\/wp\/v2\/product_cat?post=24957"},{"taxonomy":"product_tag","embeddable":true,"href":"https:\/\/www.makitamarket.com.tr\/site\/wp-json\/wp\/v2\/product_tag?post=24957"}],"curies":[{"name":"wp","href":"https:\/\/api.w.org\/{rel}","templated":true}]}}