{"id":24963,"date":"2025-09-20T14:14:42","date_gmt":"2025-09-20T11:14:42","guid":{"rendered":"https:\/\/www.makitamarket.com.tr\/site\/urun\/apolo-mea-501509-mea-dubel-501509-np-8-x-60\/"},"modified":"2026-04-06T18:00:06","modified_gmt":"2026-04-06T15:00:06","slug":"apolo-mea-501509-mea-dubel-501509-np-8-x-60","status":"publish","type":"product","link":"https:\/\/www.makitamarket.com.tr\/site\/urun\/apolo-mea-501509-mea-dubel-501509-np-8-x-60\/","title":{"rendered":"Apolo Mea 501509 MEA DUBEL 501509 NP 8 x 60"},"content":{"rendered":"<table>\n<tr>\n<td>Koli Miktar\u0131<\/td>\n<td>600 Adet<\/td>\n<\/tr>\n<tr>\n<td>Kutu Miktar\u0131<\/td>\n<td>50 Adet<\/td>\n<\/tr>\n<tr>\n<td>Vida \u00d6l\u00e7\u00fcs\u00fc (mm)<\/td>\n<td>5 &#8211; 68<\/td>\n<\/tr>\n<tr>\n<td>Delik \u00c7ap\u0131 x Delik Derinli\u011fi (mm)<\/td>\n<td>8 x 50<\/td>\n<\/tr>\n<tr>\n<td>D\u00fcbel \u00c7ap\u0131 x Uzunluk (mm)<\/td>\n<td>8 x 60<\/td>\n<\/tr>\n<\/table>\n","protected":false},"excerpt":{"rendered":"<p>Koli Miktar\u0131 600 Adet Kutu Miktar\u0131 50 Adet Vida \u00d6l\u00e7\u00fcs\u00fc (mm) 5 &#8211; 68 Delik \u00c7ap\u0131 x Delik Derinli\u011fi (mm) 8 x 50 D\u00fcbel \u00c7ap\u0131 x Uzunluk (mm) 8 x<\/p>\n","protected":false},"featured_media":24962,"comment_status":"open","ping_status":"closed","template":"","meta":{"_acf_changed":false},"product_brand":[1561],"product_cat":[1565],"product_tag":[],"class_list":{"0":"post-24963","1":"product","2":"type-product","3":"status-publish","4":"has-post-thumbnail","6":"product_brand-apolo-mea","7":"product_cat-yok-yok","9":"first","10":"outofstock","11":"taxable","12":"shipping-taxable","13":"purchasable","14":"product-type-simple","15":"add-to-wishlist-after_add_to_cart"},"acf":[],"_links":{"self":[{"href":"https:\/\/www.makitamarket.com.tr\/site\/wp-json\/wp\/v2\/product\/24963","targetHints":{"allow":["GET"]}}],"collection":[{"href":"https:\/\/www.makitamarket.com.tr\/site\/wp-json\/wp\/v2\/product"}],"about":[{"href":"https:\/\/www.makitamarket.com.tr\/site\/wp-json\/wp\/v2\/types\/product"}],"replies":[{"embeddable":true,"href":"https:\/\/www.makitamarket.com.tr\/site\/wp-json\/wp\/v2\/comments?post=24963"}],"wp:featuredmedia":[{"embeddable":true,"href":"https:\/\/www.makitamarket.com.tr\/site\/wp-json\/wp\/v2\/media\/24962"}],"wp:attachment":[{"href":"https:\/\/www.makitamarket.com.tr\/site\/wp-json\/wp\/v2\/media?parent=24963"}],"wp:term":[{"taxonomy":"product_brand","embeddable":true,"href":"https:\/\/www.makitamarket.com.tr\/site\/wp-json\/wp\/v2\/product_brand?post=24963"},{"taxonomy":"product_cat","embeddable":true,"href":"https:\/\/www.makitamarket.com.tr\/site\/wp-json\/wp\/v2\/product_cat?post=24963"},{"taxonomy":"product_tag","embeddable":true,"href":"https:\/\/www.makitamarket.com.tr\/site\/wp-json\/wp\/v2\/product_tag?post=24963"}],"curies":[{"name":"wp","href":"https:\/\/api.w.org\/{rel}","templated":true}]}}