{"id":24969,"date":"2025-09-20T14:14:43","date_gmt":"2025-09-20T11:14:43","guid":{"rendered":"https:\/\/www.makitamarket.com.tr\/site\/urun\/apolo-mea-502629-mea-dubel-502629-mzk-8-x-49\/"},"modified":"2026-04-06T18:00:09","modified_gmt":"2026-04-06T15:00:09","slug":"apolo-mea-502629-mea-dubel-502629-mzk-8-x-49","status":"publish","type":"product","link":"https:\/\/www.makitamarket.com.tr\/site\/urun\/apolo-mea-502629-mea-dubel-502629-mzk-8-x-49\/","title":{"rendered":"Apolo Mea 502629 MEA DUBEL 502629 MZK 8 x 49"},"content":{"rendered":"<table>\n<tr>\n<td>Koli Miktar\u0131<\/td>\n<td>10 Blister Paket<\/td>\n<\/tr>\n<tr>\n<td>Blister Miktar\u0131<\/td>\n<td>15<\/td>\n<\/tr>\n<tr>\n<td>Vida \u00c7ap\u0131 x Vida Uzunlu\u011fu (mm)<\/td>\n<td>3.5 &#8211; 6.0 x 54<\/td>\n<\/tr>\n<tr>\n<td>D\u00fcbel \u00c7ap\u0131 x Uzunluk (mm)<\/td>\n<td>8 x 49<\/td>\n<\/tr>\n<\/table>\n","protected":false},"excerpt":{"rendered":"<p>Koli Miktar\u0131 10 Blister Paket Blister Miktar\u0131 15 Vida \u00c7ap\u0131 x Vida Uzunlu\u011fu (mm) 3.5 &#8211; 6.0 x 54 D\u00fcbel \u00c7ap\u0131 x Uzunluk (mm) 8 x 49<\/p>\n","protected":false},"featured_media":24968,"comment_status":"open","ping_status":"closed","template":"","meta":{"_acf_changed":false},"product_brand":[1561],"product_cat":[1565],"product_tag":[],"class_list":{"0":"post-24969","1":"product","2":"type-product","3":"status-publish","4":"has-post-thumbnail","6":"product_brand-apolo-mea","7":"product_cat-yok-yok","9":"first","10":"outofstock","11":"taxable","12":"shipping-taxable","13":"purchasable","14":"product-type-simple","15":"add-to-wishlist-after_add_to_cart"},"acf":[],"_links":{"self":[{"href":"https:\/\/www.makitamarket.com.tr\/site\/wp-json\/wp\/v2\/product\/24969","targetHints":{"allow":["GET"]}}],"collection":[{"href":"https:\/\/www.makitamarket.com.tr\/site\/wp-json\/wp\/v2\/product"}],"about":[{"href":"https:\/\/www.makitamarket.com.tr\/site\/wp-json\/wp\/v2\/types\/product"}],"replies":[{"embeddable":true,"href":"https:\/\/www.makitamarket.com.tr\/site\/wp-json\/wp\/v2\/comments?post=24969"}],"wp:featuredmedia":[{"embeddable":true,"href":"https:\/\/www.makitamarket.com.tr\/site\/wp-json\/wp\/v2\/media\/24968"}],"wp:attachment":[{"href":"https:\/\/www.makitamarket.com.tr\/site\/wp-json\/wp\/v2\/media?parent=24969"}],"wp:term":[{"taxonomy":"product_brand","embeddable":true,"href":"https:\/\/www.makitamarket.com.tr\/site\/wp-json\/wp\/v2\/product_brand?post=24969"},{"taxonomy":"product_cat","embeddable":true,"href":"https:\/\/www.makitamarket.com.tr\/site\/wp-json\/wp\/v2\/product_cat?post=24969"},{"taxonomy":"product_tag","embeddable":true,"href":"https:\/\/www.makitamarket.com.tr\/site\/wp-json\/wp\/v2\/product_tag?post=24969"}],"curies":[{"name":"wp","href":"https:\/\/api.w.org\/{rel}","templated":true}]}}