{"id":24971,"date":"2025-09-20T14:14:43","date_gmt":"2025-09-20T11:14:43","guid":{"rendered":"https:\/\/www.makitamarket.com.tr\/site\/urun\/apolo-mea-502646-mea-dubel-502646-r-10-x-80-sks\/"},"modified":"2026-04-06T18:00:10","modified_gmt":"2026-04-06T15:00:10","slug":"apolo-mea-502646-mea-dubel-502646-r-10-x-80-sks","status":"publish","type":"product","link":"https:\/\/www.makitamarket.com.tr\/site\/urun\/apolo-mea-502646-mea-dubel-502646-r-10-x-80-sks\/","title":{"rendered":"Apolo Mea 502646 MEA DUBEL 502646 R 10 x 80 SKS"},"content":{"rendered":"<table>\n<tr>\n<td>Koli Miktar\u0131<\/td>\n<td>10 Blister Paket<\/td>\n<\/tr>\n<tr>\n<td>Blister Miktar\u0131<\/td>\n<td>5<\/td>\n<\/tr>\n<tr>\n<td>Vida Tipi<\/td>\n<td>Civata Ba\u015fl\u0131<\/td>\n<\/tr>\n<tr>\n<td>Vida \u00c7ap\u0131 x Vida Uzunlu\u011fu (mm)<\/td>\n<td>7.0 x 87<\/td>\n<\/tr>\n<tr>\n<td>D\u00fcbel \u00c7ap\u0131 x Uzunluk (mm)<\/td>\n<td>10 x 80<\/td>\n<\/tr>\n<\/table>\n","protected":false},"excerpt":{"rendered":"<p>Koli Miktar\u0131 10 Blister Paket Blister Miktar\u0131 5 Vida Tipi Civata Ba\u015fl\u0131 Vida \u00c7ap\u0131 x Vida Uzunlu\u011fu (mm) 7.0 x 87 D\u00fcbel \u00c7ap\u0131 x Uzunluk (mm) 10 x 80<\/p>\n","protected":false},"featured_media":24970,"comment_status":"open","ping_status":"closed","template":"","meta":{"_acf_changed":false},"product_brand":[1561],"product_cat":[1565],"product_tag":[],"class_list":{"0":"post-24971","1":"product","2":"type-product","3":"status-publish","4":"has-post-thumbnail","6":"product_brand-apolo-mea","7":"product_cat-yok-yok","9":"first","10":"outofstock","11":"taxable","12":"shipping-taxable","13":"purchasable","14":"product-type-simple","15":"add-to-wishlist-after_add_to_cart"},"acf":[],"_links":{"self":[{"href":"https:\/\/www.makitamarket.com.tr\/site\/wp-json\/wp\/v2\/product\/24971","targetHints":{"allow":["GET"]}}],"collection":[{"href":"https:\/\/www.makitamarket.com.tr\/site\/wp-json\/wp\/v2\/product"}],"about":[{"href":"https:\/\/www.makitamarket.com.tr\/site\/wp-json\/wp\/v2\/types\/product"}],"replies":[{"embeddable":true,"href":"https:\/\/www.makitamarket.com.tr\/site\/wp-json\/wp\/v2\/comments?post=24971"}],"wp:featuredmedia":[{"embeddable":true,"href":"https:\/\/www.makitamarket.com.tr\/site\/wp-json\/wp\/v2\/media\/24970"}],"wp:attachment":[{"href":"https:\/\/www.makitamarket.com.tr\/site\/wp-json\/wp\/v2\/media?parent=24971"}],"wp:term":[{"taxonomy":"product_brand","embeddable":true,"href":"https:\/\/www.makitamarket.com.tr\/site\/wp-json\/wp\/v2\/product_brand?post=24971"},{"taxonomy":"product_cat","embeddable":true,"href":"https:\/\/www.makitamarket.com.tr\/site\/wp-json\/wp\/v2\/product_cat?post=24971"},{"taxonomy":"product_tag","embeddable":true,"href":"https:\/\/www.makitamarket.com.tr\/site\/wp-json\/wp\/v2\/product_tag?post=24971"}],"curies":[{"name":"wp","href":"https:\/\/api.w.org\/{rel}","templated":true}]}}