{"id":25000,"date":"2025-09-20T14:15:01","date_gmt":"2025-09-20T11:15:01","guid":{"rendered":"https:\/\/www.makitamarket.com.tr\/site\/urun\/makita-a-90249-makita-a-90249-flap-disk-beton-115mm\/"},"modified":"2026-04-06T18:01:53","modified_gmt":"2026-04-06T15:01:53","slug":"makita-a-90249-makita-a-90249-flap-disk-beton-115mm","status":"publish","type":"product","link":"https:\/\/www.makitamarket.com.tr\/site\/urun\/makita-a-90249-makita-a-90249-flap-disk-beton-115mm\/","title":{"rendered":"Makita A-90249 MAKITA A &#8211; 90249 FLAP D\u0130SK BETON 115mm"},"content":{"rendered":"<table>\n<tr>\n<td>\u00d6l\u00e7\u00fcler<\/td>\n<td>115 x 22 mm<\/td>\n<\/tr>\n<tr>\n<td>Malzeme<\/td>\n<td>Ta\u015flama, Z\u0131mpara ve Beton, Mermer Polisaj\u0131<\/td>\n<\/tr>\n<tr>\n<td>Kum<\/td>\n<td>C24<\/td>\n<\/tr>\n<\/table>\n","protected":false},"excerpt":{"rendered":"<p>\u00d6l\u00e7\u00fcler 115 x 22 mm Malzeme Ta\u015flama, Z\u0131mpara ve Beton, Mermer Polisaj\u0131 Kum C24<\/p>\n","protected":false},"featured_media":24999,"comment_status":"open","ping_status":"closed","template":"","meta":{"_acf_changed":false},"product_brand":[1485],"product_cat":[1565],"product_tag":[],"class_list":{"0":"post-25000","1":"product","2":"type-product","3":"status-publish","4":"has-post-thumbnail","6":"product_brand-makita","7":"product_cat-yok-yok","9":"first","10":"instock","11":"taxable","12":"shipping-taxable","13":"purchasable","14":"product-type-simple","15":"add-to-wishlist-after_add_to_cart"},"acf":[],"_links":{"self":[{"href":"https:\/\/www.makitamarket.com.tr\/site\/wp-json\/wp\/v2\/product\/25000","targetHints":{"allow":["GET"]}}],"collection":[{"href":"https:\/\/www.makitamarket.com.tr\/site\/wp-json\/wp\/v2\/product"}],"about":[{"href":"https:\/\/www.makitamarket.com.tr\/site\/wp-json\/wp\/v2\/types\/product"}],"replies":[{"embeddable":true,"href":"https:\/\/www.makitamarket.com.tr\/site\/wp-json\/wp\/v2\/comments?post=25000"}],"wp:featuredmedia":[{"embeddable":true,"href":"https:\/\/www.makitamarket.com.tr\/site\/wp-json\/wp\/v2\/media\/24999"}],"wp:attachment":[{"href":"https:\/\/www.makitamarket.com.tr\/site\/wp-json\/wp\/v2\/media?parent=25000"}],"wp:term":[{"taxonomy":"product_brand","embeddable":true,"href":"https:\/\/www.makitamarket.com.tr\/site\/wp-json\/wp\/v2\/product_brand?post=25000"},{"taxonomy":"product_cat","embeddable":true,"href":"https:\/\/www.makitamarket.com.tr\/site\/wp-json\/wp\/v2\/product_cat?post=25000"},{"taxonomy":"product_tag","embeddable":true,"href":"https:\/\/www.makitamarket.com.tr\/site\/wp-json\/wp\/v2\/product_tag?post=25000"}],"curies":[{"name":"wp","href":"https:\/\/api.w.org\/{rel}","templated":true}]}}