{"id":25004,"date":"2025-09-20T14:15:07","date_gmt":"2025-09-20T11:15:07","guid":{"rendered":"https:\/\/www.makitamarket.com.tr\/site\/urun\/kasei-cg260a-benzinli-yan-tirpan-24-5-cc\/"},"modified":"2025-11-16T12:00:23","modified_gmt":"2025-11-16T09:00:23","slug":"kasei-cg260a-benzinli-yan-tirpan-24-5-cc","status":"publish","type":"product","link":"https:\/\/www.makitamarket.com.tr\/site\/urun\/kasei-cg260a-benzinli-yan-tirpan-24-5-cc\/","title":{"rendered":"Kasei CG260A BENZ\u0130NL\u0130 YAN TIRPAN 24.5 CC"},"content":{"rendered":"<div>\n\tAmat\u00f6r i\u015flerde kullan\u0131lmak i\u00e7in tasarlanm\u0131\u015ft\u0131r<\/div>\n<div>\n\tB\u00fcy\u00fck t\u0131rpanlar\u0131n girmesi zor yerlerde yabani ot temizli\u011fi i\u00e7in uygun kullan\u0131m sa\u011flar<\/div>\n<div>\n\tPilo kol tutaca\u011f\u0131na sabittir<\/div>\n<div>\n\tHafif ve ergonomiktir<\/div>\n<div>\n\tDolmar 2 zamanl\u0131 ya\u011f kullanman\u0131z tavsiye edilir<\/div>\n<div>\n\tBenzinli yak\u0131tl\u0131d\u0131r<\/div>\n<div>\n\t2 zaman motorlu 24.5 CC hacime sahiptir<\/div>\n<div>\n\t\u00c7ay tar\u0131m\u0131nda yabani otlar\u0131n temizli\u011finde kullan\u0131labilir<\/div>\n<table>\n<tr>\n<td>Motor tipi<\/td>\n<td>2 Zamanl\u0131 Motor<\/td>\n<\/tr>\n<tr>\n<td>Motor Hacmi<\/td>\n<td>24.5 CC<\/td>\n<\/tr>\n<tr>\n<td>A\u011f\u0131rl\u0131k<\/td>\n<td>6.7 kg<\/td>\n<\/tr>\n<tr>\n<td>Motor G\u00fcc\u00fc<\/td>\n<td>0.8 Hp<\/td>\n<\/tr>\n<tr>\n<td>Yak\u0131t Cinsi<\/td>\n<td>Benzinli<\/td>\n<\/tr>\n<\/table>\n","protected":false},"excerpt":{"rendered":"<div>\n\tAmat\u00f6r i\u015flerde kullan\u0131lmak i\u00e7in tasarlanm\u0131\u015ft\u0131r<\/div>\n<div>\n\tB\u00fcy\u00fck t\u0131rpanlar\u0131n girmesi zor yerlerde yabani ot temizli\u011fi i\u00e7in uygun kullan\u0131m sa\u011flar<\/div>\n<div>\n\tPilo kol tutaca\u011f\u0131na sabittir<\/div>\n<div>\n\tHafif ve ergonomiktir<\/div>\n<div>\n\tDolmar 2 zamanl\u0131 ya\u011f kullanman\u0131z tavsiye edilir<\/div>\n<div>\n\tBenzinli yak\u0131tl\u0131d\u0131r<\/div>\n<div>\n\t2 zaman motorlu 24.5 CC hacime sahiptir<\/div>\n<div>\n\t\u00c7ay tar\u0131m\u0131nda yabani otlar\u0131n temizli\u011finde kullan\u0131labilir<\/div>\n","protected":false},"featured_media":25003,"comment_status":"open","ping_status":"closed","template":"","meta":{"_acf_changed":false},"product_brand":[1535],"product_cat":[1565],"product_tag":[],"class_list":{"0":"post-25004","1":"product","2":"type-product","3":"status-publish","4":"has-post-thumbnail","6":"product_brand-kasei","7":"product_cat-yok-yok","9":"first","10":"instock","11":"taxable","12":"shipping-taxable","13":"purchasable","14":"product-type-simple","15":"add-to-wishlist-after_add_to_cart"},"acf":[],"_links":{"self":[{"href":"https:\/\/www.makitamarket.com.tr\/site\/wp-json\/wp\/v2\/product\/25004","targetHints":{"allow":["GET"]}}],"collection":[{"href":"https:\/\/www.makitamarket.com.tr\/site\/wp-json\/wp\/v2\/product"}],"about":[{"href":"https:\/\/www.makitamarket.com.tr\/site\/wp-json\/wp\/v2\/types\/product"}],"replies":[{"embeddable":true,"href":"https:\/\/www.makitamarket.com.tr\/site\/wp-json\/wp\/v2\/comments?post=25004"}],"wp:featuredmedia":[{"embeddable":true,"href":"https:\/\/www.makitamarket.com.tr\/site\/wp-json\/wp\/v2\/media\/25003"}],"wp:attachment":[{"href":"https:\/\/www.makitamarket.com.tr\/site\/wp-json\/wp\/v2\/media?parent=25004"}],"wp:term":[{"taxonomy":"product_brand","embeddable":true,"href":"https:\/\/www.makitamarket.com.tr\/site\/wp-json\/wp\/v2\/product_brand?post=25004"},{"taxonomy":"product_cat","embeddable":true,"href":"https:\/\/www.makitamarket.com.tr\/site\/wp-json\/wp\/v2\/product_cat?post=25004"},{"taxonomy":"product_tag","embeddable":true,"href":"https:\/\/www.makitamarket.com.tr\/site\/wp-json\/wp\/v2\/product_tag?post=25004"}],"curies":[{"name":"wp","href":"https:\/\/api.w.org\/{rel}","templated":true}]}}