{"id":25010,"date":"2025-09-20T14:15:13","date_gmt":"2025-09-20T11:15:13","guid":{"rendered":"https:\/\/www.makitamarket.com.tr\/site\/urun\/clipper-cg125-zemin-silme-makinasi\/"},"modified":"2026-03-30T11:22:24","modified_gmt":"2026-03-30T08:22:24","slug":"clipper-cg125-zemin-silme-makinasi","status":"publish","type":"product","link":"https:\/\/www.makitamarket.com.tr\/site\/urun\/clipper-cg125-zemin-silme-makinasi\/","title":{"rendered":"Clipper CG125 ZEM\u0130N S\u0130LME MAK\u0130NASI"},"content":{"rendered":"<table>\n<tr>\n<td>Voltaj<\/td>\n<td>230 V<\/td>\n<\/tr>\n<tr>\n<td>G\u00fc\u00e7<\/td>\n<td>1.800 W<\/td>\n<\/tr>\n<tr>\n<td>Bo\u015fta Devir<\/td>\n<td>10.000 dv\/dk<\/td>\n<\/tr>\n<tr>\n<td>Disk \u00c7ap\u0131<\/td>\n<td>125 mm<\/td>\n<\/tr>\n<tr>\n<td>G\u00f6bek \u00e7ap\u0131<\/td>\n<td>22.23 mm<\/td>\n<\/tr>\n<tr>\n<td>Vakum \u00e7\u0131k\u0131\u015f \u00e7ap\u0131<\/td>\n<td>36 mm<\/td>\n<\/tr>\n<tr>\n<td>A\u011f\u0131rl\u0131k<\/td>\n<td>5.9 kg<\/td>\n<\/tr>\n<\/table>\n","protected":false},"excerpt":{"rendered":"<p>Voltaj 230 V G\u00fc\u00e7 1.800 W Bo\u015fta Devir 10.000 dv\/dk Disk \u00c7ap\u0131 125 mm G\u00f6bek \u00e7ap\u0131 22.23 mm Vakum \u00e7\u0131k\u0131\u015f \u00e7ap\u0131 36 mm A\u011f\u0131rl\u0131k 5.9 kg<\/p>\n","protected":false},"featured_media":25009,"comment_status":"open","ping_status":"closed","template":"","meta":{"_acf_changed":false},"product_brand":[1497],"product_cat":[1565],"product_tag":[],"class_list":{"0":"post-25010","1":"product","2":"type-product","3":"status-publish","4":"has-post-thumbnail","6":"product_brand-clipper","7":"product_cat-yok-yok","9":"first","10":"instock","11":"taxable","12":"shipping-taxable","13":"purchasable","14":"product-type-simple","15":"add-to-wishlist-after_add_to_cart"},"acf":[],"_links":{"self":[{"href":"https:\/\/www.makitamarket.com.tr\/site\/wp-json\/wp\/v2\/product\/25010","targetHints":{"allow":["GET"]}}],"collection":[{"href":"https:\/\/www.makitamarket.com.tr\/site\/wp-json\/wp\/v2\/product"}],"about":[{"href":"https:\/\/www.makitamarket.com.tr\/site\/wp-json\/wp\/v2\/types\/product"}],"replies":[{"embeddable":true,"href":"https:\/\/www.makitamarket.com.tr\/site\/wp-json\/wp\/v2\/comments?post=25010"}],"wp:featuredmedia":[{"embeddable":true,"href":"https:\/\/www.makitamarket.com.tr\/site\/wp-json\/wp\/v2\/media\/25009"}],"wp:attachment":[{"href":"https:\/\/www.makitamarket.com.tr\/site\/wp-json\/wp\/v2\/media?parent=25010"}],"wp:term":[{"taxonomy":"product_brand","embeddable":true,"href":"https:\/\/www.makitamarket.com.tr\/site\/wp-json\/wp\/v2\/product_brand?post=25010"},{"taxonomy":"product_cat","embeddable":true,"href":"https:\/\/www.makitamarket.com.tr\/site\/wp-json\/wp\/v2\/product_cat?post=25010"},{"taxonomy":"product_tag","embeddable":true,"href":"https:\/\/www.makitamarket.com.tr\/site\/wp-json\/wp\/v2\/product_tag?post=25010"}],"curies":[{"name":"wp","href":"https:\/\/api.w.org\/{rel}","templated":true}]}}