{"id":25020,"date":"2025-09-20T14:15:20","date_gmt":"2025-09-20T11:15:20","guid":{"rendered":"https:\/\/www.makitamarket.com.tr\/site\/urun\/makita-p-16994-sds-max-buat-adaptoru-180-mm\/"},"modified":"2026-04-13T23:31:48","modified_gmt":"2026-04-13T20:31:48","slug":"makita-p-16994-sds-max-buat-adaptoru-180-mm","status":"publish","type":"product","link":"https:\/\/www.makitamarket.com.tr\/site\/urun\/makita-p-16994-sds-max-buat-adaptoru-180-mm\/","title":{"rendered":"Makita P-16994 SDS MAX BUAT ADAPT\u00d6R\u00dc 180 mm"},"content":{"rendered":"<p>SDS MAX Buat adapt\u00f6r\u00fc<\/p>\n<table>\n<tr>\n<td>Matkap Boyu<\/td>\n<td>180<\/td>\n<\/tr>\n<\/table>\n","protected":false},"excerpt":{"rendered":"<p>SDS MAX Buat adapt\u00f6r\u00fc<\/p>\n","protected":false},"featured_media":25019,"comment_status":"open","ping_status":"closed","template":"","meta":{"_acf_changed":false},"product_brand":[1485],"product_cat":[1347],"product_tag":[],"class_list":{"0":"post-25020","1":"product","2":"type-product","3":"status-publish","4":"has-post-thumbnail","6":"product_brand-makita","7":"product_cat-buat-ve-karot-uclari","9":"first","10":"instock","11":"taxable","12":"shipping-taxable","13":"purchasable","14":"product-type-simple","15":"add-to-wishlist-after_add_to_cart"},"acf":[],"_links":{"self":[{"href":"https:\/\/www.makitamarket.com.tr\/site\/wp-json\/wp\/v2\/product\/25020","targetHints":{"allow":["GET"]}}],"collection":[{"href":"https:\/\/www.makitamarket.com.tr\/site\/wp-json\/wp\/v2\/product"}],"about":[{"href":"https:\/\/www.makitamarket.com.tr\/site\/wp-json\/wp\/v2\/types\/product"}],"replies":[{"embeddable":true,"href":"https:\/\/www.makitamarket.com.tr\/site\/wp-json\/wp\/v2\/comments?post=25020"}],"wp:featuredmedia":[{"embeddable":true,"href":"https:\/\/www.makitamarket.com.tr\/site\/wp-json\/wp\/v2\/media\/25019"}],"wp:attachment":[{"href":"https:\/\/www.makitamarket.com.tr\/site\/wp-json\/wp\/v2\/media?parent=25020"}],"wp:term":[{"taxonomy":"product_brand","embeddable":true,"href":"https:\/\/www.makitamarket.com.tr\/site\/wp-json\/wp\/v2\/product_brand?post=25020"},{"taxonomy":"product_cat","embeddable":true,"href":"https:\/\/www.makitamarket.com.tr\/site\/wp-json\/wp\/v2\/product_cat?post=25020"},{"taxonomy":"product_tag","embeddable":true,"href":"https:\/\/www.makitamarket.com.tr\/site\/wp-json\/wp\/v2\/product_tag?post=25020"}],"curies":[{"name":"wp","href":"https:\/\/api.w.org\/{rel}","templated":true}]}}