{"id":25028,"date":"2025-09-20T14:17:45","date_gmt":"2025-09-20T11:17:45","guid":{"rendered":"https:\/\/www.makitamarket.com.tr\/site\/urun\/makita-sk106dz-4-nokta-kirmizi-capraz-cizgi-lazeri-akulu\/"},"modified":"2026-04-06T18:30:47","modified_gmt":"2026-04-06T15:30:47","slug":"makita-sk106dz-4-nokta-kirmizi-capraz-cizgi-lazeri-akulu","status":"publish","type":"product","link":"https:\/\/www.makitamarket.com.tr\/site\/urun\/makita-sk106dz-4-nokta-kirmizi-capraz-cizgi-lazeri-akulu\/","title":{"rendered":"Makita SK106DZ 4 NOKTA KIRMIZI \u00c7APRAZ \u00c7\u0130ZG\u0130 LAZER\u0130 (AK\u00dcL\u00dc)"},"content":{"rendered":"<p><strong class=\"red-title\" style=\"font-size: 16px;\">A\u00e7\u0131klama:<\/strong> <span><\/p>\n<p><strong>Model SK106DZ<\/strong><\/p>\n<p><strong>4 Nokta K\u0131rm\u0131z\u0131 \u00c7apraz \u00c7izgi Lazer (Ak\u00fcl\u00fc)<\/strong><\/p>\n<p><strong style=\"color: rgb(0, 112, 192);\">12Vmax CXT Li-Ion \u015earj Edilebilir K\u0131rm\u0131z\u0131 4-Noktal\u0131 \u00c7izgi Lazer <\/strong><span style=\"color: rgb(0, 112, 192);\">&nbsp;<\/span><\/p>\n<p>Profesyonel hizalama i\u015flemleri i\u00e7in tasarlanan bu model, 12Vmax CXT Li-Ion ak\u00fc sistemi ile kablosuz performans ve uzun kullan\u0131m s\u00fcresi sunar. BL1041B ak\u00fc ile y\u00fcksek g\u00f6r\u00fcn\u00fcrl\u00fck modunda 40 saate kadar kesintisiz ayd\u0131nlatma sa\u011flar. 25 m\u2019ye kadar lazer \u00e7izgi g\u00f6r\u00fcn\u00fcrl\u00fc\u011f\u00fc ve al\u0131c\u0131 ile 80 m\u2019ye kadar \u00e7al\u0131\u015fma kapasitesiyle geni\u015f bir uygulama alan\u0131 sunar. Kendini 4\u00b0&#8217;ye kadar otomatik hizalayabilen cihaz, \u00b13 mm @ 10 m hassasiyeti ile y\u00fcksek do\u011fruluk sa\u011flar. IP54 toz ve su korumas\u0131na sahip dayan\u0131kl\u0131 tasar\u0131m\u0131, ta\u015f\u0131nabilirli\u011fi kolayla\u015ft\u0131r\u0131rken, pendulum kilidi lazer diyotunu ta\u015f\u0131ma s\u0131ras\u0131nda korur ve e\u011fimli y\u00fczeylerde kullan\u0131m kolayl\u0131\u011f\u0131 sunar. Parlakl\u0131k se\u00e7imi (Parlak\/Eko modlar\u0131) ve girintili lazer pencereleri, cihaz\u0131n dayan\u0131kl\u0131l\u0131\u011f\u0131n\u0131 art\u0131r\u0131r. Tripoda monte edilebilir yap\u0131s\u0131 ve yatay\/dikey hizalama \u00f6zellikleri, duvarlar, d\u00f6\u015femeler ve eklemler gibi y\u00fczeylerin do\u011fru bir \u015fekilde hizalanmas\u0131n\u0131 sa\u011flar. \u0130n\u015faat, montaj ve dekorasyon projeleri i\u00e7in ideal bir \u00e7\u00f6z\u00fcmd\u00fcr.<\/p>\n<p><span style=\"color: red;\">\u00dcr\u00fcn i\u00e7eri\u011finde ak\u00fc ve \u015farj cihaz\u0131 bulunmamaktad\u0131r.<\/span><\/p>\n<p>Ambalaj i\u00e7eri\u011fi: Manyetik Adapt\u00f6r, Hedef Levhas\u0131, Ta\u015f\u0131ma \u00c7antas\u0131<\/p>\n<p><span style=\"color: rgb(0, 112, 192);\">&nbsp;<\/span><\/p>\n<p><\/span><strong class=\"red-title\" style=\"font-size: 16px;\">Kullan\u0131m Amac\u0131:<\/strong> <span><\/p>\n<p><\/p>\n<p><\/span><strong class=\"red-title\" style=\"font-size: 16px;\">\u00d6zellikler:<\/strong> <span><\/p>\n<p><\/p>\n<p><\/span><strong class=\"red-title\" style=\"font-size: 16px;\">Paket \u0130\u00e7eri\u011fi:<\/strong> <span><\/p>\n<p><\/p>\n<p><\/span><\/p>\n<table>\n<tr>\n<td>G\u00fc\u00e7<\/td>\n<td>12V<\/td>\n<\/tr>\n<tr>\n<td>Lazer \u00c7\u0131k\u0131\u015f A\u00e7\u0131lar\u0131<\/td>\n<td>Dikey >170 derece, Yatay >180 derece<\/td>\n<\/tr>\n<tr>\n<td>Menzil<\/td>\n<td>25m<\/td>\n<\/tr>\n<tr>\n<td>Menzil*Dedekt\u00f6rle<\/td>\n<td>80m<\/td>\n<\/tr>\n<tr>\n<td>Kendinden Terazileme Aral\u0131\u011f\u0131<\/td>\n<td>+-4 derece<\/td>\n<\/tr>\n<tr>\n<td>Lazer Tipi<\/td>\n<td>635 +- 5 nm, S\u0131n\u0131f 2<\/td>\n<\/tr>\n<tr>\n<td>\u00c7al\u0131\u015fma S\u0131cakl\u0131\u011f\u0131<\/td>\n<td>-10-50 derece<\/td>\n<\/tr>\n<tr>\n<td>Depolama S\u0131cakl\u0131\u011f\u0131<\/td>\n<td>-25-70 derece<\/td>\n<\/tr>\n<tr>\n<td>Tripod Ba\u011flant\u0131s\u0131<\/td>\n<td>1\/4&#8243;<\/td>\n<\/tr>\n<tr>\n<td>Net A\u011f\u0131rl\u0131k<\/td>\n<td>0,69-0,85 kg<\/td>\n<\/tr>\n<tr>\n<td>Pil<\/td>\n<td>Lityum \u0130yon<\/td>\n<\/tr>\n<\/table>\n","protected":false},"excerpt":{"rendered":"<p><strong class=\"red-title\" style=\"font-size: 16px;\">A\u00e7\u0131klama:<\/strong> <span><\/p>\n<p><strong>Model SK106DZ<\/strong><\/p>\n<p><strong>4 Nokta K\u0131rm\u0131z\u0131 \u00c7apraz \u00c7izgi Lazer (Ak\u00fcl\u00fc)<\/strong><\/p>\n<p><strong style=\"color: rgb(0, 112, 192);\">12Vmax CXT Li-Ion \u015earj Edilebilir K\u0131rm\u0131z\u0131 4-Noktal\u0131 \u00c7izgi Lazer <\/strong><span style=\"color: rgb(0, 112, 192);\">&nbsp;<\/span><\/p>\n<p>Profesyonel hizalama i\u015flemleri i\u00e7in tasarlanan bu model, 12Vmax CXT Li-Ion ak\u00fc sistemi ile kablosuz performans ve uzun kullan\u0131m s\u00fcresi sunar. BL1041B ak\u00fc ile y\u00fcksek g\u00f6r\u00fcn\u00fcrl\u00fck modunda 40 saate kadar kesintisiz ayd\u0131nlatma sa\u011flar. 25 m\u2019ye kadar lazer \u00e7izgi g\u00f6r\u00fcn\u00fcrl\u00fc\u011f\u00fc ve al\u0131c\u0131 ile 80 m\u2019ye kadar \u00e7al\u0131\u015fma kapasitesiyle geni\u015f bir uygulama alan\u0131 sunar. Kendini 4\u00b0&#8217;ye kadar otomatik hizalayabilen cihaz, \u00b13 mm @ 10 m hassasiyeti ile y\u00fcksek do\u011fruluk sa\u011flar. IP54 toz ve su korumas\u0131na sahip dayan\u0131kl\u0131 tasar\u0131m\u0131, ta\u015f\u0131nabilirli\u011fi kolayla\u015ft\u0131r\u0131rken, pendulum kilidi lazer diyotunu ta\u015f\u0131ma s\u0131ras\u0131nda korur ve e\u011fimli y\u00fczeylerde kullan\u0131m kolayl\u0131\u011f\u0131 sunar. Parlakl\u0131k se\u00e7imi (Parlak\/Eko modlar\u0131) ve girintili lazer pencereleri, cihaz\u0131n dayan\u0131kl\u0131l\u0131\u011f\u0131n\u0131 art\u0131r\u0131r. Tripoda monte edilebilir yap\u0131s\u0131 ve yatay\/dikey hizalama \u00f6zellikleri, duvarlar, d\u00f6\u015femeler ve eklemler gibi y\u00fczeylerin do\u011fru bir \u015fekilde hizalanmas\u0131n\u0131 sa\u011flar. \u0130n\u015faat, montaj ve dekorasyon projeleri i\u00e7in ideal bir \u00e7\u00f6z\u00fcmd\u00fcr.<\/p>\n<p><span style=\"color: red;\">\u00dcr\u00fcn i\u00e7eri\u011finde ak\u00fc ve \u015farj cihaz\u0131 bulunmamaktad\u0131r.<\/span><\/p>\n<p>Ambalaj i\u00e7eri\u011fi: Manyetik Adapt\u00f6r, Hedef Levhas\u0131, Ta\u015f\u0131ma \u00c7antas\u0131<\/p>\n<p><span style=\"color: rgb(0, 112, 192);\">&nbsp;<\/span><\/p>\n<p><\/span><strong class=\"red-title\" style=\"font-size: 16px;\">Kullan\u0131m Amac\u0131:<\/strong> <span><\/p>\n<p><\/p>\n<p><\/span><strong class=\"red-title\" style=\"font-size: 16px;\">\u00d6zellikler:<\/strong> <span><\/p>\n<p><\/p>\n<p><\/span><strong class=\"red-title\" style=\"font-size: 16px;\">Paket \u0130\u00e7eri\u011fi:<\/strong> <span><\/p>\n<p><\/p>\n<p><\/span><\/p>\n","protected":false},"featured_media":9320,"comment_status":"open","ping_status":"closed","template":"","meta":{"_acf_changed":false},"product_brand":[1485],"product_cat":[890],"product_tag":[],"class_list":{"0":"post-25028","1":"product","2":"type-product","3":"status-publish","4":"has-post-thumbnail","6":"product_brand-makita","7":"product_cat-lazer-metreler-olcu-aletleri","9":"first","10":"instock","11":"taxable","12":"shipping-taxable","13":"purchasable","14":"product-type-simple","15":"add-to-wishlist-after_add_to_cart"},"acf":[],"_links":{"self":[{"href":"https:\/\/www.makitamarket.com.tr\/site\/wp-json\/wp\/v2\/product\/25028","targetHints":{"allow":["GET"]}}],"collection":[{"href":"https:\/\/www.makitamarket.com.tr\/site\/wp-json\/wp\/v2\/product"}],"about":[{"href":"https:\/\/www.makitamarket.com.tr\/site\/wp-json\/wp\/v2\/types\/product"}],"replies":[{"embeddable":true,"href":"https:\/\/www.makitamarket.com.tr\/site\/wp-json\/wp\/v2\/comments?post=25028"}],"wp:featuredmedia":[{"embeddable":true,"href":"https:\/\/www.makitamarket.com.tr\/site\/wp-json\/wp\/v2\/media\/9320"}],"wp:attachment":[{"href":"https:\/\/www.makitamarket.com.tr\/site\/wp-json\/wp\/v2\/media?parent=25028"}],"wp:term":[{"taxonomy":"product_brand","embeddable":true,"href":"https:\/\/www.makitamarket.com.tr\/site\/wp-json\/wp\/v2\/product_brand?post=25028"},{"taxonomy":"product_cat","embeddable":true,"href":"https:\/\/www.makitamarket.com.tr\/site\/wp-json\/wp\/v2\/product_cat?post=25028"},{"taxonomy":"product_tag","embeddable":true,"href":"https:\/\/www.makitamarket.com.tr\/site\/wp-json\/wp\/v2\/product_tag?post=25028"}],"curies":[{"name":"wp","href":"https:\/\/api.w.org\/{rel}","templated":true}]}}