{"id":25282,"date":"2025-09-28T23:23:16","date_gmt":"2025-09-28T20:23:16","guid":{"rendered":"https:\/\/www.makitamarket.com.tr\/site\/urun\/rapid-bn50-sarjli-civi-cakma-tabancasi\/"},"modified":"2025-11-16T04:00:22","modified_gmt":"2025-11-16T01:00:22","slug":"rapid-bn50-sarjli-civi-cakma-tabancasi","status":"publish","type":"product","link":"https:\/\/www.makitamarket.com.tr\/site\/urun\/rapid-bn50-sarjli-civi-cakma-tabancasi\/","title":{"rendered":"Rapid BN50 \u015eARJLI \u00c7\u0130V\u0130 \u00c7AKMA TABANCASI"},"content":{"rendered":"<div>\n\tProfesyonel kalitedeki kablosuz ba\u015fs\u0131z \u00e7ivi tabancalar\u0131, hareket \u00f6zg\u00fcrl\u00fc\u011f\u00fc ve y\u00fcksek performans sa\u011flar. Piller \u00e7al\u0131\u015fan ba\u015fs\u0131z \u00e7ivi tabancalar\u0131 sayesinde, gazla \u00e7al\u0131\u015fan karma\u015f\u0131k \u00e7\u00f6z\u00fcmlere son. S\u00fcp\u00fcrgelikler, ba\u015ftabanlar, pencere \u00e7er\u00e7eveleri ve lamba-z\u0131vanal\u0131 lambri kaplamalar i\u00e7in idealdir.<\/div>\n<div>\n\t\u2022 18 V Lityum-\u0130yon batarya (2 ad. x 2 Ah dahil)<\/div>\n<div>\n\t\u2022 Daha k\u0131sa \u00e7al\u0131\u015fma s\u00fcresi a\u00e7\u0131s\u0131ndan h\u0131zl\u0131 tetikleme<\/div>\n<div>\n\t\u2022 G\u00fcvenlik a\u00e7\u0131s\u0131ndan 2 a\u015famal\u0131 ard\u0131\u015f\u0131k ate\u015fleme<\/div>\n<div>\n\t\u2022 Ayarlanabilir giri\u015f derinli\u011fi<\/div>\n<div>\n\t\u2022 Batarya \u015farj s\u00fcresi boyunca (2 Ah) 500\u2019den fazla \u00e7ivi kapasitesi<\/div>\n<div>\n\t\u2022 H\u0131zl\u0131 \u015farj aleti sayesinde 45dk. i\u00e7erisinde en az %80 doluluk oran\u0131na ula\u015fan batarya.<\/div>\n<div>\n\t\u2022 Y\u00fcksek g\u00fc\u00e7 ve emniyet a\u00e7\u0131s\u0131ndan volan tahrikli \u00fcnite.<\/div>\n<div>\n\t\u2022 \u00c7izilmelere kar\u015f\u0131 koruma sa\u011flayan \u00e7izilmez lastik tampon.<\/div>\n<div>\n\t\u2022 Tutuklu\u011fun alet kullanmadan giderilebilmesi i\u00e7in \u00e7abuk a\u00e7\u0131labilen mente\u015fe.<\/div>\n<div>\n\t\u2022 2 y\u0131l garanti.<\/div>\n<div>\n\tBa\u015fs\u0131z \u00c7ivi\u00a0 25-50mm<\/div>\n<div>\n\t18V Lityum-\u0130yon Batarya<\/div>\n<table><\/table>\n","protected":false},"excerpt":{"rendered":"<div>\n\tProfesyonel kalitedeki kablosuz ba\u015fs\u0131z \u00e7ivi tabancalar\u0131, hareket \u00f6zg\u00fcrl\u00fc\u011f\u00fc ve y\u00fcksek performans sa\u011flar. Piller \u00e7al\u0131\u015fan ba\u015fs\u0131z \u00e7ivi tabancalar\u0131 sayesinde, gazla \u00e7al\u0131\u015fan karma\u015f\u0131k \u00e7\u00f6z\u00fcmlere son. S\u00fcp\u00fcrgelikler, ba\u015ftabanlar, pencere \u00e7er\u00e7eveleri ve lamba-z\u0131vanal\u0131 lambri kaplamalar i\u00e7in idealdir.<\/div>\n<div>\n\t\u2022 18 V Lityum-\u0130yon batarya (2 ad. x 2 Ah dahil)<\/div>\n<div>\n\t\u2022 Daha k\u0131sa \u00e7al\u0131\u015fma s\u00fcresi a\u00e7\u0131s\u0131ndan h\u0131zl\u0131 tetikleme<\/div>\n<div>\n\t\u2022 G\u00fcvenlik a\u00e7\u0131s\u0131ndan 2 a\u015famal\u0131 ard\u0131\u015f\u0131k ate\u015fleme<\/div>\n<div>\n\t\u2022 Ayarlanabilir giri\u015f derinli\u011fi<\/div>\n<div>\n\t\u2022 Batarya \u015farj s\u00fcresi boyunca (2 Ah) 500\u2019den fazla \u00e7ivi kapasitesi<\/div>\n<div>\n\t\u2022 H\u0131zl\u0131 \u015farj aleti sayesinde 45dk. i\u00e7erisinde en az %80 doluluk oran\u0131na ula\u015fan batarya.<\/div>\n<div>\n\t\u2022 Y\u00fcksek g\u00fc\u00e7 ve emniyet a\u00e7\u0131s\u0131ndan volan tahrikli \u00fcnite.<\/div>\n<div>\n\t\u2022 \u00c7izilmelere kar\u015f\u0131 koruma sa\u011flayan \u00e7izilmez lastik tampon.<\/div>\n<div>\n\t\u2022 Tutuklu\u011fun alet kullanmadan giderilebilmesi i\u00e7in \u00e7abuk a\u00e7\u0131labilen mente\u015fe.<\/div>\n<div>\n\t\u2022 2 y\u0131l garanti.<\/div>\n<div>\n\tBa\u015fs\u0131z \u00c7ivi\u00a0 25-50mm<\/div>\n<div>\n\t18V Lityum-\u0130yon Batarya<\/div>\n","protected":false},"featured_media":7757,"comment_status":"open","ping_status":"closed","template":"","meta":{"_acf_changed":false},"product_brand":[1491],"product_cat":[1565],"product_tag":[],"class_list":{"0":"post-25282","1":"product","2":"type-product","3":"status-publish","4":"has-post-thumbnail","6":"product_brand-rapid","7":"product_cat-yok-yok","9":"first","10":"outofstock","11":"taxable","12":"shipping-taxable","13":"purchasable","14":"product-type-simple","15":"add-to-wishlist-after_add_to_cart"},"acf":[],"_links":{"self":[{"href":"https:\/\/www.makitamarket.com.tr\/site\/wp-json\/wp\/v2\/product\/25282","targetHints":{"allow":["GET"]}}],"collection":[{"href":"https:\/\/www.makitamarket.com.tr\/site\/wp-json\/wp\/v2\/product"}],"about":[{"href":"https:\/\/www.makitamarket.com.tr\/site\/wp-json\/wp\/v2\/types\/product"}],"replies":[{"embeddable":true,"href":"https:\/\/www.makitamarket.com.tr\/site\/wp-json\/wp\/v2\/comments?post=25282"}],"wp:featuredmedia":[{"embeddable":true,"href":"https:\/\/www.makitamarket.com.tr\/site\/wp-json\/wp\/v2\/media\/7757"}],"wp:attachment":[{"href":"https:\/\/www.makitamarket.com.tr\/site\/wp-json\/wp\/v2\/media?parent=25282"}],"wp:term":[{"taxonomy":"product_brand","embeddable":true,"href":"https:\/\/www.makitamarket.com.tr\/site\/wp-json\/wp\/v2\/product_brand?post=25282"},{"taxonomy":"product_cat","embeddable":true,"href":"https:\/\/www.makitamarket.com.tr\/site\/wp-json\/wp\/v2\/product_cat?post=25282"},{"taxonomy":"product_tag","embeddable":true,"href":"https:\/\/www.makitamarket.com.tr\/site\/wp-json\/wp\/v2\/product_tag?post=25282"}],"curies":[{"name":"wp","href":"https:\/\/api.w.org\/{rel}","templated":true}]}}