{"id":25286,"date":"2025-09-28T23:23:18","date_gmt":"2025-09-28T20:23:18","guid":{"rendered":"https:\/\/www.makitamarket.com.tr\/site\/urun\/max-safety-s500ay-g-goz-koruyucu-aynali-gumus\/"},"modified":"2026-04-06T11:57:43","modified_gmt":"2026-04-06T08:57:43","slug":"max-safety-s500ay-g-goz-koruyucu-aynali-gumus","status":"publish","type":"product","link":"https:\/\/www.makitamarket.com.tr\/site\/urun\/max-safety-s500ay-g-goz-koruyucu-aynali-gumus\/","title":{"rendered":"Max Safety S500AY-G G\u00d6Z KORUYUCU AYNALI &#8211; G\u00dcM\u00dc\u015e"},"content":{"rendered":"<p>\n\tS500 AYNALI G\u00d6ZL\u00dcK &#8211; G\u00dcM\u00dc\u015e<\/p>\n<table>\n<tr>\n<td>A\u011f\u0131rl\u0131k<\/td>\n<td>30 gr<\/td>\n<\/tr>\n<tr>\n<td>Standard\u0131<\/td>\n<td>CE &#8211; EN166 &#8211; EN170<\/td>\n<\/tr>\n<tr>\n<td>Lens<\/td>\n<td>G\u00fcm\u00fc\u015f<\/td>\n<\/tr>\n<\/table>\n","protected":false},"excerpt":{"rendered":"<p>\n\tS500 AYNALI G\u00d6ZL\u00dcK &#8211; G\u00dcM\u00dc\u015e<\/p>\n","protected":false},"featured_media":7762,"comment_status":"open","ping_status":"closed","template":"","meta":{"_acf_changed":false},"product_brand":[1492],"product_cat":[697],"product_tag":[],"class_list":{"0":"post-25286","1":"product","2":"type-product","3":"status-publish","4":"has-post-thumbnail","6":"product_brand-max-safety","7":"product_cat-goz-koruyucular","9":"first","10":"instock","11":"taxable","12":"shipping-taxable","13":"purchasable","14":"product-type-simple","15":"add-to-wishlist-after_add_to_cart"},"acf":[],"_links":{"self":[{"href":"https:\/\/www.makitamarket.com.tr\/site\/wp-json\/wp\/v2\/product\/25286","targetHints":{"allow":["GET"]}}],"collection":[{"href":"https:\/\/www.makitamarket.com.tr\/site\/wp-json\/wp\/v2\/product"}],"about":[{"href":"https:\/\/www.makitamarket.com.tr\/site\/wp-json\/wp\/v2\/types\/product"}],"replies":[{"embeddable":true,"href":"https:\/\/www.makitamarket.com.tr\/site\/wp-json\/wp\/v2\/comments?post=25286"}],"wp:featuredmedia":[{"embeddable":true,"href":"https:\/\/www.makitamarket.com.tr\/site\/wp-json\/wp\/v2\/media\/7762"}],"wp:attachment":[{"href":"https:\/\/www.makitamarket.com.tr\/site\/wp-json\/wp\/v2\/media?parent=25286"}],"wp:term":[{"taxonomy":"product_brand","embeddable":true,"href":"https:\/\/www.makitamarket.com.tr\/site\/wp-json\/wp\/v2\/product_brand?post=25286"},{"taxonomy":"product_cat","embeddable":true,"href":"https:\/\/www.makitamarket.com.tr\/site\/wp-json\/wp\/v2\/product_cat?post=25286"},{"taxonomy":"product_tag","embeddable":true,"href":"https:\/\/www.makitamarket.com.tr\/site\/wp-json\/wp\/v2\/product_tag?post=25286"}],"curies":[{"name":"wp","href":"https:\/\/api.w.org\/{rel}","templated":true}]}}