{"id":25287,"date":"2025-09-28T23:23:18","date_gmt":"2025-09-28T20:23:18","guid":{"rendered":"https:\/\/www.makitamarket.com.tr\/site\/urun\/rapid-eg380-silikon-tabancasi-2\/"},"modified":"2026-03-30T06:53:27","modified_gmt":"2026-03-30T03:53:27","slug":"rapid-eg380-silikon-tabancasi-2","status":"publish","type":"product","link":"https:\/\/www.makitamarket.com.tr\/site\/urun\/rapid-eg380-silikon-tabancasi-2\/","title":{"rendered":"Rapid EG380 S\u0130L\u0130KON TABANCASI"},"content":{"rendered":"<div>\n\tEnder g\u00f6r\u00fclen 2200 g\/saat silikon \u00e7\u0131k\u0131\u015f\u0131na sahip, profesyonel, end\u00fcstriyel performansl\u0131 silikon tabancas\u0131. Y\u00fcksek frekansl\u0131 titiz kullan\u0131m ve hassas uygulama i\u00e7in tasarlanm\u0131\u015ft\u0131r.<\/div>\n<div>\n\t\u2022 400W, 2200 g\/saat silikon \u00e7\u0131kt\u0131s\u0131<\/div>\n<div>\n\t\u2022 1 dak \u0131s\u0131nma s\u00fcresi 1300 C &#8211; 3 dak \u0131s\u0131nma s\u00fcresi 2100 C<\/div>\n<div>\n\t\u2022 Ayarlanabilir S\u0131cakl\u0131k ayarlar\u0131: 1300 C, 1500 C, 1700 C, 1900 C, 2100 C, 2300 C<\/div>\n<div>\n\t\u2022 Hem EVA hem de poliamit silikon ile \u00e7al\u0131\u015fmaktad\u0131r<\/div>\n<div>\n\t\u2022 Standart \u00e7\u0131k\u0131\u015f ucu \u00d83.5 mm, de\u011fi\u015ftirilebilir \u2022 Ergonomik 4-parmak sap<\/div>\n<div>\n\t\u2022 Bir sabit bir de seyyar ayakl\u0131k ile temin edilmektedir.<\/div>\n<div>\n\t\u2022 3,5 m kablo \u2022 Kutu ambalaj<\/div>\n<div>\n\t\u2022 2 y\u0131l garanti<\/div>\n<div>\n\tYap\u0131\u015ft\u0131r\u0131c\u0131 \u00d812mm<\/div>\n<div>\n\t\u00a0Silikon \u00e7\u0131k\u0131\u015f\u0131 Yukar\u0131s\u0131 2200 gram\/saat<\/div>\n<table><\/table>\n","protected":false},"excerpt":{"rendered":"<div>\n\tEnder g\u00f6r\u00fclen 2200 g\/saat silikon \u00e7\u0131k\u0131\u015f\u0131na sahip, profesyonel, end\u00fcstriyel performansl\u0131 silikon tabancas\u0131. Y\u00fcksek frekansl\u0131 titiz kullan\u0131m ve hassas uygulama i\u00e7in tasarlanm\u0131\u015ft\u0131r.<\/div>\n<div>\n\t\u2022 400W, 2200 g\/saat silikon \u00e7\u0131kt\u0131s\u0131<\/div>\n<div>\n\t\u2022 1 dak \u0131s\u0131nma s\u00fcresi 1300 C &#8211; 3 dak \u0131s\u0131nma s\u00fcresi 2100 C<\/div>\n<div>\n\t\u2022 Ayarlanabilir S\u0131cakl\u0131k ayarlar\u0131: 1300 C, 1500 C, 1700 C, 1900 C, 2100 C, 2300 C<\/div>\n<div>\n\t\u2022 Hem EVA hem de poliamit silikon ile \u00e7al\u0131\u015fmaktad\u0131r<\/div>\n<div>\n\t\u2022 Standart \u00e7\u0131k\u0131\u015f ucu \u00d83.5 mm, de\u011fi\u015ftirilebilir \u2022 Ergonomik 4-parmak sap<\/div>\n<div>\n\t\u2022 Bir sabit bir de seyyar ayakl\u0131k ile temin edilmektedir.<\/div>\n<div>\n\t\u2022 3,5 m kablo \u2022 Kutu ambalaj<\/div>\n<div>\n\t\u2022 2 y\u0131l garanti<\/div>\n<div>\n\tYap\u0131\u015ft\u0131r\u0131c\u0131 \u00d812mm<\/div>\n<div>\n\t\u00a0Silikon \u00e7\u0131k\u0131\u015f\u0131 Yukar\u0131s\u0131 2200 gram\/saat<\/div>\n","protected":false},"featured_media":7763,"comment_status":"open","ping_status":"closed","template":"","meta":{"_acf_changed":false},"product_brand":[1491],"product_cat":[703],"product_tag":[],"class_list":{"0":"post-25287","1":"product","2":"type-product","3":"status-publish","4":"has-post-thumbnail","6":"product_brand-rapid","7":"product_cat-sarjli-civi-cakma-tabancalari","9":"first","10":"instock","11":"taxable","12":"shipping-taxable","13":"purchasable","14":"product-type-simple","15":"add-to-wishlist-after_add_to_cart"},"acf":[],"_links":{"self":[{"href":"https:\/\/www.makitamarket.com.tr\/site\/wp-json\/wp\/v2\/product\/25287","targetHints":{"allow":["GET"]}}],"collection":[{"href":"https:\/\/www.makitamarket.com.tr\/site\/wp-json\/wp\/v2\/product"}],"about":[{"href":"https:\/\/www.makitamarket.com.tr\/site\/wp-json\/wp\/v2\/types\/product"}],"replies":[{"embeddable":true,"href":"https:\/\/www.makitamarket.com.tr\/site\/wp-json\/wp\/v2\/comments?post=25287"}],"wp:featuredmedia":[{"embeddable":true,"href":"https:\/\/www.makitamarket.com.tr\/site\/wp-json\/wp\/v2\/media\/7763"}],"wp:attachment":[{"href":"https:\/\/www.makitamarket.com.tr\/site\/wp-json\/wp\/v2\/media?parent=25287"}],"wp:term":[{"taxonomy":"product_brand","embeddable":true,"href":"https:\/\/www.makitamarket.com.tr\/site\/wp-json\/wp\/v2\/product_brand?post=25287"},{"taxonomy":"product_cat","embeddable":true,"href":"https:\/\/www.makitamarket.com.tr\/site\/wp-json\/wp\/v2\/product_cat?post=25287"},{"taxonomy":"product_tag","embeddable":true,"href":"https:\/\/www.makitamarket.com.tr\/site\/wp-json\/wp\/v2\/product_tag?post=25287"}],"curies":[{"name":"wp","href":"https:\/\/api.w.org\/{rel}","templated":true}]}}