{"id":25289,"date":"2025-09-28T23:23:19","date_gmt":"2025-09-28T20:23:19","guid":{"rendered":"https:\/\/www.makitamarket.com.tr\/site\/urun\/factor-sm178-cift-dizel-tamburlu-vibrasyonlu-zemin-silindir-makinasi\/"},"modified":"2025-11-16T04:00:23","modified_gmt":"2025-11-16T01:00:23","slug":"factor-sm178-cift-dizel-tamburlu-vibrasyonlu-zemin-silindir-makinasi","status":"publish","type":"product","link":"https:\/\/www.makitamarket.com.tr\/site\/urun\/factor-sm178-cift-dizel-tamburlu-vibrasyonlu-zemin-silindir-makinasi\/","title":{"rendered":"Factor SM178 \u00c7\u0130FT D\u0130ZEL TAMBURLU V\u0130BRASYONLU ZEM\u0130N S\u0130L\u0130ND\u0130R MAK\u0130NASI"},"content":{"rendered":"<table>\n<tr>\n<td>Motor tipi<\/td>\n<td>Hava So\u011futmal\u0131, Tek Silindirli, 4 Zamanl\u0131<\/td>\n<\/tr>\n<tr>\n<td>G\u00fc\u00e7<\/td>\n<td>7 hp<\/td>\n<\/tr>\n<tr>\n<td>\u00c7ap x Stroke<\/td>\n<td>78&#215;62 mm<\/td>\n<\/tr>\n<tr>\n<td>Silindir Hacmi<\/td>\n<td>296 cc<\/td>\n<\/tr>\n<tr>\n<td>Krank Tipi<\/td>\n<td>Kamal\u0131 (F2)<\/td>\n<\/tr>\n<tr>\n<td>Pompa<\/td>\n<td>Y\u00fcksek kaliteli hidrolik<\/td>\n<\/tr>\n<tr>\n<td>Hava Filtresi<\/td>\n<td>Ya\u011fl\u0131 Tip<\/td>\n<\/tr>\n<tr>\n<td>Yak\u0131t deposu<\/td>\n<td>3,5 lt<\/td>\n<\/tr>\n<tr>\n<td>Ya\u011f Kapasitesi<\/td>\n<td>1,1 lt<\/td>\n<\/tr>\n<tr>\n<td>Ya\u011f Tipi<\/td>\n<td>15W40<\/td>\n<\/tr>\n<tr>\n<td>\u00c7al\u0131\u015fma\/Tambur Geni\u015fli\u011fi<\/td>\n<td>600\/600 mm<\/td>\n<\/tr>\n<tr>\n<td>Y\u00fcr\u00fcme H\u0131z\u0131 (\u0130leri-Geri)<\/td>\n<td>2.9Km<\/td>\n<\/tr>\n<tr>\n<td>T\u0131rmanma E\u011fimi<\/td>\n<td>%40<\/td>\n<\/tr>\n<tr>\n<td>Nakliye Ebatlar\u0131 (ExBxY)<\/td>\n<td>660x1170x1900 mm<\/td>\n<\/tr>\n<tr>\n<td>Nakliye A\u011f\u0131rl\u0131\u011f\u0131<\/td>\n<td>660 kg<\/td>\n<\/tr>\n<tr>\n<td>Motor<\/td>\n<td>KAMA BY RE\u0130S 178 (Dizel)<\/td>\n<\/tr>\n<\/table>\n","protected":false},"excerpt":{"rendered":"<p>Motor tipi Hava So\u011futmal\u0131, Tek Silindirli, 4 Zamanl\u0131 G\u00fc\u00e7 7 hp \u00c7ap x Stroke 78&#215;62 mm Silindir Hacmi 296 cc Krank Tipi Kamal\u0131 (F2) Pompa Y\u00fcksek kaliteli hidrolik Hava Filtresi<\/p>\n","protected":false},"featured_media":7764,"comment_status":"open","ping_status":"closed","template":"","meta":{"_acf_changed":false},"product_brand":[1494],"product_cat":[705],"product_tag":[],"class_list":{"0":"post-25289","1":"product","2":"type-product","3":"status-publish","4":"has-post-thumbnail","6":"product_brand-factor","7":"product_cat-zemin-isleme-makinalari","9":"first","10":"outofstock","11":"taxable","12":"shipping-taxable","13":"purchasable","14":"product-type-simple","15":"add-to-wishlist-after_add_to_cart"},"acf":[],"_links":{"self":[{"href":"https:\/\/www.makitamarket.com.tr\/site\/wp-json\/wp\/v2\/product\/25289","targetHints":{"allow":["GET"]}}],"collection":[{"href":"https:\/\/www.makitamarket.com.tr\/site\/wp-json\/wp\/v2\/product"}],"about":[{"href":"https:\/\/www.makitamarket.com.tr\/site\/wp-json\/wp\/v2\/types\/product"}],"replies":[{"embeddable":true,"href":"https:\/\/www.makitamarket.com.tr\/site\/wp-json\/wp\/v2\/comments?post=25289"}],"wp:featuredmedia":[{"embeddable":true,"href":"https:\/\/www.makitamarket.com.tr\/site\/wp-json\/wp\/v2\/media\/7764"}],"wp:attachment":[{"href":"https:\/\/www.makitamarket.com.tr\/site\/wp-json\/wp\/v2\/media?parent=25289"}],"wp:term":[{"taxonomy":"product_brand","embeddable":true,"href":"https:\/\/www.makitamarket.com.tr\/site\/wp-json\/wp\/v2\/product_brand?post=25289"},{"taxonomy":"product_cat","embeddable":true,"href":"https:\/\/www.makitamarket.com.tr\/site\/wp-json\/wp\/v2\/product_cat?post=25289"},{"taxonomy":"product_tag","embeddable":true,"href":"https:\/\/www.makitamarket.com.tr\/site\/wp-json\/wp\/v2\/product_tag?post=25289"}],"curies":[{"name":"wp","href":"https:\/\/api.w.org\/{rel}","templated":true}]}}