{"id":25328,"date":"2025-09-28T23:23:38","date_gmt":"2025-09-28T20:23:38","guid":{"rendered":"https:\/\/www.makitamarket.com.tr\/site\/urun\/max-safety-s1551v-af-s-ventilli-goz-koruyucu-bugulanmaz-seffaf-75-gr\/"},"modified":"2026-03-30T06:54:36","modified_gmt":"2026-03-30T03:54:36","slug":"max-safety-s1551v-af-s-ventilli-goz-koruyucu-bugulanmaz-seffaf-75-gr","status":"publish","type":"product","link":"https:\/\/www.makitamarket.com.tr\/site\/urun\/max-safety-s1551v-af-s-ventilli-goz-koruyucu-bugulanmaz-seffaf-75-gr\/","title":{"rendered":"Max Safety S1551V-AF-S VENT\u0130LL\u0130 G\u00d6Z KORUYUCU BU\u011eULANMAZ &#8211; \u015eEFFAF 75 gr"},"content":{"rendered":"<div>\n\tPanoramik s\u0131zd\u0131rmaz \u00e7er\u00e7eve.<\/div>\n<div>\n\tNumaral\u0131 g\u00f6zl\u00fcklerin \u00fczerine tak\u0131labilir.<\/div>\n<div>\n\tYar\u0131m y\u00fcz maskesi ile kullan\u0131labilir.<\/div>\n<div>\n\t\u00d6zel hava kanallar\u0131.<\/div>\n<div>\n\tKimyasal, termal ve mekanik risklere kar\u015f\u0131 koruma sa\u011flar.<\/div>\n<table>\n<tr>\n<td>A\u011f\u0131rl\u0131k<\/td>\n<td>75 gr<\/td>\n<\/tr>\n<tr>\n<td>Standard\u0131<\/td>\n<td>CE &#8211; EN166 &#8211; EN170<\/td>\n<\/tr>\n<tr>\n<td>Lens<\/td>\n<td>\u015eeffaf<\/td>\n<\/tr>\n<\/table>\n","protected":false},"excerpt":{"rendered":"<div>\n\tPanoramik s\u0131zd\u0131rmaz \u00e7er\u00e7eve.<\/div>\n<div>\n\tNumaral\u0131 g\u00f6zl\u00fcklerin \u00fczerine tak\u0131labilir.<\/div>\n<div>\n\tYar\u0131m y\u00fcz maskesi ile kullan\u0131labilir.<\/div>\n<div>\n\t\u00d6zel hava kanallar\u0131.<\/div>\n<div>\n\tKimyasal, termal ve mekanik risklere kar\u015f\u0131 koruma sa\u011flar.<\/div>\n","protected":false},"featured_media":7806,"comment_status":"open","ping_status":"closed","template":"","meta":{"_acf_changed":false},"product_brand":[1492],"product_cat":[697],"product_tag":[],"class_list":{"0":"post-25328","1":"product","2":"type-product","3":"status-publish","4":"has-post-thumbnail","6":"product_brand-max-safety","7":"product_cat-goz-koruyucular","9":"first","10":"outofstock","11":"taxable","12":"shipping-taxable","13":"purchasable","14":"product-type-simple","15":"add-to-wishlist-after_add_to_cart"},"acf":[],"_links":{"self":[{"href":"https:\/\/www.makitamarket.com.tr\/site\/wp-json\/wp\/v2\/product\/25328","targetHints":{"allow":["GET"]}}],"collection":[{"href":"https:\/\/www.makitamarket.com.tr\/site\/wp-json\/wp\/v2\/product"}],"about":[{"href":"https:\/\/www.makitamarket.com.tr\/site\/wp-json\/wp\/v2\/types\/product"}],"replies":[{"embeddable":true,"href":"https:\/\/www.makitamarket.com.tr\/site\/wp-json\/wp\/v2\/comments?post=25328"}],"wp:featuredmedia":[{"embeddable":true,"href":"https:\/\/www.makitamarket.com.tr\/site\/wp-json\/wp\/v2\/media\/7806"}],"wp:attachment":[{"href":"https:\/\/www.makitamarket.com.tr\/site\/wp-json\/wp\/v2\/media?parent=25328"}],"wp:term":[{"taxonomy":"product_brand","embeddable":true,"href":"https:\/\/www.makitamarket.com.tr\/site\/wp-json\/wp\/v2\/product_brand?post=25328"},{"taxonomy":"product_cat","embeddable":true,"href":"https:\/\/www.makitamarket.com.tr\/site\/wp-json\/wp\/v2\/product_cat?post=25328"},{"taxonomy":"product_tag","embeddable":true,"href":"https:\/\/www.makitamarket.com.tr\/site\/wp-json\/wp\/v2\/product_tag?post=25328"}],"curies":[{"name":"wp","href":"https:\/\/api.w.org\/{rel}","templated":true}]}}