{"id":25349,"date":"2025-09-29T18:10:11","date_gmt":"2025-09-29T15:10:11","guid":{"rendered":"https:\/\/www.makitamarket.com.tr\/site\/urun\/proxxon-endustriyel-proxxon-23158-micro-bit1-4-circir-kolu-19\/"},"modified":"2025-09-29T18:10:11","modified_gmt":"2025-09-29T15:10:11","slug":"proxxon-endustriyel-proxxon-23158-micro-bit1-4-circir-kolu-19","status":"publish","type":"product","link":"https:\/\/www.makitamarket.com.tr\/site\/urun\/proxxon-endustriyel-proxxon-23158-micro-bit1-4-circir-kolu-19\/","title":{"rendered":"Proxxon End\u00fcstriyel PROXXON 23158 MICRO BIT1\/4 CIRCIR KOLU"},"content":{"rendered":"<p>1\/4\u201d Mafsall\u0131 h\u0131zl\u0131 lokma \u00e7\u0131kartma butonu<\/p>\n<table>\n<tr>\n<td>Amblaj<\/td>\n<td>blister<\/td>\n<\/tr>\n<tr>\n<td>A\u00e7\u0131klama<\/td>\n<td>1\/4&#8243; MAfsall\u0131 H\u0131zl\u0131 Lokma \u00c7\u0131karma Butonu<\/td>\n<\/tr>\n<\/table>\n","protected":false},"excerpt":{"rendered":"<p>1\/4\u201d Mafsall\u0131 h\u0131zl\u0131 lokma \u00e7\u0131kartma butonu<\/p>\n","protected":false},"featured_media":16865,"comment_status":"open","ping_status":"closed","template":"","meta":{"_acf_changed":false},"product_brand":[],"product_cat":[1065],"product_tag":[],"class_list":{"0":"post-25349","1":"product","2":"type-product","3":"status-publish","4":"has-post-thumbnail","6":"product_cat-circir-kollari","8":"first","9":"outofstock","10":"taxable","11":"shipping-taxable","12":"purchasable","13":"product-type-simple","14":"add-to-wishlist-after_add_to_cart"},"acf":[],"_links":{"self":[{"href":"https:\/\/www.makitamarket.com.tr\/site\/wp-json\/wp\/v2\/product\/25349","targetHints":{"allow":["GET"]}}],"collection":[{"href":"https:\/\/www.makitamarket.com.tr\/site\/wp-json\/wp\/v2\/product"}],"about":[{"href":"https:\/\/www.makitamarket.com.tr\/site\/wp-json\/wp\/v2\/types\/product"}],"replies":[{"embeddable":true,"href":"https:\/\/www.makitamarket.com.tr\/site\/wp-json\/wp\/v2\/comments?post=25349"}],"wp:featuredmedia":[{"embeddable":true,"href":"https:\/\/www.makitamarket.com.tr\/site\/wp-json\/wp\/v2\/media\/16865"}],"wp:attachment":[{"href":"https:\/\/www.makitamarket.com.tr\/site\/wp-json\/wp\/v2\/media?parent=25349"}],"wp:term":[{"taxonomy":"product_brand","embeddable":true,"href":"https:\/\/www.makitamarket.com.tr\/site\/wp-json\/wp\/v2\/product_brand?post=25349"},{"taxonomy":"product_cat","embeddable":true,"href":"https:\/\/www.makitamarket.com.tr\/site\/wp-json\/wp\/v2\/product_cat?post=25349"},{"taxonomy":"product_tag","embeddable":true,"href":"https:\/\/www.makitamarket.com.tr\/site\/wp-json\/wp\/v2\/product_tag?post=25349"}],"curies":[{"name":"wp","href":"https:\/\/api.w.org\/{rel}","templated":true}]}}