{"id":25363,"date":"2025-09-30T20:48:00","date_gmt":"2025-09-30T17:48:00","guid":{"rendered":"https:\/\/www.makitamarket.com.tr\/site\/urun\/proxxon-proxxon-ws90-aci-adaptoru-28405-9\/"},"modified":"2025-09-30T20:48:00","modified_gmt":"2025-09-30T17:48:00","slug":"proxxon-proxxon-ws90-aci-adaptoru-28405-9","status":"publish","type":"product","link":"https:\/\/www.makitamarket.com.tr\/site\/urun\/proxxon-proxxon-ws90-aci-adaptoru-28405-9\/","title":{"rendered":"Proxxon PROXXON WS90 A\u00c7I ADAPT\u00d6R\u00dc 28405"},"content":{"rendered":"<table>\n<tr>\n<td>Aktarma<\/td>\n<td>1:1 giri\u015f \u00e7\u0131k\u0131\u015f u\u00e7lar\u0131 \u00e7ift yatakl\u0131<\/td>\n<\/tr>\n<tr>\n<td>Kullan\u0131m Alan\u0131<\/td>\n<td>Eri\u015filmesi zor alanlar\u0131n i\u015flenmesinde<\/td>\n<\/tr>\n<\/table>\n","protected":false},"excerpt":{"rendered":"<p>Aktarma 1:1 giri\u015f \u00e7\u0131k\u0131\u015f u\u00e7lar\u0131 \u00e7ift yatakl\u0131 Kullan\u0131m Alan\u0131 Eri\u015filmesi zor alanlar\u0131n i\u015flenmesinde<\/p>\n","protected":false},"featured_media":24900,"comment_status":"open","ping_status":"closed","template":"","meta":{"_acf_changed":false},"product_brand":[],"product_cat":[15],"product_tag":[],"class_list":{"0":"post-25363","1":"product","2":"type-product","3":"status-publish","4":"has-post-thumbnail","6":"product_cat-genel","8":"first","9":"instock","10":"taxable","11":"shipping-taxable","12":"purchasable","13":"product-type-simple","14":"add-to-wishlist-after_add_to_cart"},"acf":[],"_links":{"self":[{"href":"https:\/\/www.makitamarket.com.tr\/site\/wp-json\/wp\/v2\/product\/25363","targetHints":{"allow":["GET"]}}],"collection":[{"href":"https:\/\/www.makitamarket.com.tr\/site\/wp-json\/wp\/v2\/product"}],"about":[{"href":"https:\/\/www.makitamarket.com.tr\/site\/wp-json\/wp\/v2\/types\/product"}],"replies":[{"embeddable":true,"href":"https:\/\/www.makitamarket.com.tr\/site\/wp-json\/wp\/v2\/comments?post=25363"}],"wp:featuredmedia":[{"embeddable":true,"href":"https:\/\/www.makitamarket.com.tr\/site\/wp-json\/wp\/v2\/media\/24900"}],"wp:attachment":[{"href":"https:\/\/www.makitamarket.com.tr\/site\/wp-json\/wp\/v2\/media?parent=25363"}],"wp:term":[{"taxonomy":"product_brand","embeddable":true,"href":"https:\/\/www.makitamarket.com.tr\/site\/wp-json\/wp\/v2\/product_brand?post=25363"},{"taxonomy":"product_cat","embeddable":true,"href":"https:\/\/www.makitamarket.com.tr\/site\/wp-json\/wp\/v2\/product_cat?post=25363"},{"taxonomy":"product_tag","embeddable":true,"href":"https:\/\/www.makitamarket.com.tr\/site\/wp-json\/wp\/v2\/product_tag?post=25363"}],"curies":[{"name":"wp","href":"https:\/\/api.w.org\/{rel}","templated":true}]}}