{"id":25444,"date":"2025-11-23T23:33:04","date_gmt":"2025-11-23T20:33:04","guid":{"rendered":"https:\/\/www.makitamarket.com.tr\/site\/urun\/makita-dcl184z-dcl184z-akulu-supurge\/"},"modified":"2026-04-21T05:23:14","modified_gmt":"2026-04-21T02:23:14","slug":"makita-dcl184z-dcl184z-akulu-supurge","status":"publish","type":"product","link":"https:\/\/www.makitamarket.com.tr\/site\/urun\/makita-dcl184z-dcl184z-akulu-supurge\/","title":{"rendered":"Makita DCL184Z DCL184Z Ak\u00fcl\u00fc S\u00fcp\u00fcrge"},"content":{"rendered":"<p><strong class=\"red-title\" style=\"font-size: 16px;\">A\u00e7\u0131klama:<\/strong> <span><\/p>\n<p>Model DCL184Z<\/p>\n<p>18V LXT Li-Ion Ak\u00fcl\u00fc S\u00fcp\u00fcrge \u2022 3 Kademeli H\u0131z Ayar\u0131<\/p>\n<p><strong style=\"color: rgb(0, 112, 192);\">Y\u00fcksek Performansl\u0131 Kompakt Ak\u00fcl\u00fc S\u00fcp\u00fcrge<\/strong><\/p>\n<p>Makita DCL184, 18V LXT Li-Ion ak\u00fc sistemiyle \u00e7al\u0131\u015fan, \u00f6zellikle ara\u00e7 i\u00e7i temizlik, mobilya aralar\u0131, ofisler, okullar, at\u00f6lyeler ve ticari kullan\u0131m i\u00e7in tasarlanm\u0131\u015f y\u00fcksek verimli bir ak\u00fcl\u00fc s\u00fcp\u00fcrgedir.<\/p>\n<p>Sessiz \u00e7al\u0131\u015fma yap\u0131s\u0131, g\u00fc\u00e7l\u00fc emi\u015f performans\u0131 ve geni\u015f aksesuar seti sayesinde pratik ve \u00e7ok y\u00f6nl\u00fc bir temizlik \u00e7\u00f6z\u00fcm\u00fc sunar. 3 kademe (Max\/High\/Normal) h\u0131z kontrol\u00fcyle farkl\u0131 temizlik ihtiya\u00e7lar\u0131na uygun \u00e7al\u0131\u015fma sa\u011flar.<\/p>\n<p><\/span><strong class=\"red-title\" style=\"font-size: 16px;\">Kullan\u0131m Amac\u0131:<\/strong> <span><\/p>\n<p>Bu alet kuru tozlar\u0131 toplamak amac\u0131yla kullan\u0131l\u0131r.<\/p>\n<p><\/span><strong class=\"red-title\" style=\"font-size: 16px;\">\u00d6zellikler:<\/strong> <span><\/p>\n<p>Ak\u00fcl\u00fc yap\u0131s\u0131 kullan\u0131c\u0131ya kablosuz kullan\u0131m imkan\u0131 sunar ve bu sayede kullan\u0131c\u0131lar geni\u015f alanlarda kablo s\u0131n\u0131rlamalar\u0131 olmadan rahat\u00e7a \u00e7al\u0131\u015fabilirler.<\/p>\n<p>LXT(Lithium-ion Xtreme Technology); Makita&#8217;n\u0131n elektrikli el aletlerinde lityum iyon pil teknolojisini kullanmas\u0131. LXT serisi, geleneksel ak\u00fclere k\u0131yasla daha uzun ak\u00fc \u00f6mr\u00fc, daha h\u0131zl\u0131 \u015farj s\u00fcreleri ve genel olarak geli\u015fmi\u015f performans sa\u011flamas\u0131yla bilinir.<\/p>\n<ol>\n<li data-list=\"bullet\"><span class=\"ql-ui\" contenteditable=\"false\"><\/span>Otomatik 3 h\u0131z mevcuttur.<\/li>\n<\/ol>\n<p><\/span><strong class=\"red-title\" style=\"font-size: 16px;\">Paket \u0130\u00e7eri\u011fi:<\/strong> <span><\/p>\n<p><\/p>\n<p><\/span><\/p>\n<div class=\"product-logos\">\n<div class=\"product-logos-item\">\n<div class=\"product-logos-item-image\">\n<p>            <a href=\"https:\/\/www.makita.com.tr\/makita\/teknolojileri\" target=\"_blank\"><br \/>\n                <img decoding=\"async\" src=\"https:\/\/fi.makitamedia.com\/images\/3_Makita\/305_logos\/3052_jpg\/LXT.jpg\" alt=\"LITHIUM-ION\" style=\"width: 80px; height: 50px; margin-right: 25px;\"><br \/>\n            <\/a><\/p><\/div><\/div><\/div>\n<table>\n<tr>\n<td>Ses seviyesi<\/td>\n<td>Maksimum: 68 Y\u00fcksek: 65 Normal: 58 dB(A)<\/td>\n<\/tr>\n<tr>\n<td>S\u00fcrekli Kullan\u0131m<\/td>\n<td>Maksimum: 20 Y\u00fcksek: 30 Normal: 80 dk<\/td>\n<\/tr>\n<tr>\n<td>Maksimum Hava Hacmi<\/td>\n<td>Temizleme: 1.4 m\u00b3\/dk \u00dcfleme: 0.4 m\u00b3\/dk <\/td>\n<\/tr>\n<tr>\n<td>Ak\u00fc<\/td>\n<td>BL1830B<\/td>\n<\/tr>\n<tr>\n<td>Maksimum hava h\u0131z\u0131<\/td>\n<td>\u00dcfleme: 100m\/s<\/td>\n<\/tr>\n<tr>\n<td>Maks.Vakum Bas\u0131nc\u0131<\/td>\n<td>5.4kPa<\/td>\n<\/tr>\n<tr>\n<td>Vakum G\u00fcc\u00fc<\/td>\n<td>Maksimum: 38 Y\u00fcksek: 23 Normal: 5 W<\/td>\n<\/tr>\n<tr>\n<td>Net A\u011f\u0131rl\u0131k<\/td>\n<td>1.8 &#8211; 2.2 <\/td>\n<\/tr>\n<\/table>\n","protected":false},"excerpt":{"rendered":"<p><strong class=\"red-title\" style=\"font-size: 16px;\">A\u00e7\u0131klama:<\/strong> <span><\/p>\n<p>Model DCL184Z<\/p>\n<p>18V LXT Li-Ion Ak\u00fcl\u00fc S\u00fcp\u00fcrge \u2022 3 Kademeli H\u0131z Ayar\u0131<\/p>\n<p><strong style=\"color: rgb(0, 112, 192);\">Y\u00fcksek Performansl\u0131 Kompakt Ak\u00fcl\u00fc S\u00fcp\u00fcrge<\/strong><\/p>\n<p>Makita DCL184, 18V LXT Li-Ion ak\u00fc sistemiyle \u00e7al\u0131\u015fan, \u00f6zellikle ara\u00e7 i\u00e7i temizlik, mobilya aralar\u0131, ofisler, okullar, at\u00f6lyeler ve ticari kullan\u0131m i\u00e7in tasarlanm\u0131\u015f y\u00fcksek verimli bir ak\u00fcl\u00fc s\u00fcp\u00fcrgedir.<\/p>\n<p>Sessiz \u00e7al\u0131\u015fma yap\u0131s\u0131, g\u00fc\u00e7l\u00fc emi\u015f performans\u0131 ve geni\u015f aksesuar seti sayesinde pratik ve \u00e7ok y\u00f6nl\u00fc bir temizlik \u00e7\u00f6z\u00fcm\u00fc sunar. 3 kademe (Max\/High\/Normal) h\u0131z kontrol\u00fcyle farkl\u0131 temizlik ihtiya\u00e7lar\u0131na uygun \u00e7al\u0131\u015fma sa\u011flar.<\/p>\n<p><\/span><strong class=\"red-title\" style=\"font-size: 16px;\">Kullan\u0131m Amac\u0131:<\/strong> <span><\/p>\n<p>Bu alet kuru tozlar\u0131 toplamak amac\u0131yla kullan\u0131l\u0131r.<\/p>\n<p><\/span><strong class=\"red-title\" style=\"font-size: 16px;\">\u00d6zellikler:<\/strong> <span><\/p>\n<p>Ak\u00fcl\u00fc yap\u0131s\u0131 kullan\u0131c\u0131ya kablosuz kullan\u0131m imkan\u0131 sunar ve bu sayede kullan\u0131c\u0131lar geni\u015f alanlarda kablo s\u0131n\u0131rlamalar\u0131 olmadan rahat\u00e7a \u00e7al\u0131\u015fabilirler.<\/p>\n<p>LXT(Lithium-ion Xtreme Technology); Makita&#8217;n\u0131n elektrikli el aletlerinde lityum iyon pil teknolojisini kullanmas\u0131. LXT serisi, geleneksel ak\u00fclere k\u0131yasla daha uzun ak\u00fc \u00f6mr\u00fc, daha h\u0131zl\u0131 \u015farj s\u00fcreleri ve genel olarak geli\u015fmi\u015f performans sa\u011flamas\u0131yla bilinir.<\/p>\n<ol>\n<li data-list=\"bullet\"><span class=\"ql-ui\" contenteditable=\"false\"><\/span>Otomatik 3 h\u0131z mevcuttur.<\/li>\n<\/ol>\n<p><\/span><strong class=\"red-title\" style=\"font-size: 16px;\">Paket \u0130\u00e7eri\u011fi:<\/strong> <span><\/p>\n<p><\/p>\n<p><\/span><\/p>\n<div class=\"product-logos\">\n<div class=\"product-logos-item\">\n<div class=\"product-logos-item-image\">\n<p>            <a href=\"https:\/\/www.makita.com.tr\/makita\/teknolojileri\" target=\"_blank\"><br \/>\n                <img decoding=\"async\" src=\"https:\/\/fi.makitamedia.com\/images\/3_Makita\/305_logos\/3052_jpg\/LXT.jpg\" alt=\"LITHIUM-ION\" style=\"width: 80px; height: 50px; margin-right: 25px;\"><br \/>\n            <\/a><\/p><\/div>\n<\/p><\/div>\n<\/p><\/div>\n","protected":false},"featured_media":0,"comment_status":"open","ping_status":"closed","template":"","meta":{"_acf_changed":false},"product_brand":[1485],"product_cat":[1565],"product_tag":[],"class_list":{"0":"post-25444","1":"product","2":"type-product","3":"status-publish","5":"product_brand-makita","6":"product_cat-yok-yok","8":"first","9":"instock","10":"taxable","11":"shipping-taxable","12":"purchasable","13":"product-type-simple","14":"add-to-wishlist-after_add_to_cart"},"acf":[],"_links":{"self":[{"href":"https:\/\/www.makitamarket.com.tr\/site\/wp-json\/wp\/v2\/product\/25444","targetHints":{"allow":["GET"]}}],"collection":[{"href":"https:\/\/www.makitamarket.com.tr\/site\/wp-json\/wp\/v2\/product"}],"about":[{"href":"https:\/\/www.makitamarket.com.tr\/site\/wp-json\/wp\/v2\/types\/product"}],"replies":[{"embeddable":true,"href":"https:\/\/www.makitamarket.com.tr\/site\/wp-json\/wp\/v2\/comments?post=25444"}],"wp:attachment":[{"href":"https:\/\/www.makitamarket.com.tr\/site\/wp-json\/wp\/v2\/media?parent=25444"}],"wp:term":[{"taxonomy":"product_brand","embeddable":true,"href":"https:\/\/www.makitamarket.com.tr\/site\/wp-json\/wp\/v2\/product_brand?post=25444"},{"taxonomy":"product_cat","embeddable":true,"href":"https:\/\/www.makitamarket.com.tr\/site\/wp-json\/wp\/v2\/product_cat?post=25444"},{"taxonomy":"product_tag","embeddable":true,"href":"https:\/\/www.makitamarket.com.tr\/site\/wp-json\/wp\/v2\/product_tag?post=25444"}],"curies":[{"name":"wp","href":"https:\/\/api.w.org\/{rel}","templated":true}]}}