{"id":25445,"date":"2025-11-30T23:53:11","date_gmt":"2025-11-30T20:53:11","guid":{"rendered":"https:\/\/www.makitamarket.com.tr\/site\/urun\/ozco-atp16-servo-atp16-servo-kollu-kilavuz-cekme-makinasi\/"},"modified":"2026-04-06T12:11:52","modified_gmt":"2026-04-06T09:11:52","slug":"ozco-atp16-servo-atp16-servo-kollu-kilavuz-cekme-makinasi","status":"publish","type":"product","link":"https:\/\/www.makitamarket.com.tr\/site\/urun\/ozco-atp16-servo-atp16-servo-kollu-kilavuz-cekme-makinasi\/","title":{"rendered":"Ozco ATP16 SERVO ATP16 Servo Kollu K\u0131lavuz \u00c7ekme Makinas\u0131"},"content":{"rendered":"<ul>\n<li>G\u00fc\u00e7l\u00fc servo motor<\/li>\n<li>A\u011f\u0131r d\u00f6k\u00fcm g\u00f6vde, sa\u011flam yap\u0131<\/li>\n<li>Ergonomik yap\u0131s\u0131 ile dokunmatik ekran<\/li>\n<li>Manuel veya otomatik olarak k\u0131lavuz \u00e7ekme<\/li>\n<li>Kademeli (ileri-geri s\u0131ral\u0131 hareket) olarak k\u0131lavuz \u00e7ekme<\/li>\n<li>Ayarlanabilir k\u0131lavuzu \u00e7ap\u0131, hat ve boyu ve h\u0131z ayar\u0131<\/li>\n<li>Tork ayar\u0131 ve ak\u0131l\u0131 tork koruma sistemi<\/li>\n<li>Parametre haf\u0131zas\u0131<\/li>\n<li>H\u0131zl\u0131 de\u011fi\u015ftirilebilen emniyetli k\u0131lavuz tutucu<\/li>\n<li>T\u00fcrk\u00e7e dil se\u00e7ene\u011fi<\/li>\n<\/ul>\n<table>\n<tr>\n<td>Net A\u011f\u0131rl\u0131k<\/td>\n<td>110 <\/td>\n<\/tr>\n<tr>\n<td>Motor G\u00fcc\u00fc<\/td>\n<td>1.0 kW, 230 V<\/td>\n<\/tr>\n<tr>\n<td>K\u0131lavuz Kapasitesi<\/td>\n<td>M2-M16<\/td>\n<\/tr>\n<tr>\n<td>Maksimum Kol Uzunlu\u011fu<\/td>\n<td>1000<\/td>\n<\/tr>\n<tr>\n<td>So\u011futma Sistemi<\/td>\n<td>&#8211;<\/td>\n<\/tr>\n<tr>\n<td>Hava \u00dcfleme Sistemi<\/td>\n<td>&#8211;<\/td>\n<\/tr>\n<tr>\n<td>Maksimum H\u0131z<\/td>\n<td>312<\/td>\n<\/tr>\n<tr>\n<td>Kafa D\u00f6n\u00fc\u015f\u00fc<\/td>\n<td>Dikey\/Yatay<\/td>\n<\/tr>\n<tr>\n<td>Tabla \u00d6l\u00e7\u00fcleri<\/td>\n<td>800&#215;500<\/td>\n<\/tr>\n<\/table>\n","protected":false},"excerpt":{"rendered":"<ul>\n<li>G\u00fc\u00e7l\u00fc servo motor<\/li>\n<li>A\u011f\u0131r d\u00f6k\u00fcm g\u00f6vde, sa\u011flam yap\u0131<\/li>\n<li>Ergonomik yap\u0131s\u0131 ile dokunmatik ekran<\/li>\n<li>Manuel veya otomatik olarak k\u0131lavuz \u00e7ekme<\/li>\n<li>Kademeli (ileri-geri s\u0131ral\u0131 hareket) olarak k\u0131lavuz \u00e7ekme<\/li>\n<li>Ayarlanabilir k\u0131lavuzu \u00e7ap\u0131, hat ve boyu ve h\u0131z ayar\u0131<\/li>\n<li>Tork ayar\u0131 ve ak\u0131l\u0131 tork koruma sistemi<\/li>\n<li>Parametre haf\u0131zas\u0131<\/li>\n<li>H\u0131zl\u0131 de\u011fi\u015ftirilebilen emniyetli k\u0131lavuz tutucu<\/li>\n<li>T\u00fcrk\u00e7e dil se\u00e7ene\u011fi<\/li>\n<\/ul>\n","protected":false},"featured_media":0,"comment_status":"open","ping_status":"closed","template":"","meta":{"_acf_changed":false},"product_brand":[1532],"product_cat":[1565],"product_tag":[],"class_list":{"0":"post-25445","1":"product","2":"type-product","3":"status-publish","5":"product_brand-ozco","6":"product_cat-yok-yok","8":"first","9":"instock","10":"taxable","11":"shipping-taxable","12":"purchasable","13":"product-type-simple","14":"add-to-wishlist-after_add_to_cart"},"acf":[],"_links":{"self":[{"href":"https:\/\/www.makitamarket.com.tr\/site\/wp-json\/wp\/v2\/product\/25445","targetHints":{"allow":["GET"]}}],"collection":[{"href":"https:\/\/www.makitamarket.com.tr\/site\/wp-json\/wp\/v2\/product"}],"about":[{"href":"https:\/\/www.makitamarket.com.tr\/site\/wp-json\/wp\/v2\/types\/product"}],"replies":[{"embeddable":true,"href":"https:\/\/www.makitamarket.com.tr\/site\/wp-json\/wp\/v2\/comments?post=25445"}],"wp:attachment":[{"href":"https:\/\/www.makitamarket.com.tr\/site\/wp-json\/wp\/v2\/media?parent=25445"}],"wp:term":[{"taxonomy":"product_brand","embeddable":true,"href":"https:\/\/www.makitamarket.com.tr\/site\/wp-json\/wp\/v2\/product_brand?post=25445"},{"taxonomy":"product_cat","embeddable":true,"href":"https:\/\/www.makitamarket.com.tr\/site\/wp-json\/wp\/v2\/product_cat?post=25445"},{"taxonomy":"product_tag","embeddable":true,"href":"https:\/\/www.makitamarket.com.tr\/site\/wp-json\/wp\/v2\/product_tag?post=25445"}],"curies":[{"name":"wp","href":"https:\/\/api.w.org\/{rel}","templated":true}]}}