{"id":25449,"date":"2025-12-01T00:19:26","date_gmt":"2025-11-30T21:19:26","guid":{"rendered":"https:\/\/www.makitamarket.com.tr\/site\/urun\/knipex-002106le-takim-cantasi-430x280-mm\/"},"modified":"2026-03-30T07:24:22","modified_gmt":"2026-03-30T04:24:22","slug":"knipex-002106le-takim-cantasi-430x280-mm","status":"publish","type":"product","link":"https:\/\/www.makitamarket.com.tr\/site\/urun\/knipex-002106le-takim-cantasi-430x280-mm\/","title":{"rendered":"Knipex 002106LE TAKIM \u00c7ANTASI 430&#215;280 mm"},"content":{"rendered":"<p><b>00 21 06 Alet \u00c7antas\u0131 &#8220;BIG Basic Move&#8221; ElectricPlus<\/b><br \/>27 KNIPEX aletle donat\u0131lm\u0131\u015f, toplam 68 marka alet, k\u0131smen DIN EN 60900&#8217;a g\u00f6re VDE testine tabidir. Toplam 54 yerle\u015ftirme se\u00e7ene\u011fi ile. Maks. y\u00fck: 20 kg. Hacim: 33 litre. Sa\u011flam, ergonomik ta\u015f\u0131ma sap\u0131. ABS malzemeden imal edilmi\u015f dayan\u0131kl\u0131 model, siyah. Al\u00fcminyum \u00e7er\u00e7eve sarg\u0131s\u0131. Metal mente\u015fe. Kapak i\u00e7in evrak b\u00f6lmesi. Kir tutmaz PP \u00e7ift cidarl\u0131 levhadan imal edilmi\u015f, 31 alet cepli, iki s\u00f6k\u00fclebilir tak\u0131m paneli. Kapak taraf\u0131nda on alet cebine ve bir elastik kay\u0131\u015fa ve taban taraf\u0131nda on bir dar ve bir geni\u015f alet cebine sahip ilk alet panosu. Taban taraf\u0131nda on alet cebine ve bir elastik kay\u0131\u015fa ve kapak taraf\u0131nda bir belge b\u00f6lmesine sahip ikinci alet panosu. 70 mm y\u00fcksekli\u011fe sahip taban tepsisi d\u00fc\u011fmeye bas\u0131larak sabitlenebilir, i\u00e7 par\u00e7alarla ek b\u00f6lmelere ayr\u0131labilir; 14 adet alet cebine sahip kapak levhas\u0131. Taban k\u0131sm\u0131nda teleskopik tutamak seti, ayr\u0131ca d\u0131\u015fta iki adet p\u00fcr\u00fczs\u00fcz d\u00f6nen tekerlek. Kapa\u011f\u0131n g\u00fcvenle kapat\u0131lmas\u0131 i\u00e7in iki metal yat\u0131rma kilidi ve \u00fc\u00e7 haneli \u015fifreli kilit. \u00d6zel etiketleme i\u00e7in iki etiketlik alan <\/p>\n<li><b>D\u0131\u015f (i\u00e7) geni\u015flik \u00f6l\u00e7\u00fcs\u00fc: <\/b>430 mm 350 mm<\/li>\n<li><b>D\u0131\u015f (i\u00e7) y\u00fckseklik \u00f6l\u00e7\u00fcleri: <\/b>280 mm 200 mm<\/li>\n<li><b>D\u0131\u015f (i\u00e7) derinlik \u00f6l\u00e7\u00fcleri: <\/b>515 mm 480 mm<\/li>\n<p> <b>Teslimat kapsam\u0131:<\/b> 1 x 00 11 01 Knipex TwinKey\u00ae Kumanda Dolab\u0131 Anahtarlari Yayg\u0131n dolaplar ve kilitleme sistemleri i\u00e7in (92 mm), 1 x 08 26 145 KNIPEX Sivri u\u00e7lu kombine pense (145 mm), 1 x 87 01 180 Knipex Cobra\u00ae Hightech Fort Pense (180 mm), 1 x 98 24 01 SL KNIPEX Y\u0131ld\u0131z civatalar i\u00e7in tornavida (Slim) Phillips\u00ae (PH1 x 80 mm), 1 x 98 24 02 SL KNIPEX Y\u0131ld\u0131z civatalar i\u00e7in tornavida (Slim) Phillips\u00ae (PH2 x 100 mm), 1 x 98 25 01 SL KNIPEX Y\u0131ld\u0131z civatalar i\u00e7in tornavida (Slim) Pozidriv\u00ae (PZ1 x 80 mm), 1 x 98 25 02 SL KNIPEX Y\u0131ld\u0131z civatalar i\u00e7in tornavida (Slim) Pozidriv\u00ae (PZ2 x 100 mm), 1 x 98 26 10 KNIPEX Tornavida Torx\u00ae civatalar\u0131 i\u00e7in (TX10), 1 x 98 26 15 KNIPEX Tornavida Torx\u00ae civatalar\u0131 i\u00e7in (TX15), 1 x 98 26 20 KNIPEX Tornavida Torx\u00ae civatalar\u0131 i\u00e7in (TX20), 1 x 98 26 25 KNIPEX Tornavida Torx\u00ae civatalar\u0131 i\u00e7in (TX25), 1 x 98 26 30 KNIPEX Tornavida Torx\u00ae civatalar\u0131 i\u00e7in (TX30), 1 x 98 20 25 KNIPEX D\u00fcz U\u00e7lu Tornavida (0,4 x 2,5 x 75 mm), 1 x 98 20 35 SL KNIPEX D\u00fcz civatalar i\u00e7in tornavida (Slim) (0,6 x 3,5 x 100 mm), 1 x 98 20 40 SL KNIPEX D\u00fcz civatalar i\u00e7in tornavida (Slim) (0,8 x 4 x 100 mm), 1 x 98 20 55 SL KNIPEX D\u00fcz civatalar i\u00e7in tornavida (Slim) (1,0 x 5,5 x 125 mm), 1 x 13 86 200 KNIPEX \u00c7ok Fonksiyonlu Elektrik\u00e7i Pense (\u00d8 15 mm \/ 50 mm\u00b2), 1 x 16 95 01 SB KNIPEX ErgoStrip\u00ae \u00dcniversal Kablo K\u0131l\u0131f\u0131 Soyma Aleti sa\u011f elini kullananlar i\u00e7in uygun versiyon (\u00d8 8,0 \u2013 13,0 mm), 1 x 70 06 160 Knipex Yan keski (160 mm), 1 x 74 06 200 Knipex A\u011f\u0131r Hizmet Yan Keski (200 mm), 1 x 98 25 01 SLS Knipex Tornavida (Slim) PlusMinus Pozidriv\u00ae (PZ\/S1 x 80 mm), 1 x 98 25 02 SLS Knipex Tornavida (Slim) PlusMinus Pozidriv\u00ae (PZ\/S2 x 100 mm), 1 x 26 26 200 Knipex Kargaburun (Leylek burnu tipi pense) (200 mm), 1 x 004018 Wera Zyklop metal c\u0131rc\u0131r seti 8100 SA 8 28 par\u00e7a (1\/4&#8243;), 1 x 0022086 Wera Anahtar seti (1,5 &#8211; 10 mm), 1 x 101-0300 Picard Tamirci \u00e7ekici (300 g), 1 x 361 252 1 Rennsteig Elektrik\u00e7i keskisi (250 x 10 mm), 1 x L240 00055 Stabila Katlan\u0131r cetvel Stabila 400 serisi (200 mm), 1 x 16135 Stabila Su terazisi Tip 70 Electric (430 mm), 1 x 18115 Stabila Mini su terazisi Pocket Electric (68 mm), 1 x 97 53 18 KNIPEX Twistor16\u00ae Kablo Y\u00fcksekleri \u0130\u00e7in Kendili\u011finden Ayarlanan S\u0131kma Pensesi d\u00f6ner s\u0131kma kafal\u0131 (0,14 \u2013 16 mm\u00b2), 1 x 78 06 125 KNIPEX Electronic Super Knips\u00ae VDE (125 mm), 1 x 12 52 195 KNIPEX PreciStrip16\u00ae Otomatik Kablo S\u0131y\u0131rma Pensesi (0,08 &#8211; 16 mm\u00b2),<\/p>\n<table>\n<tr>\n<td>Geni\u015flik<\/td>\n<td>430 mm<\/td>\n<\/tr>\n<tr>\n<td>Y\u00fckseklik<\/td>\n<td>280 mm<\/td>\n<\/tr>\n<tr>\n<td>Derinlik<\/td>\n<td>515 mm<\/td>\n<\/tr>\n<tr>\n<td>A\u011f\u0131rl\u0131k<\/td>\n<td>6200 gr<\/td>\n<\/tr>\n<\/table>\n","protected":false},"excerpt":{"rendered":"<p><b>00 21 06 Alet \u00c7antas\u0131 &#8220;BIG Basic Move&#8221; ElectricPlus<\/b><br \/>27 KNIPEX aletle donat\u0131lm\u0131\u015f, toplam 68 marka alet, k\u0131smen DIN EN 60900&#8217;a g\u00f6re VDE testine tabidir. Toplam 54 yerle\u015ftirme se\u00e7ene\u011fi ile. Maks. y\u00fck: 20 kg. Hacim: 33 litre. Sa\u011flam, ergonomik ta\u015f\u0131ma sap\u0131. ABS malzemeden imal edilmi\u015f dayan\u0131kl\u0131 model, siyah. Al\u00fcminyum \u00e7er\u00e7eve sarg\u0131s\u0131. Metal mente\u015fe. Kapak i\u00e7in evrak b\u00f6lmesi. Kir tutmaz PP \u00e7ift cidarl\u0131 levhadan imal edilmi\u015f, 31 alet cepli, iki s\u00f6k\u00fclebilir tak\u0131m paneli. Kapak taraf\u0131nda on alet cebine ve bir elastik kay\u0131\u015fa ve taban taraf\u0131nda on bir dar ve bir geni\u015f alet cebine sahip ilk alet panosu. Taban taraf\u0131nda on alet cebine ve bir elastik kay\u0131\u015fa ve kapak taraf\u0131nda bir belge b\u00f6lmesine sahip ikinci alet panosu. 70 mm y\u00fcksekli\u011fe sahip taban tepsisi d\u00fc\u011fmeye bas\u0131larak sabitlenebilir, i\u00e7 par\u00e7alarla ek b\u00f6lmelere ayr\u0131labilir; 14 adet alet cebine sahip kapak levhas\u0131. Taban k\u0131sm\u0131nda teleskopik tutamak seti, ayr\u0131ca d\u0131\u015fta iki adet p\u00fcr\u00fczs\u00fcz d\u00f6nen tekerlek. Kapa\u011f\u0131n g\u00fcvenle kapat\u0131lmas\u0131 i\u00e7in iki metal yat\u0131rma kilidi ve \u00fc\u00e7 haneli \u015fifreli kilit. \u00d6zel etiketleme i\u00e7in iki etiketlik alan <\/p>\n<li><b>D\u0131\u015f (i\u00e7) geni\u015flik \u00f6l\u00e7\u00fcs\u00fc: <\/b>430 mm 350 mm<\/li>\n<li><b>D\u0131\u015f (i\u00e7) y\u00fckseklik \u00f6l\u00e7\u00fcleri: <\/b>280 mm 200 mm<\/li>\n<li><b>D\u0131\u015f (i\u00e7) derinlik \u00f6l\u00e7\u00fcleri: <\/b>515 mm 480 mm<\/li>\n<p> <b>Teslimat kapsam\u0131:<\/b> 1 x 00 11 01 Knipex TwinKey\u00ae Kumanda Dolab\u0131 Anahtarlari Yayg\u0131n dolaplar ve kilitleme sistemleri i\u00e7in (92 mm), 1 x 08 26 145 KNIPEX Sivri u\u00e7lu kombine pense (145 mm), 1 x 87 01 180 Knipex Cobra\u00ae Hightech Fort Pense (180 mm), 1 x 98 24 01 SL KNIPEX Y\u0131ld\u0131z civatalar i\u00e7in tornavida (Slim) Phillips\u00ae (PH1 x 80 mm), 1 x 98 24 02 SL KNIPEX Y\u0131ld\u0131z civatalar i\u00e7in tornavida (Slim) Phillips\u00ae (PH2 x 100 mm), 1 x 98 25 01 SL KNIPEX Y\u0131ld\u0131z civatalar i\u00e7in tornavida (Slim) Pozidriv\u00ae (PZ1 x 80 mm), 1 x 98 25 02 SL KNIPEX Y\u0131ld\u0131z civatalar i\u00e7in tornavida (Slim) Pozidriv\u00ae (PZ2 x 100 mm), 1 x 98 26 10 KNIPEX Tornavida Torx\u00ae civatalar\u0131 i\u00e7in (TX10), 1 x 98 26 15 KNIPEX Tornavida Torx\u00ae civatalar\u0131 i\u00e7in (TX15), 1 x 98 26 20 KNIPEX Tornavida Torx\u00ae civatalar\u0131 i\u00e7in (TX20), 1 x 98 26 25 KNIPEX Tornavida Torx\u00ae civatalar\u0131 i\u00e7in (TX25), 1 x 98 26 30 KNIPEX Tornavida Torx\u00ae civatalar\u0131 i\u00e7in (TX30), 1 x 98 20 25 KNIPEX D\u00fcz U\u00e7lu Tornavida (0,4 x 2,5 x 75 mm), 1 x 98 20 35 SL KNIPEX D\u00fcz civatalar i\u00e7in tornavida (Slim) (0,6 x 3,5 x 100 mm), 1 x 98 20 40 SL KNIPEX D\u00fcz civatalar i\u00e7in tornavida (Slim) (0,8 x 4 x 100 mm), 1 x 98 20 55 SL KNIPEX D\u00fcz civatalar i\u00e7in tornavida (Slim) (1,0 x 5,5 x 125 mm), 1 x 13 86 200 KNIPEX \u00c7ok Fonksiyonlu Elektrik\u00e7i Pense (\u00d8 15 mm \/ 50 mm\u00b2), 1 x 16 95 01 SB KNIPEX ErgoStrip\u00ae \u00dcniversal Kablo K\u0131l\u0131f\u0131 Soyma Aleti sa\u011f elini kullananlar i\u00e7in uygun versiyon (\u00d8 8,0 \u2013 13,0 mm), 1 x 70 06 160 Knipex Yan keski (160 mm), 1 x 74 06 200 Knipex A\u011f\u0131r Hizmet Yan Keski (200 mm), 1 x 98 25 01 SLS Knipex Tornavida (Slim) PlusMinus Pozidriv\u00ae (PZ\/S1 x 80 mm), 1 x 98 25 02 SLS Knipex Tornavida (Slim) PlusMinus Pozidriv\u00ae (PZ\/S2 x 100 mm), 1 x 26 26 200 Knipex Kargaburun (Leylek burnu tipi pense) (200 mm), 1 x 004018 Wera Zyklop metal c\u0131rc\u0131r seti 8100 SA 8 28 par\u00e7a (1\/4&#8243;), 1 x 0022086 Wera Anahtar seti (1,5 &#8211; 10 mm), 1 x 101-0300 Picard Tamirci \u00e7ekici (300 g), 1 x 361 252 1 Rennsteig Elektrik\u00e7i keskisi (250 x 10 mm), 1 x L240 00055 Stabila Katlan\u0131r cetvel Stabila 400 serisi (200 mm), 1 x 16135 Stabila Su terazisi Tip 70 Electric (430 mm), 1 x 18115 Stabila Mini su terazisi Pocket Electric (68 mm), 1 x 97 53 18 KNIPEX Twistor16\u00ae Kablo Y\u00fcksekleri \u0130\u00e7in Kendili\u011finden Ayarlanan S\u0131kma Pensesi d\u00f6ner s\u0131kma kafal\u0131 (0,14 \u2013 16 mm\u00b2), 1 x 78 06 125 KNIPEX Electronic Super Knips\u00ae VDE (125 mm), 1 x 12 52 195 KNIPEX PreciStrip16\u00ae Otomatik Kablo S\u0131y\u0131rma Pensesi (0,08 &#8211; 16 mm\u00b2),<\/p>\n","protected":false},"featured_media":25448,"comment_status":"open","ping_status":"closed","template":"","meta":{"_acf_changed":false},"product_brand":[1486],"product_cat":[734],"product_tag":[],"class_list":{"0":"post-25449","1":"product","2":"type-product","3":"status-publish","4":"has-post-thumbnail","6":"product_brand-knipex","7":"product_cat-plastik-takim-cantalari","9":"first","10":"instock","11":"taxable","12":"shipping-taxable","13":"purchasable","14":"product-type-simple","15":"add-to-wishlist-after_add_to_cart"},"acf":[],"_links":{"self":[{"href":"https:\/\/www.makitamarket.com.tr\/site\/wp-json\/wp\/v2\/product\/25449","targetHints":{"allow":["GET"]}}],"collection":[{"href":"https:\/\/www.makitamarket.com.tr\/site\/wp-json\/wp\/v2\/product"}],"about":[{"href":"https:\/\/www.makitamarket.com.tr\/site\/wp-json\/wp\/v2\/types\/product"}],"replies":[{"embeddable":true,"href":"https:\/\/www.makitamarket.com.tr\/site\/wp-json\/wp\/v2\/comments?post=25449"}],"wp:featuredmedia":[{"embeddable":true,"href":"https:\/\/www.makitamarket.com.tr\/site\/wp-json\/wp\/v2\/media\/25448"}],"wp:attachment":[{"href":"https:\/\/www.makitamarket.com.tr\/site\/wp-json\/wp\/v2\/media?parent=25449"}],"wp:term":[{"taxonomy":"product_brand","embeddable":true,"href":"https:\/\/www.makitamarket.com.tr\/site\/wp-json\/wp\/v2\/product_brand?post=25449"},{"taxonomy":"product_cat","embeddable":true,"href":"https:\/\/www.makitamarket.com.tr\/site\/wp-json\/wp\/v2\/product_cat?post=25449"},{"taxonomy":"product_tag","embeddable":true,"href":"https:\/\/www.makitamarket.com.tr\/site\/wp-json\/wp\/v2\/product_tag?post=25449"}],"curies":[{"name":"wp","href":"https:\/\/api.w.org\/{rel}","templated":true}]}}