{"id":25457,"date":"2025-12-01T00:38:51","date_gmt":"2025-11-30T21:38:51","guid":{"rendered":"https:\/\/www.makitamarket.com.tr\/site\/urun\/makita-n5900b-dairesel-testere\/"},"modified":"2026-04-06T12:55:52","modified_gmt":"2026-04-06T09:55:52","slug":"makita-n5900b-dairesel-testere","status":"publish","type":"product","link":"https:\/\/www.makitamarket.com.tr\/site\/urun\/makita-n5900b-dairesel-testere\/","title":{"rendered":"Makita N5900B DA\u0130RESEL TESTERE"},"content":{"rendered":"<p>Model N5900B<\/p>\n<p><span style=\"color: rgb(33, 37, 41); background-color: white;\">Dairesel Testereler <\/span><\/p>\n<p><span style=\"color: rgb(33, 37, 41); background-color: white;\">2.000 W \u2022 4.100 dk\u207b\u00b9 \u2022 235 mm<\/span><\/p>\n<p><strong style=\"color: rgb(0, 112, 192); background-color: white;\">Ah\u015fap i\u00e7in y\u00fcksek g\u00fc\u00e7l\u00fc daire testere modeli<\/strong><\/p>\n<p><span style=\"color: rgb(33, 37, 41); background-color: white;\">Profesyonel kullan\u0131m i\u00e7in tasarlanm\u0131\u015f, 2.000 W motor g\u00fcc\u00fcne&nbsp;ve dakikada 4.100 bo\u015fta devire sahip, verimli ve sa\u011flam, y\u00fcksek kapasiteli dairesel testere modelidir.235 mm b\u0131\u00e7ak \u00e7ap\u0131 ve 85 mm&#8217;ye kadar kesim derinli\u011fi sunar. Dayan\u0131kl\u0131 tasar\u0131m\u0131 ve y\u00fcksek kesim kapasitesi, zorlu i\u015flerde \u00fcst\u00fcn performans sa\u011flar. 0\u00b0-50\u00b0 a\u00e7\u0131 kesim kapasitesi ile \u00e7ok y\u00f6nl\u00fc kullan\u0131m imk\u00e2n\u0131 sunar. Ergonomik tutma sap\u0131, kolay kullan\u0131m ve kontrol sa\u011flarken, genellikle in\u015faat, marangozluk ve b\u00fcy\u00fck \u00f6l\u00e7ekli ah\u015fap kesim projelerinde tercih edilir.<\/span><\/p>\n<p><span style=\"color: red; background-color: white;\">Kullan\u0131m amac\u0131: <\/span><span style=\"color: rgb(33, 37, 41); background-color: white;\">Bu aletin, i\u015f par\u00e7as\u0131 ile s\u0131k\u0131 temas halinde enine ve boyuna d\u00fcz ve a\u00e7\u0131yla g\u00f6nyeli ah\u015fap kesme i\u00e7in kullan\u0131lmas\u0131 ama\u00e7lanmaktad\u0131r. <\/span><\/p>\n<p><u style=\"color: black; background-color: white;\">\u00d6zellikleri:<\/u><\/p>\n<p><span style=\"color: red;\">G\u00fc\u00e7 Kayna\u011f\u0131: <\/span>Makinenin, yaln\u0131zca isim levhas\u0131nda belirtilenle ayn\u0131 voltajl\u0131 g\u00fc\u00e7 kayna\u011f\u0131na ba\u011flanmas\u0131 gerekir ve yaln\u0131zca tek fazl\u0131 AC g\u00fc\u00e7 kayna\u011f\u0131yla \u00e7al\u0131\u015ft\u0131r\u0131labilir. \u00c7ifte yal\u0131t\u0131ml\u0131d\u0131r ve topraklamas\u0131z prizlerle de kullan\u0131labilir.<\/p>\n<ol>\n<li data-list=\"bullet\"><span class=\"ql-ui\" contenteditable=\"false\"><\/span>\u00c7ift yal\u0131t\u0131ml\u0131d\u0131r.<\/li>\n<li data-list=\"bullet\"><span class=\"ql-ui\" contenteditable=\"false\"><\/span><span style=\"color: rgb(33, 37, 41);\">Toz emme \u00fcnitesi mevcuttur.<\/span><\/li>\n<\/ol>\n<p>Ambalaj i\u00e7eri\u011fi: Karbit-tip testere, kenar g\u00f6nye, anahtar<\/p>\n<p><span style=\"color: red;\">Testere:B-89866<\/span><\/p>\n<table>\n<tr>\n<td>S\u00fcrekli Ak\u0131m Giri\u015fi<\/td>\n<td>2000W<\/td>\n<\/tr>\n<tr>\n<td>Kapasite<\/td>\n<td>90\u00b0 :85mm, 45\u00b0 :60mm<\/td>\n<\/tr>\n<tr>\n<td>Bo\u015fta Devir<\/td>\n<td>4100devir\/dk<\/td>\n<\/tr>\n<tr>\n<td>Ak\u0131m<\/td>\n<td>9.2Ah<\/td>\n<\/tr>\n<tr>\n<td>Testere \u00d6l\u00e7\u00fcleri<\/td>\n<td>235&#215;30 mm<\/td>\n<\/tr>\n<tr>\n<td>Net A\u011f\u0131rl\u0131k<\/td>\n<td>6.8 kg<\/td>\n<\/tr>\n<\/table>\n","protected":false},"excerpt":{"rendered":"<p>Model N5900B<\/p>\n<p><span style=\"color: rgb(33, 37, 41); background-color: white;\">Dairesel Testereler <\/span><\/p>\n<p><span style=\"color: rgb(33, 37, 41); background-color: white;\">2.000 W \u2022 4.100 dk\u207b\u00b9 \u2022 235 mm<\/span><\/p>\n<p><strong style=\"color: rgb(0, 112, 192); background-color: white;\">Ah\u015fap i\u00e7in y\u00fcksek g\u00fc\u00e7l\u00fc daire testere modeli<\/strong><\/p>\n<p><span style=\"color: rgb(33, 37, 41); background-color: white;\">Profesyonel kullan\u0131m i\u00e7in tasarlanm\u0131\u015f, 2.000 W motor g\u00fcc\u00fcne&nbsp;ve dakikada 4.100 bo\u015fta devire sahip, verimli ve sa\u011flam, y\u00fcksek kapasiteli dairesel testere modelidir.235 mm b\u0131\u00e7ak \u00e7ap\u0131 ve 85 mm&#8217;ye kadar kesim derinli\u011fi sunar. Dayan\u0131kl\u0131 tasar\u0131m\u0131 ve y\u00fcksek kesim kapasitesi, zorlu i\u015flerde \u00fcst\u00fcn performans sa\u011flar. 0\u00b0-50\u00b0 a\u00e7\u0131 kesim kapasitesi ile \u00e7ok y\u00f6nl\u00fc kullan\u0131m imk\u00e2n\u0131 sunar. Ergonomik tutma sap\u0131, kolay kullan\u0131m ve kontrol sa\u011flarken, genellikle in\u015faat, marangozluk ve b\u00fcy\u00fck \u00f6l\u00e7ekli ah\u015fap kesim projelerinde tercih edilir.<\/span><\/p>\n<p><span style=\"color: red; background-color: white;\">Kullan\u0131m amac\u0131: <\/span><span style=\"color: rgb(33, 37, 41); background-color: white;\">Bu aletin, i\u015f par\u00e7as\u0131 ile s\u0131k\u0131 temas halinde enine ve boyuna d\u00fcz ve a\u00e7\u0131yla g\u00f6nyeli ah\u015fap kesme i\u00e7in kullan\u0131lmas\u0131 ama\u00e7lanmaktad\u0131r. <\/span><\/p>\n<p><u style=\"color: black; background-color: white;\">\u00d6zellikleri:<\/u><\/p>\n<p><span style=\"color: red;\">G\u00fc\u00e7 Kayna\u011f\u0131: <\/span>Makinenin, yaln\u0131zca isim levhas\u0131nda belirtilenle ayn\u0131 voltajl\u0131 g\u00fc\u00e7 kayna\u011f\u0131na ba\u011flanmas\u0131 gerekir ve yaln\u0131zca tek fazl\u0131 AC g\u00fc\u00e7 kayna\u011f\u0131yla \u00e7al\u0131\u015ft\u0131r\u0131labilir. \u00c7ifte yal\u0131t\u0131ml\u0131d\u0131r ve topraklamas\u0131z prizlerle de kullan\u0131labilir.<\/p>\n<ol>\n<li data-list=\"bullet\"><span class=\"ql-ui\" contenteditable=\"false\"><\/span>\u00c7ift yal\u0131t\u0131ml\u0131d\u0131r.<\/li>\n<li data-list=\"bullet\"><span class=\"ql-ui\" contenteditable=\"false\"><\/span><span style=\"color: rgb(33, 37, 41);\">Toz emme \u00fcnitesi mevcuttur.<\/span><\/li>\n<\/ol>\n<p>Ambalaj i\u00e7eri\u011fi: Karbit-tip testere, kenar g\u00f6nye, anahtar<\/p>\n<p><span style=\"color: red;\">Testere:B-89866<\/span><\/p>\n","protected":false},"featured_media":25456,"comment_status":"open","ping_status":"closed","template":"","meta":{"_acf_changed":false},"product_brand":[1485],"product_cat":[848],"product_tag":[],"class_list":{"0":"post-25457","1":"product","2":"type-product","3":"status-publish","4":"has-post-thumbnail","6":"product_brand-makita","7":"product_cat-dairesel-testereler","9":"first","10":"instock","11":"taxable","12":"shipping-taxable","13":"purchasable","14":"product-type-simple","15":"add-to-wishlist-after_add_to_cart"},"acf":[],"_links":{"self":[{"href":"https:\/\/www.makitamarket.com.tr\/site\/wp-json\/wp\/v2\/product\/25457","targetHints":{"allow":["GET"]}}],"collection":[{"href":"https:\/\/www.makitamarket.com.tr\/site\/wp-json\/wp\/v2\/product"}],"about":[{"href":"https:\/\/www.makitamarket.com.tr\/site\/wp-json\/wp\/v2\/types\/product"}],"replies":[{"embeddable":true,"href":"https:\/\/www.makitamarket.com.tr\/site\/wp-json\/wp\/v2\/comments?post=25457"}],"wp:featuredmedia":[{"embeddable":true,"href":"https:\/\/www.makitamarket.com.tr\/site\/wp-json\/wp\/v2\/media\/25456"}],"wp:attachment":[{"href":"https:\/\/www.makitamarket.com.tr\/site\/wp-json\/wp\/v2\/media?parent=25457"}],"wp:term":[{"taxonomy":"product_brand","embeddable":true,"href":"https:\/\/www.makitamarket.com.tr\/site\/wp-json\/wp\/v2\/product_brand?post=25457"},{"taxonomy":"product_cat","embeddable":true,"href":"https:\/\/www.makitamarket.com.tr\/site\/wp-json\/wp\/v2\/product_cat?post=25457"},{"taxonomy":"product_tag","embeddable":true,"href":"https:\/\/www.makitamarket.com.tr\/site\/wp-json\/wp\/v2\/product_tag?post=25457"}],"curies":[{"name":"wp","href":"https:\/\/api.w.org\/{rel}","templated":true}]}}