{"id":25458,"date":"2025-12-01T00:40:39","date_gmt":"2025-11-30T21:40:39","guid":{"rendered":"https:\/\/www.makitamarket.com.tr\/site\/urun\/knipex-002105le-knipex-00-21-05-le-knipex-canta\/"},"modified":"2026-04-13T19:29:43","modified_gmt":"2026-04-13T16:29:43","slug":"knipex-002105le-knipex-00-21-05-le-knipex-canta","status":"publish","type":"product","link":"https:\/\/www.makitamarket.com.tr\/site\/urun\/knipex-002105le-knipex-00-21-05-le-knipex-canta\/","title":{"rendered":"Knipex 002105LE KNIPEX 00 21 05 LE KNIPEX \u00c7ANTA"},"content":{"rendered":"<p><strong>00 21 05 LE Alet \u00c7antas\u0131 &#8220;Basic&#8221;<\/strong><\/p>\n<p>Toplam 41 yerle\u015ftirme se\u00e7ene\u011fi ile. Maks. y\u00fck: 15 kg. Hacim: 27 litre. Sa\u011flam, ergonomik ta\u015f\u0131ma sap\u0131. ABS malzemeden imal edilmi\u015f dayan\u0131kl\u0131 model, siyah. Al\u00fcminyum \u00e7er\u00e7eve sarg\u0131s\u0131. Metal mente\u015fe. Kapak i\u00e7in evrak b\u00f6lmesi. Kir tutmaz PP i\u00e7i bo\u015f levhadan imal edilmi\u015f, 21 alet cepli, iki s\u00f6k\u00fclebilir alet panosu. 50 mm y\u00fcksekli\u011fe sahip taban tepsisi d\u00fc\u011fmeye bas\u0131larak sabitlenebilir, i\u00e7 par\u00e7alarla ek b\u00f6lmelere ayr\u0131labilir; 12 b\u00fcy\u00fck b\u00f6lmelere ve d\u00fcz bir b\u00f6lmeye sahip kapak levhas\u0131. Kapa\u011f\u0131n g\u00fcvenle kapat\u0131lmas\u0131 i\u00e7in iki metal yat\u0131rma kilidi ve \u00fc\u00e7 haneli \u015fifreli kilit. \u00d6zel etiketleme i\u00e7in iki etiketlik alan <\/p>\n<p><strong>D\u0131\u015f (i\u00e7) geni\u015flik \u00f6l\u00e7\u00fcs\u00fc: <\/strong>465 mm 440 mm<\/p>\n<p><strong>D\u0131\u015f (i\u00e7) y\u00fckseklik \u00f6l\u00e7\u00fcleri: <\/strong>200 mm 180 mm<\/p>\n<p><strong>D\u0131\u015f (i\u00e7) derinlik \u00f6l\u00e7\u00fcleri: <\/strong>410 mm 350 mm \/ 350 mm<\/p>\n<table><\/table>\n","protected":false},"excerpt":{"rendered":"<p><strong>00 21 05 LE Alet \u00c7antas\u0131 &#8220;Basic&#8221;<\/strong><\/p>\n<p>Toplam 41 yerle\u015ftirme se\u00e7ene\u011fi ile. Maks. y\u00fck: 15 kg. Hacim: 27 litre. Sa\u011flam, ergonomik ta\u015f\u0131ma sap\u0131. ABS malzemeden imal edilmi\u015f dayan\u0131kl\u0131 model, siyah. Al\u00fcminyum \u00e7er\u00e7eve sarg\u0131s\u0131. Metal mente\u015fe. Kapak i\u00e7in evrak b\u00f6lmesi. Kir tutmaz PP i\u00e7i bo\u015f levhadan imal edilmi\u015f, 21 alet cepli, iki s\u00f6k\u00fclebilir alet panosu. 50 mm y\u00fcksekli\u011fe sahip taban tepsisi d\u00fc\u011fmeye bas\u0131larak sabitlenebilir, i\u00e7 par\u00e7alarla ek b\u00f6lmelere ayr\u0131labilir; 12 b\u00fcy\u00fck b\u00f6lmelere ve d\u00fcz bir b\u00f6lmeye sahip kapak levhas\u0131. Kapa\u011f\u0131n g\u00fcvenle kapat\u0131lmas\u0131 i\u00e7in iki metal yat\u0131rma kilidi ve \u00fc\u00e7 haneli \u015fifreli kilit. \u00d6zel etiketleme i\u00e7in iki etiketlik alan <\/p>\n<p><strong>D\u0131\u015f (i\u00e7) geni\u015flik \u00f6l\u00e7\u00fcs\u00fc: <\/strong>465 mm 440 mm<\/p>\n<p><strong>D\u0131\u015f (i\u00e7) y\u00fckseklik \u00f6l\u00e7\u00fcleri: <\/strong>200 mm 180 mm<\/p>\n<p><strong>D\u0131\u015f (i\u00e7) derinlik \u00f6l\u00e7\u00fcleri: <\/strong>410 mm 350 mm \/ 350 mm<\/p>\n","protected":false},"featured_media":0,"comment_status":"open","ping_status":"closed","template":"","meta":{"_acf_changed":false},"product_brand":[1486],"product_cat":[734],"product_tag":[],"class_list":{"0":"post-25458","1":"product","2":"type-product","3":"status-publish","5":"product_brand-knipex","6":"product_cat-plastik-takim-cantalari","8":"first","9":"outofstock","10":"taxable","11":"shipping-taxable","12":"purchasable","13":"product-type-simple","14":"add-to-wishlist-after_add_to_cart"},"acf":[],"_links":{"self":[{"href":"https:\/\/www.makitamarket.com.tr\/site\/wp-json\/wp\/v2\/product\/25458","targetHints":{"allow":["GET"]}}],"collection":[{"href":"https:\/\/www.makitamarket.com.tr\/site\/wp-json\/wp\/v2\/product"}],"about":[{"href":"https:\/\/www.makitamarket.com.tr\/site\/wp-json\/wp\/v2\/types\/product"}],"replies":[{"embeddable":true,"href":"https:\/\/www.makitamarket.com.tr\/site\/wp-json\/wp\/v2\/comments?post=25458"}],"wp:attachment":[{"href":"https:\/\/www.makitamarket.com.tr\/site\/wp-json\/wp\/v2\/media?parent=25458"}],"wp:term":[{"taxonomy":"product_brand","embeddable":true,"href":"https:\/\/www.makitamarket.com.tr\/site\/wp-json\/wp\/v2\/product_brand?post=25458"},{"taxonomy":"product_cat","embeddable":true,"href":"https:\/\/www.makitamarket.com.tr\/site\/wp-json\/wp\/v2\/product_cat?post=25458"},{"taxonomy":"product_tag","embeddable":true,"href":"https:\/\/www.makitamarket.com.tr\/site\/wp-json\/wp\/v2\/product_tag?post=25458"}],"curies":[{"name":"wp","href":"https:\/\/api.w.org\/{rel}","templated":true}]}}