{"id":25460,"date":"2025-12-01T00:42:54","date_gmt":"2025-11-30T21:42:54","guid":{"rendered":"https:\/\/www.makitamarket.com.tr\/site\/urun\/mastech-ms5208-mastech-ms5208-dijital-izolasyon-multimetresi\/"},"modified":"2026-03-30T07:41:29","modified_gmt":"2026-03-30T04:41:29","slug":"mastech-ms5208-mastech-ms5208-dijital-izolasyon-multimetresi","status":"publish","type":"product","link":"https:\/\/www.makitamarket.com.tr\/site\/urun\/mastech-ms5208-mastech-ms5208-dijital-izolasyon-multimetresi\/","title":{"rendered":"Mastech MS5208 MASTECH MS5208 DIJITAL IZOLASYON MULTIMETRESI"},"content":{"rendered":"<p>\n\t6600 say\u0131m LCD ekran &#8211; Dahili 50V\/100V\/250V\/500V\/1000V DC VOLTAJ \u00fcretici ile 0.1\u2126&#8217; dan 2G\u2126&#8217;a kadar izolasyon testi 1,5mA k\u0131sa devre testi &#8211; \u0130zolasyon testi i\u00e7in zamanlay\u0131c\u0131, DAR (Dielektrik absorbisyonu) \/ PI (Polarizasyon endeksi) de\u011ferlerine g\u00f6re izolasyon testini destekler. Hem multimetre hem izolasyon modunda 600 \u00f6l\u00e7\u00fcm haf\u0131zas\u0131.<\/p>\n<p>\n\tCanl\u0131 devre tespit \u00f6zelli\u011fi, ful \u015farjda batarya test \u00f6zelli\u011fi.<\/p>\n<table>\n<tr>\n<td>DCV<\/td>\n<td>600m\/6\/60\/600\/1000V, \u00b10.5%<\/td>\n<\/tr>\n<tr>\n<td>ACV<\/td>\n<td>600m\/6\/60\/600\/750V, \u00b11.5%<\/td>\n<\/tr>\n<tr>\n<td>DCA<\/td>\n<td>60m\/400mA, \u00b11.0%;<\/td>\n<\/tr>\n<tr>\n<td>ACA<\/td>\n<td>60m\/400mA, \u00b11.5%<\/td>\n<\/tr>\n<tr>\n<td>OHM<\/td>\n<td>600\/6k\/60k\/600k\/6M\/60M\u2126, \u00b11,2%<\/td>\n<\/tr>\n<tr>\n<td>Kapasitans<\/td>\n<td>6n\/60n\/600n\/6\u00b5\/60\u00b5\/600\u00b5\/6m\/60 mF, \u00b15.0%<\/td>\n<\/tr>\n<tr>\n<td>S\u0131cakl\u0131k<\/td>\n<td>-30\u00b0C~1300\u00b0C, \u00b11.0%<\/td>\n<\/tr>\n<tr>\n<td>Lineer Frekans<\/td>\n<td>660\/6.6k\/66k\/10MHz ,\u00b11.5%<\/td>\n<\/tr>\n<tr>\n<td>\u0130zolasyon<\/td>\n<td>50V : 0~ 50M\u2126, \u00b13.0%, 100V: 0~100M\u2126, \u00b13.0%, 250V: 0~250M\u2126, \u00b13.0%, 500V: 0~500M\u2126, \u00b13.0%, 1000V: 0~ 2G\u2126, \u00b13%~10% Sesli ikaz &#038; diot testi<\/td>\n<\/tr>\n<tr>\n<td>Batarya<\/td>\n<td>1,5V x 4, AA<\/td>\n<\/tr>\n<tr>\n<td>Boyutlar<\/td>\n<td>205 x 102 x 58 mm<\/td>\n<\/tr>\n<tr>\n<td>A\u011f\u0131rl\u0131k<\/td>\n<td>400g<\/td>\n<\/tr>\n<tr>\n<td>Aksesuar<\/td>\n<td>K\u0131l\u0131f, s\u0131cakl\u0131k probu, klips<\/td>\n<\/tr>\n<\/table>\n","protected":false},"excerpt":{"rendered":"<p>\n\t6600 say\u0131m LCD ekran &#8211; Dahili 50V\/100V\/250V\/500V\/1000V DC VOLTAJ \u00fcretici ile 0.1\u2126&#8217; dan 2G\u2126&#8217;a kadar izolasyon testi 1,5mA k\u0131sa devre testi &#8211; \u0130zolasyon testi i\u00e7in zamanlay\u0131c\u0131, DAR (Dielektrik absorbisyonu) \/ PI (Polarizasyon endeksi) de\u011ferlerine g\u00f6re izolasyon testini destekler. Hem multimetre hem izolasyon modunda 600 \u00f6l\u00e7\u00fcm haf\u0131zas\u0131.<\/p>\n<p>\n\tCanl\u0131 devre tespit \u00f6zelli\u011fi, ful \u015farjda batarya test \u00f6zelli\u011fi.<\/p>\n","protected":false},"featured_media":25459,"comment_status":"open","ping_status":"closed","template":"","meta":{"_acf_changed":false},"product_brand":[1526],"product_cat":[1566],"product_tag":[],"class_list":{"0":"post-25460","1":"product","2":"type-product","3":"status-publish","4":"has-post-thumbnail","6":"product_brand-mastech","7":"product_cat-yalitim-olcum-cihazlari","9":"first","10":"instock","11":"taxable","12":"shipping-taxable","13":"purchasable","14":"product-type-simple","15":"add-to-wishlist-after_add_to_cart"},"acf":[],"_links":{"self":[{"href":"https:\/\/www.makitamarket.com.tr\/site\/wp-json\/wp\/v2\/product\/25460","targetHints":{"allow":["GET"]}}],"collection":[{"href":"https:\/\/www.makitamarket.com.tr\/site\/wp-json\/wp\/v2\/product"}],"about":[{"href":"https:\/\/www.makitamarket.com.tr\/site\/wp-json\/wp\/v2\/types\/product"}],"replies":[{"embeddable":true,"href":"https:\/\/www.makitamarket.com.tr\/site\/wp-json\/wp\/v2\/comments?post=25460"}],"wp:featuredmedia":[{"embeddable":true,"href":"https:\/\/www.makitamarket.com.tr\/site\/wp-json\/wp\/v2\/media\/25459"}],"wp:attachment":[{"href":"https:\/\/www.makitamarket.com.tr\/site\/wp-json\/wp\/v2\/media?parent=25460"}],"wp:term":[{"taxonomy":"product_brand","embeddable":true,"href":"https:\/\/www.makitamarket.com.tr\/site\/wp-json\/wp\/v2\/product_brand?post=25460"},{"taxonomy":"product_cat","embeddable":true,"href":"https:\/\/www.makitamarket.com.tr\/site\/wp-json\/wp\/v2\/product_cat?post=25460"},{"taxonomy":"product_tag","embeddable":true,"href":"https:\/\/www.makitamarket.com.tr\/site\/wp-json\/wp\/v2\/product_tag?post=25460"}],"curies":[{"name":"wp","href":"https:\/\/api.w.org\/{rel}","templated":true}]}}