{"id":25467,"date":"2025-12-01T00:57:08","date_gmt":"2025-11-30T21:57:08","guid":{"rendered":"https:\/\/www.makitamarket.com.tr\/site\/urun\/knipex-950221-knipex-95-02-21-plastik-kesme-makasi\/"},"modified":"2026-04-06T13:22:56","modified_gmt":"2026-04-06T10:22:56","slug":"knipex-950221-knipex-95-02-21-plastik-kesme-makasi","status":"publish","type":"product","link":"https:\/\/www.makitamarket.com.tr\/site\/urun\/knipex-950221-knipex-95-02-21-plastik-kesme-makasi\/","title":{"rendered":"Knipex 950221 KNIPEX 95 02 21 PLASTIK KESME MAKASI"},"content":{"rendered":"<p><strong>95 02 21 Plastik malzemeler i\u00e7in makas<\/strong><\/p>\n<p>Kablo kanallar\u0131n\u0131n kesilmesi ve k\u0131salt\u0131lmas\u0131 i\u00e7in, kal\u0131nl\u0131\u011f\u0131 4,0 mm\u2019ye kadar olan plastikler i\u00e7in de uygundur. \u00d6zel dirsekli kollu aktar\u0131m. \u00c7ok etkili kesici geometrisi. <\/p>\n<p><strong>Kesme kapasitesi: <\/strong>max. 4,0<\/p>\n<p><strong>B\u0131\u00e7ak uzunlu\u011fu: <\/strong>110 mm<\/p>\n<table><\/table>\n","protected":false},"excerpt":{"rendered":"<p><strong>95 02 21 Plastik malzemeler i\u00e7in makas<\/strong><\/p>\n<p>Kablo kanallar\u0131n\u0131n kesilmesi ve k\u0131salt\u0131lmas\u0131 i\u00e7in, kal\u0131nl\u0131\u011f\u0131 4,0 mm\u2019ye kadar olan plastikler i\u00e7in de uygundur. \u00d6zel dirsekli kollu aktar\u0131m. \u00c7ok etkili kesici geometrisi. <\/p>\n<p><strong>Kesme kapasitesi: <\/strong>max. 4,0<\/p>\n<p><strong>B\u0131\u00e7ak uzunlu\u011fu: <\/strong>110 mm<\/p>\n","protected":false},"featured_media":0,"comment_status":"open","ping_status":"closed","template":"","meta":{"_acf_changed":false},"product_brand":[1486],"product_cat":[833],"product_tag":[],"class_list":{"0":"post-25467","1":"product","2":"type-product","3":"status-publish","5":"product_brand-knipex","6":"product_cat-makaslar","8":"first","9":"instock","10":"taxable","11":"shipping-taxable","12":"purchasable","13":"product-type-simple","14":"add-to-wishlist-after_add_to_cart"},"acf":[],"_links":{"self":[{"href":"https:\/\/www.makitamarket.com.tr\/site\/wp-json\/wp\/v2\/product\/25467","targetHints":{"allow":["GET"]}}],"collection":[{"href":"https:\/\/www.makitamarket.com.tr\/site\/wp-json\/wp\/v2\/product"}],"about":[{"href":"https:\/\/www.makitamarket.com.tr\/site\/wp-json\/wp\/v2\/types\/product"}],"replies":[{"embeddable":true,"href":"https:\/\/www.makitamarket.com.tr\/site\/wp-json\/wp\/v2\/comments?post=25467"}],"wp:attachment":[{"href":"https:\/\/www.makitamarket.com.tr\/site\/wp-json\/wp\/v2\/media?parent=25467"}],"wp:term":[{"taxonomy":"product_brand","embeddable":true,"href":"https:\/\/www.makitamarket.com.tr\/site\/wp-json\/wp\/v2\/product_brand?post=25467"},{"taxonomy":"product_cat","embeddable":true,"href":"https:\/\/www.makitamarket.com.tr\/site\/wp-json\/wp\/v2\/product_cat?post=25467"},{"taxonomy":"product_tag","embeddable":true,"href":"https:\/\/www.makitamarket.com.tr\/site\/wp-json\/wp\/v2\/product_tag?post=25467"}],"curies":[{"name":"wp","href":"https:\/\/api.w.org\/{rel}","templated":true}]}}