{"id":25471,"date":"2025-12-01T01:53:38","date_gmt":"2025-11-30T22:53:38","guid":{"rendered":"https:\/\/www.makitamarket.com.tr\/site\/urun\/knipex-1192140-knipex-11-92-140-elektronikci-kablo-siyirma-pensesi\/"},"modified":"2026-04-06T14:14:09","modified_gmt":"2026-04-06T11:14:09","slug":"knipex-1192140-knipex-11-92-140-elektronikci-kablo-siyirma-pensesi","status":"publish","type":"product","link":"https:\/\/www.makitamarket.com.tr\/site\/urun\/knipex-1192140-knipex-11-92-140-elektronikci-kablo-siyirma-pensesi\/","title":{"rendered":"Knipex 1192140 Knipex 11 92 140 Elektronik\u00e7i Kablo S\u0131y\u0131rma Pensesi"},"content":{"rendered":"<p><b>11 92 140 Elektronik\u00e7i Kablo S\u0131y\u0131rma Pensesi<\/b><br \/>\u0130letken \u00e7ap\u0131 0,1 &#8211; 0,8 mm aras\u0131nda olan plastik veya lastik izolasyonlu tek, \u00e7ok ve ince telli iletkenler i\u00e7in. T\u0131rt\u0131kl\u0131 vida ve kontra somun sayesinde istenen tel veya litz teli \u00e7ap\u0131na kolayca ayarlan\u0131r. A\u00e7ma yayl\u0131. Ayna polisaj\u0131 ince ya\u011f tabakas\u0131 ile ba\u011flant\u0131l\u0131 olarak korozyona kar\u015f\u0131 iyi bir koruma sa\u011flar &#8211; d\u00f6k\u00fclen krom par\u00e7alar elektrik devresinde ar\u0131za ger\u00e7ekle\u015fmez. <\/p>\n<li><b>Kablo s\u0131y\u0131rma de\u011ferleri (\u00e7ap): <\/b>\u00d8 0,1 \u2014 0,8 mm<\/li>\n<table>\n<tr>\n<td>S\u0131y\u0131rma Kapasitesi<\/td>\n<td>0,1 -0,8mm\u00b2<\/td>\n<\/tr>\n<tr>\n<td>Uzunluk<\/td>\n<td>140<\/td>\n<\/tr>\n<tr>\n<td>Kafa<\/td>\n<td>Polisaj<\/td>\n<\/tr>\n<tr>\n<td>Form<\/td>\n<td>Yayl\u0131<\/td>\n<\/tr>\n<tr>\n<td>Sap<\/td>\n<td>\u00c7ift Bile\u015fenli Kal\u0131n \u0130zole<\/td>\n<\/tr>\n<\/table>\n","protected":false},"excerpt":{"rendered":"<p><b>11 92 140 Elektronik\u00e7i Kablo S\u0131y\u0131rma Pensesi<\/b><br \/>\u0130letken \u00e7ap\u0131 0,1 &#8211; 0,8 mm aras\u0131nda olan plastik veya lastik izolasyonlu tek, \u00e7ok ve ince telli iletkenler i\u00e7in. T\u0131rt\u0131kl\u0131 vida ve kontra somun sayesinde istenen tel veya litz teli \u00e7ap\u0131na kolayca ayarlan\u0131r. A\u00e7ma yayl\u0131. Ayna polisaj\u0131 ince ya\u011f tabakas\u0131 ile ba\u011flant\u0131l\u0131 olarak korozyona kar\u015f\u0131 iyi bir koruma sa\u011flar &#8211; d\u00f6k\u00fclen krom par\u00e7alar elektrik devresinde ar\u0131za ger\u00e7ekle\u015fmez. <\/p>\n<li><b>Kablo s\u0131y\u0131rma de\u011ferleri (\u00e7ap): <\/b>\u00d8 0,1 \u2014 0,8 mm<\/li>\n","protected":false},"featured_media":25470,"comment_status":"open","ping_status":"closed","template":"","meta":{"_acf_changed":false},"product_brand":[1486],"product_cat":[991],"product_tag":[],"class_list":{"0":"post-25471","1":"product","2":"type-product","3":"status-publish","4":"has-post-thumbnail","6":"product_brand-knipex","7":"product_cat-kablo-siyirmalar","9":"first","10":"outofstock","11":"taxable","12":"shipping-taxable","13":"purchasable","14":"product-type-simple","15":"add-to-wishlist-after_add_to_cart"},"acf":[],"_links":{"self":[{"href":"https:\/\/www.makitamarket.com.tr\/site\/wp-json\/wp\/v2\/product\/25471","targetHints":{"allow":["GET"]}}],"collection":[{"href":"https:\/\/www.makitamarket.com.tr\/site\/wp-json\/wp\/v2\/product"}],"about":[{"href":"https:\/\/www.makitamarket.com.tr\/site\/wp-json\/wp\/v2\/types\/product"}],"replies":[{"embeddable":true,"href":"https:\/\/www.makitamarket.com.tr\/site\/wp-json\/wp\/v2\/comments?post=25471"}],"wp:featuredmedia":[{"embeddable":true,"href":"https:\/\/www.makitamarket.com.tr\/site\/wp-json\/wp\/v2\/media\/25470"}],"wp:attachment":[{"href":"https:\/\/www.makitamarket.com.tr\/site\/wp-json\/wp\/v2\/media?parent=25471"}],"wp:term":[{"taxonomy":"product_brand","embeddable":true,"href":"https:\/\/www.makitamarket.com.tr\/site\/wp-json\/wp\/v2\/product_brand?post=25471"},{"taxonomy":"product_cat","embeddable":true,"href":"https:\/\/www.makitamarket.com.tr\/site\/wp-json\/wp\/v2\/product_cat?post=25471"},{"taxonomy":"product_tag","embeddable":true,"href":"https:\/\/www.makitamarket.com.tr\/site\/wp-json\/wp\/v2\/product_tag?post=25471"}],"curies":[{"name":"wp","href":"https:\/\/api.w.org\/{rel}","templated":true}]}}