{"id":25477,"date":"2025-12-01T03:07:55","date_gmt":"2025-12-01T00:07:55","guid":{"rendered":"https:\/\/www.makitamarket.com.tr\/site\/urun\/bessey-bestpn100s12be-bessey-tp100s12be-std-sik-pabuc-iskence\/"},"modified":"2026-04-06T14:48:02","modified_gmt":"2026-04-06T11:48:02","slug":"bessey-bestpn100s12be-bessey-tp100s12be-std-sik-pabuc-iskence","status":"publish","type":"product","link":"https:\/\/www.makitamarket.com.tr\/site\/urun\/bessey-bestpn100s12be-bessey-tp100s12be-std-sik-pabuc-iskence\/","title":{"rendered":"Bessey BESTPN100S12BE BESSEY TP100S12BE STD SIK.PABUC ISKENCE"},"content":{"rendered":"<table>\n<tr>\n<td>Uzunluk<\/td>\n<td>1000<\/td>\n<\/tr>\n<tr>\n<td>Derinlik<\/td>\n<td>120<\/td>\n<\/tr>\n<tr>\n<td>Ray Kal\u0131nl\u0131\u011f\u0131<\/td>\n<td>29&#215;9<\/td>\n<\/tr>\n<tr>\n<td>A\u011f\u0131rl\u0131k<\/td>\n<td>2.8<\/td>\n<\/tr>\n<\/table>\n","protected":false},"excerpt":{"rendered":"<p>Uzunluk 1000 Derinlik 120 Ray Kal\u0131nl\u0131\u011f\u0131 29&#215;9 A\u011f\u0131rl\u0131k 2.8<\/p>\n","protected":false},"featured_media":0,"comment_status":"open","ping_status":"closed","template":"","meta":{"_acf_changed":false},"product_brand":[1534],"product_cat":[1565],"product_tag":[],"class_list":{"0":"post-25477","1":"product","2":"type-product","3":"status-publish","5":"product_brand-bessey","6":"product_cat-yok-yok","8":"first","9":"instock","10":"taxable","11":"shipping-taxable","12":"purchasable","13":"product-type-simple","14":"add-to-wishlist-after_add_to_cart"},"acf":[],"_links":{"self":[{"href":"https:\/\/www.makitamarket.com.tr\/site\/wp-json\/wp\/v2\/product\/25477","targetHints":{"allow":["GET"]}}],"collection":[{"href":"https:\/\/www.makitamarket.com.tr\/site\/wp-json\/wp\/v2\/product"}],"about":[{"href":"https:\/\/www.makitamarket.com.tr\/site\/wp-json\/wp\/v2\/types\/product"}],"replies":[{"embeddable":true,"href":"https:\/\/www.makitamarket.com.tr\/site\/wp-json\/wp\/v2\/comments?post=25477"}],"wp:attachment":[{"href":"https:\/\/www.makitamarket.com.tr\/site\/wp-json\/wp\/v2\/media?parent=25477"}],"wp:term":[{"taxonomy":"product_brand","embeddable":true,"href":"https:\/\/www.makitamarket.com.tr\/site\/wp-json\/wp\/v2\/product_brand?post=25477"},{"taxonomy":"product_cat","embeddable":true,"href":"https:\/\/www.makitamarket.com.tr\/site\/wp-json\/wp\/v2\/product_cat?post=25477"},{"taxonomy":"product_tag","embeddable":true,"href":"https:\/\/www.makitamarket.com.tr\/site\/wp-json\/wp\/v2\/product_tag?post=25477"}],"curies":[{"name":"wp","href":"https:\/\/api.w.org\/{rel}","templated":true}]}}