{"id":25482,"date":"2025-12-01T03:18:05","date_gmt":"2025-12-01T00:18:05","guid":{"rendered":"https:\/\/www.makitamarket.com.tr\/site\/urun\/knipex-8711250-knipex-87-11-250-yayli-ayarli-pense-cobra\/"},"modified":"2026-04-06T14:56:33","modified_gmt":"2026-04-06T11:56:33","slug":"knipex-8711250-knipex-87-11-250-yayli-ayarli-pense-cobra","status":"publish","type":"product","link":"https:\/\/www.makitamarket.com.tr\/site\/urun\/knipex-8711250-knipex-87-11-250-yayli-ayarli-pense-cobra\/","title":{"rendered":"Knipex 8711250 KNIPEX 87 11 250 YAYLI AYARLI PENSE COBRA"},"content":{"rendered":"<p><b>87 11 250 KNIPEX Cobra\u00ae.matic<\/b><br \/>KNIPEX Cobra\u00ae\u2019n\u0131n 87 01 250 t\u00fcm \u00f6zellikleri. Direkt olarak i\u015f par\u00e7as\u0131nda d\u00fc\u011fme ile otomatik olarak ayarlanabilir. \u0130\u00e7 b\u00f6l\u00fcmde korunmu\u015f \u015fekilde tasarlanm\u0131\u015f yay sayesinde d\u00fc\u011fmeye bas\u0131ld\u0131\u011f\u0131nda pense kendili\u011finden kapan\u0131r (Tek elle kullan\u0131m!). <\/p>\n<li><b>Ayar pozisyonu: <\/b>25<\/li>\n<li><b>Boru \u00e7ap\u0131 kapasitesi (\u00e7ap): <\/b>\u00d8 2 in<\/li>\n<li><b>Boru \u00e7ap\u0131 kapasitesi (\u00e7ap): <\/b>\u00d8 50 mm<\/li>\n<li><b>Somun ve anahtar \u00f6l\u00e7\u00fcs\u00fc kapasitesi: <\/b>46 mm<\/li>\n<table><\/table>\n","protected":false},"excerpt":{"rendered":"<p><b>87 11 250 KNIPEX Cobra\u00ae.matic<\/b><br \/>KNIPEX Cobra\u00ae\u2019n\u0131n 87 01 250 t\u00fcm \u00f6zellikleri. Direkt olarak i\u015f par\u00e7as\u0131nda d\u00fc\u011fme ile otomatik olarak ayarlanabilir. \u0130\u00e7 b\u00f6l\u00fcmde korunmu\u015f \u015fekilde tasarlanm\u0131\u015f yay sayesinde d\u00fc\u011fmeye bas\u0131ld\u0131\u011f\u0131nda pense kendili\u011finden kapan\u0131r (Tek elle kullan\u0131m!). <\/p>\n<li><b>Ayar pozisyonu: <\/b>25<\/li>\n<li><b>Boru \u00e7ap\u0131 kapasitesi (\u00e7ap): <\/b>\u00d8 2 in<\/li>\n<li><b>Boru \u00e7ap\u0131 kapasitesi (\u00e7ap): <\/b>\u00d8 50 mm<\/li>\n<li><b>Somun ve anahtar \u00f6l\u00e7\u00fcs\u00fc kapasitesi: <\/b>46 mm<\/li>\n","protected":false},"featured_media":0,"comment_status":"open","ping_status":"closed","template":"","meta":{"_acf_changed":false},"product_brand":[1486],"product_cat":[956],"product_tag":[],"class_list":{"0":"post-25482","1":"product","2":"type-product","3":"status-publish","5":"product_brand-knipex","6":"product_cat-ayarli-penseler","8":"first","9":"outofstock","10":"taxable","11":"shipping-taxable","12":"purchasable","13":"product-type-simple","14":"add-to-wishlist-after_add_to_cart"},"acf":[],"_links":{"self":[{"href":"https:\/\/www.makitamarket.com.tr\/site\/wp-json\/wp\/v2\/product\/25482","targetHints":{"allow":["GET"]}}],"collection":[{"href":"https:\/\/www.makitamarket.com.tr\/site\/wp-json\/wp\/v2\/product"}],"about":[{"href":"https:\/\/www.makitamarket.com.tr\/site\/wp-json\/wp\/v2\/types\/product"}],"replies":[{"embeddable":true,"href":"https:\/\/www.makitamarket.com.tr\/site\/wp-json\/wp\/v2\/comments?post=25482"}],"wp:attachment":[{"href":"https:\/\/www.makitamarket.com.tr\/site\/wp-json\/wp\/v2\/media?parent=25482"}],"wp:term":[{"taxonomy":"product_brand","embeddable":true,"href":"https:\/\/www.makitamarket.com.tr\/site\/wp-json\/wp\/v2\/product_brand?post=25482"},{"taxonomy":"product_cat","embeddable":true,"href":"https:\/\/www.makitamarket.com.tr\/site\/wp-json\/wp\/v2\/product_cat?post=25482"},{"taxonomy":"product_tag","embeddable":true,"href":"https:\/\/www.makitamarket.com.tr\/site\/wp-json\/wp\/v2\/product_tag?post=25482"}],"curies":[{"name":"wp","href":"https:\/\/api.w.org\/{rel}","templated":true}]}}