{"id":25484,"date":"2025-12-01T03:19:33","date_gmt":"2025-12-01T00:19:33","guid":{"rendered":"https:\/\/www.makitamarket.com.tr\/site\/urun\/knipex-70-26-160-yan-keski-160-mm\/"},"modified":"2026-04-06T14:59:26","modified_gmt":"2026-04-06T11:59:26","slug":"knipex-70-26-160-yan-keski-160-mm","status":"publish","type":"product","link":"https:\/\/www.makitamarket.com.tr\/site\/urun\/knipex-70-26-160-yan-keski-160-mm\/","title":{"rendered":"Knipex 70 26 160 YAN KESK\u0130 160 mm"},"content":{"rendered":"<p><b>70 26 160 Yan keski<\/b><br \/>Zor eri\u015filebilen \u00e7al\u0131\u015fma alanlar\u0131nda kullan\u0131m i\u00e7in ince kafa \u015fekli. \u00c7ok ama\u00e7l\u0131 kullan\u0131m i\u00e7in vazge\u00e7ilmez yan keski. Uzun kullan\u0131m \u00f6mr\u00fc i\u00e7in y\u00fcksek kaliteli malzeme ve hassas i\u015fleme. Yumu\u015fak ve sert tel i\u00e7in hassas kesiciler. Kesici u\u00e7lar\u0131nda temiz kesim, ince bak\u0131r tellerde de. Kesicilere ek olarak ind\u00fcksiyon sertle\u015ftirme uygulamas\u0131 yap\u0131lm\u0131\u015ft\u0131r, kesici sertli\u011fi yakl. 62 HRC. Az p\u00fcr\u00fczl\u00fc kesim. <\/p>\n<li><b>Yumu\u015fak tel kesme de\u011feri (\u00e7ap): <\/b>\u00d8 4,0 mm<\/li>\n<li><b>VDE onayl\u0131: <\/b>evet \u00a0<\/li>\n<table>\n<tr>\n<td>Uzunluk<\/td>\n<td>160<\/td>\n<\/tr>\n<tr>\n<td>Form<\/td>\n<td>K\u00fc\u00e7\u00fck t\u0131rt\u0131kl\u0131 b\u0131\u00e7ak , 1000V<\/td>\n<\/tr>\n<tr>\n<td>Kafa<\/td>\n<td>Krom<\/td>\n<\/tr>\n<tr>\n<td>Sap<\/td>\n<td>Sar\u0131 k\u0131rm\u0131z\u0131 \u00e7ift bile\u015fimli<\/td>\n<\/tr>\n<tr>\n<td>Yumu\u015fak Tel<\/td>\n<td>4,0 \u00f8mm<\/td>\n<\/tr>\n<tr>\n<td>Orta Sert Tel<\/td>\n<td>1.6 \u00f8mm<\/td>\n<\/tr>\n<tr>\n<td>A\u011f\u0131rl\u0131k<\/td>\n<td>216 gr<\/td>\n<\/tr>\n<\/table>\n","protected":false},"excerpt":{"rendered":"<p><b>70 26 160 Yan keski<\/b><br \/>Zor eri\u015filebilen \u00e7al\u0131\u015fma alanlar\u0131nda kullan\u0131m i\u00e7in ince kafa \u015fekli. \u00c7ok ama\u00e7l\u0131 kullan\u0131m i\u00e7in vazge\u00e7ilmez yan keski. Uzun kullan\u0131m \u00f6mr\u00fc i\u00e7in y\u00fcksek kaliteli malzeme ve hassas i\u015fleme. Yumu\u015fak ve sert tel i\u00e7in hassas kesiciler. Kesici u\u00e7lar\u0131nda temiz kesim, ince bak\u0131r tellerde de. Kesicilere ek olarak ind\u00fcksiyon sertle\u015ftirme uygulamas\u0131 yap\u0131lm\u0131\u015ft\u0131r, kesici sertli\u011fi yakl. 62 HRC. Az p\u00fcr\u00fczl\u00fc kesim. <\/p>\n<li><b>Yumu\u015fak tel kesme de\u011feri (\u00e7ap): <\/b>\u00d8 4,0 mm<\/li>\n<li><b>VDE onayl\u0131: <\/b>evet \u00a0<\/li>\n","protected":false},"featured_media":25483,"comment_status":"open","ping_status":"closed","template":"","meta":{"_acf_changed":false},"product_brand":[1486],"product_cat":[1161],"product_tag":[],"class_list":{"0":"post-25484","1":"product","2":"type-product","3":"status-publish","4":"has-post-thumbnail","6":"product_brand-knipex","7":"product_cat-yan-keskiler","9":"first","10":"outofstock","11":"taxable","12":"shipping-taxable","13":"purchasable","14":"product-type-simple","15":"add-to-wishlist-after_add_to_cart"},"acf":[],"_links":{"self":[{"href":"https:\/\/www.makitamarket.com.tr\/site\/wp-json\/wp\/v2\/product\/25484","targetHints":{"allow":["GET"]}}],"collection":[{"href":"https:\/\/www.makitamarket.com.tr\/site\/wp-json\/wp\/v2\/product"}],"about":[{"href":"https:\/\/www.makitamarket.com.tr\/site\/wp-json\/wp\/v2\/types\/product"}],"replies":[{"embeddable":true,"href":"https:\/\/www.makitamarket.com.tr\/site\/wp-json\/wp\/v2\/comments?post=25484"}],"wp:featuredmedia":[{"embeddable":true,"href":"https:\/\/www.makitamarket.com.tr\/site\/wp-json\/wp\/v2\/media\/25483"}],"wp:attachment":[{"href":"https:\/\/www.makitamarket.com.tr\/site\/wp-json\/wp\/v2\/media?parent=25484"}],"wp:term":[{"taxonomy":"product_brand","embeddable":true,"href":"https:\/\/www.makitamarket.com.tr\/site\/wp-json\/wp\/v2\/product_brand?post=25484"},{"taxonomy":"product_cat","embeddable":true,"href":"https:\/\/www.makitamarket.com.tr\/site\/wp-json\/wp\/v2\/product_cat?post=25484"},{"taxonomy":"product_tag","embeddable":true,"href":"https:\/\/www.makitamarket.com.tr\/site\/wp-json\/wp\/v2\/product_tag?post=25484"}],"curies":[{"name":"wp","href":"https:\/\/api.w.org\/{rel}","templated":true}]}}