{"id":25490,"date":"2025-12-01T04:00:36","date_gmt":"2025-12-01T01:00:36","guid":{"rendered":"https:\/\/www.makitamarket.com.tr\/site\/urun\/makita-d-30508-makita-d-30508-m-force-hss-uc-seti-5-prc\/"},"modified":"2026-04-13T21:19:48","modified_gmt":"2026-04-13T18:19:48","slug":"makita-d-30508-makita-d-30508-m-force-hss-uc-seti-5-prc","status":"publish","type":"product","link":"https:\/\/www.makitamarket.com.tr\/site\/urun\/makita-d-30508-makita-d-30508-m-force-hss-uc-seti-5-prc\/","title":{"rendered":"Makita D-30508 MAKITA D &#8211; 30508 M &#8211; FORCE HSS UC SETI 5 PRC"},"content":{"rendered":"<table border=\"1\" cellpadding=\"1\" cellspacing=\"1\" style=\"width: 600px;\">\n<thead>\n<tr>\n<th scope=\"col\">\n\t\t\t\t\u00c7AP (mm)\u00a0\u00a0\u00a0\u00a0\u00a0\u00a0<\/th>\n<th scope=\"col\">\n\t\t\t\tUZUNLUK (mm)\u00a0\u00a0\u00a0\u00a0\u00a0\u00a0\u00a0\u00a0\u00a0\u00a0\u00a0<\/th>\n<th scope=\"col\">\n\t\t\t\t\u00c7ALI\u015eMA UZUNLU\u011eU (mm)<\/th>\n<\/tr>\n<\/thead>\n<tbody>\n<tr>\n<td style=\"text-align: center;\">\n\t\t\t\t4<\/td>\n<td style=\"text-align: center;\">\n\t\t\t\t75<\/td>\n<td style=\"text-align: center;\">\n\t\t\t\t43<\/td>\n<\/tr>\n<tr>\n<td style=\"text-align: center;\">\n\t\t\t\t5<\/td>\n<td style=\"text-align: center;\">\n\t\t\t\t86<\/td>\n<td style=\"text-align: center;\">\n\t\t\t\t52<\/td>\n<\/tr>\n<tr>\n<td style=\"text-align: center;\">\n\t\t\t\t6<\/td>\n<td style=\"text-align: center;\">\n\t\t\t\t93<\/td>\n<td style=\"text-align: center;\">\n\t\t\t\t57<\/td>\n<\/tr>\n<tr>\n<td style=\"text-align: center;\">\n\t\t\t\t8<\/td>\n<td style=\"text-align: center;\">\n\t\t\t\t117<\/td>\n<td style=\"text-align: center;\">\n\t\t\t\t75<\/td>\n<\/tr>\n<tr>\n<td style=\"text-align: center;\">\n\t\t\t\t10<\/td>\n<td style=\"text-align: center;\">\n\t\t\t\t133<\/td>\n<td style=\"text-align: center;\">\n\t\t\t\t87<\/td>\n<\/tr>\n<\/tbody>\n<\/table>\n<table>\n<tr>\n<td>Set \u00d6l\u00e7\u00fcleri<\/td>\n<td>4 x 75 x 43<\/td>\n<\/tr>\n<tr>\n<td>Set \u00d6l\u00e7\u00fcleri<\/td>\n<td>5 x 86 x 52<\/td>\n<\/tr>\n<tr>\n<td>Set \u00d6l\u00e7\u00fcleri<\/td>\n<td>6 x 93 x 57<\/td>\n<\/tr>\n<tr>\n<td>Set \u00d6l\u00e7\u00fcleri<\/td>\n<td>8 x 117 x 75<\/td>\n<\/tr>\n<tr>\n<td>Set \u00d6l\u00e7\u00fcleri<\/td>\n<td>10 x 133 x 87<\/td>\n<\/tr>\n<\/table>\n","protected":false},"excerpt":{"rendered":"<table border=\"1\" cellpadding=\"1\" cellspacing=\"1\" style=\"width: 600px;\">\n<thead>\n<tr>\n<th scope=\"col\">\n\t\t\t\t\u00c7AP (mm)\u00a0\u00a0\u00a0\u00a0\u00a0\u00a0<\/th>\n<th scope=\"col\">\n\t\t\t\tUZUNLUK (mm)\u00a0\u00a0\u00a0\u00a0\u00a0\u00a0\u00a0\u00a0\u00a0\u00a0\u00a0<\/th>\n<th scope=\"col\">\n\t\t\t\t\u00c7ALI\u015eMA UZUNLU\u011eU (mm)<\/th>\n<\/tr>\n<\/thead>\n<tbody>\n<tr>\n<td style=\"text-align: center;\">\n\t\t\t\t4<\/td>\n<td style=\"text-align: center;\">\n\t\t\t\t75<\/td>\n<td style=\"text-align: center;\">\n\t\t\t\t43<\/td>\n<\/tr>\n<tr>\n<td style=\"text-align: center;\">\n\t\t\t\t5<\/td>\n<td style=\"text-align: center;\">\n\t\t\t\t86<\/td>\n<td style=\"text-align: center;\">\n\t\t\t\t52<\/td>\n<\/tr>\n<tr>\n<td style=\"text-align: center;\">\n\t\t\t\t6<\/td>\n<td style=\"text-align: center;\">\n\t\t\t\t93<\/td>\n<td style=\"text-align: center;\">\n\t\t\t\t57<\/td>\n<\/tr>\n<tr>\n<td style=\"text-align: center;\">\n\t\t\t\t8<\/td>\n<td style=\"text-align: center;\">\n\t\t\t\t117<\/td>\n<td style=\"text-align: center;\">\n\t\t\t\t75<\/td>\n<\/tr>\n<tr>\n<td style=\"text-align: center;\">\n\t\t\t\t10<\/td>\n<td style=\"text-align: center;\">\n\t\t\t\t133<\/td>\n<td style=\"text-align: center;\">\n\t\t\t\t87<\/td>\n<\/tr>\n<\/tbody>\n<\/table>\n","protected":false},"featured_media":25489,"comment_status":"open","ping_status":"closed","template":"","meta":{"_acf_changed":false},"product_brand":[1485],"product_cat":[1096],"product_tag":[],"class_list":{"0":"post-25490","1":"product","2":"type-product","3":"status-publish","4":"has-post-thumbnail","6":"product_brand-makita","7":"product_cat-ahsap-matkap-uclari","9":"first","10":"instock","11":"taxable","12":"shipping-taxable","13":"purchasable","14":"product-type-simple","15":"add-to-wishlist-after_add_to_cart"},"acf":[],"_links":{"self":[{"href":"https:\/\/www.makitamarket.com.tr\/site\/wp-json\/wp\/v2\/product\/25490","targetHints":{"allow":["GET"]}}],"collection":[{"href":"https:\/\/www.makitamarket.com.tr\/site\/wp-json\/wp\/v2\/product"}],"about":[{"href":"https:\/\/www.makitamarket.com.tr\/site\/wp-json\/wp\/v2\/types\/product"}],"replies":[{"embeddable":true,"href":"https:\/\/www.makitamarket.com.tr\/site\/wp-json\/wp\/v2\/comments?post=25490"}],"wp:featuredmedia":[{"embeddable":true,"href":"https:\/\/www.makitamarket.com.tr\/site\/wp-json\/wp\/v2\/media\/25489"}],"wp:attachment":[{"href":"https:\/\/www.makitamarket.com.tr\/site\/wp-json\/wp\/v2\/media?parent=25490"}],"wp:term":[{"taxonomy":"product_brand","embeddable":true,"href":"https:\/\/www.makitamarket.com.tr\/site\/wp-json\/wp\/v2\/product_brand?post=25490"},{"taxonomy":"product_cat","embeddable":true,"href":"https:\/\/www.makitamarket.com.tr\/site\/wp-json\/wp\/v2\/product_cat?post=25490"},{"taxonomy":"product_tag","embeddable":true,"href":"https:\/\/www.makitamarket.com.tr\/site\/wp-json\/wp\/v2\/product_tag?post=25490"}],"curies":[{"name":"wp","href":"https:\/\/api.w.org\/{rel}","templated":true}]}}